{"id":3678,"date":"2023-04-18T00:50:01","date_gmt":"2023-04-18T00:50:01","guid":{"rendered":"https:\/\/inkalys.com\/?page_id=3678"},"modified":"2023-04-18T01:07:42","modified_gmt":"2023-04-18T01:07:42","slug":"donaciones","status":"publish","type":"page","link":"https:\/\/inkalys.com\/en\/donaciones\/","title":{"rendered":"Donaciones"},"content":{"rendered":"<div data-elementor-type=\"wp-page\" data-elementor-id=\"3678\" class=\"elementor elementor-3678\" data-elementor-post-type=\"page\">\n\t\t\t\t<div class=\"elementor-element elementor-element-a797dfa e-flex e-con-boxed e-con e-parent\" data-id=\"a797dfa\" data-element_type=\"container\" data-e-type=\"container\">\n\t\t\t\t\t<div class=\"e-con-inner\">\n\t\t\t\t<div class=\"elementor-element elementor-element-b94522e elementor-widget elementor-widget-heading\" data-id=\"b94522e\" data-element_type=\"widget\" data-e-type=\"widget\" data-widget_type=\"heading.default\">\n\t\t\t\t<div class=\"elementor-widget-container\">\n\t\t\t\t\t<h2 class=\"elementor-heading-title elementor-size-default\">Apoya nuestro emprendimiento<\/h2>\t\t\t\t<\/div>\n\t\t\t\t<\/div>\n\t\t\t\t\t<\/div>\n\t\t\t\t<\/div>\n\t\t<div class=\"elementor-element elementor-element-a1faa18 e-flex e-con-boxed e-con e-parent\" data-id=\"a1faa18\" data-element_type=\"container\" data-e-type=\"container\">\n\t\t\t\t\t<div class=\"e-con-inner\">\n\t\t\t\t<div class=\"elementor-element elementor-element-d5b604d elementor-widget elementor-widget-text-editor\" data-id=\"d5b604d\" data-element_type=\"widget\" data-e-type=\"widget\" data-widget_type=\"text-editor.default\">\n\t\t\t\t<div class=\"elementor-widget-container\">\n\t\t\t\t\t\t\t\t\t<p>Inkalys es un emprendimiento independiente que aspira a crecer y extender su rango de operaciones. Nuestra intenci\u00f3n es la creaci\u00f3n de un espacio dedicado a la salud hol\u00edstica, la nutric\u00edon sana y la longevidad. Sus donaci\u00f3nes servir\u00e1n a la creaci\u00f3n de un laboratorio bot\u00e1nico y la construcci\u00f3n de infraestr\u00factura dedicada a las plantas medicinales.<\/p>\t\t\t\t\t\t\t\t<\/div>\n\t\t\t\t<\/div>\n\t\t\t\t\t<\/div>\n\t\t\t\t<\/div>\n\t\t<div class=\"elementor-element elementor-element-ae24d85 e-flex e-con-boxed e-con e-parent\" data-id=\"ae24d85\" data-element_type=\"container\" data-e-type=\"container\">\n\t\t\t\t\t<div class=\"e-con-inner\">\n\t\t\t\t<div class=\"elementor-element elementor-element-a77d33e elementor-widget elementor-widget-global elementor-global-3577 elementor-widget-cryptocurrency-donation-box-widget\" data-id=\"a77d33e\" data-element_type=\"widget\" data-e-type=\"widget\" data-widget_type=\"cryptocurrency-donation-box-widget.default\">\n\t\t\t\t<div class=\"elementor-widget-container\">\n\t\t\t\t\t<div class=\"ccewd-container\" id=\"ccewd-random-1113932650\"><ul class=\"ccewd-tabs\" id=\"ccewd-coin-list\"><li class=\"ccewd-coins current\" id=\"bitcoin\" data-tab=\"bitcoin-tab\"><img decoding=\"async\" src=\"https:\/\/inkalys.com\/wp-content\/plugins\/cryptocurrency-widgets-for-elementor\/\/donation-box\/assets\/logos\/bitcoin.svg\"> Bitcoin<\/li><li class=\"ccewd-coins\" id=\"ethereum\" data-tab=\"ethereum-tab\"><img decoding=\"async\" src=\"https:\/\/inkalys.com\/wp-content\/plugins\/cryptocurrency-widgets-for-elementor\/\/donation-box\/assets\/logos\/ethereum.svg\"> Ethereum<\/li><li class=\"ccewd-coins\" id=\"dogecoin\" data-tab=\"dogecoin-tab\"><img decoding=\"async\" src=\"https:\/\/inkalys.com\/wp-content\/plugins\/cryptocurrency-widgets-for-elementor\/\/donation-box\/assets\/logos\/dogecoin.svg\"> Dogecoin<\/li><li class=\"ccewd-coins\" id=\"binance-coin\" data-tab=\"binance-coin-tab\"><img decoding=\"async\" src=\"https:\/\/inkalys.com\/wp-content\/plugins\/cryptocurrency-widgets-for-elementor\/\/donation-box\/assets\/logos\/binance-coin.svg\"> Binance coin<\/li><li class=\"ccewd-coins\" id=\"tether\" data-tab=\"tether-tab\"><img decoding=\"async\" src=\"https:\/\/inkalys.com\/wp-content\/plugins\/cryptocurrency-widgets-for-elementor\/\/donation-box\/assets\/logos\/tether.svg\"> Tether<\/li><\/ul><div class=\"ccewd-tabs-content current\" id=\"bitcoin-tab\"><div class=\"message\">Please enter wallet address<\/div><\/div><div class=\"ccewd-tabs-content\" id=\"ethereum-tab\"><div class=\"message\">Please enter wallet address<\/div><\/div><div class=\"ccewd-tabs-content\" id=\"dogecoin-tab\"><div class=\"message\">Please enter wallet address<\/div><\/div><div class=\"ccewd-tabs-content\" id=\"binance-coin-tab\"><div class=\"message\">Please enter wallet address<\/div><\/div><div class=\"ccewd-tabs-content\" id=\"tether-tab\"><div class=\"message\">Please enter wallet address<\/div><\/div><\/div>\t\t\t\t<\/div>\n\t\t\t\t<\/div>\n\t\t\t\t\t<\/div>\n\t\t\t\t<\/div>\n\t\t\t\t<\/div>","protected":false},"excerpt":{"rendered":"<p>Apoya nuestro emprendimiento Inkalys es un emprendimiento independiente que aspira a crecer y extender su rango de operaciones. Nuestra intenci\u00f3n es la creaci\u00f3n de un espacio dedicado a la salud hol\u00edstica, la nutric\u00edon sana y la longevidad. Sus donaci\u00f3nes servir\u00e1n a la creaci\u00f3n de un laboratorio bot\u00e1nico y la construcci\u00f3n de infraestr\u00factura dedicada a las [&hellip;]<\/p>","protected":false},"author":3,"featured_media":0,"parent":0,"menu_order":0,"comment_status":"closed","ping_status":"closed","template":"","meta":{"_themeisle_gutenberg_block_has_review":false,"_joinchat":[],"footnotes":""},"class_list":["post-3678","page","type-page","status-publish","hentry"],"_links":{"self":[{"href":"https:\/\/inkalys.com\/en\/wp-json\/wp\/v2\/pages\/3678","targetHints":{"allow":["GET"]}}],"collection":[{"href":"https:\/\/inkalys.com\/en\/wp-json\/wp\/v2\/pages"}],"about":[{"href":"https:\/\/inkalys.com\/en\/wp-json\/wp\/v2\/types\/page"}],"author":[{"embeddable":true,"href":"https:\/\/inkalys.com\/en\/wp-json\/wp\/v2\/users\/3"}],"replies":[{"embeddable":true,"href":"https:\/\/inkalys.com\/en\/wp-json\/wp\/v2\/comments?post=3678"}],"version-history":[{"count":7,"href":"https:\/\/inkalys.com\/en\/wp-json\/wp\/v2\/pages\/3678\/revisions"}],"predecessor-version":[{"id":3687,"href":"https:\/\/inkalys.com\/en\/wp-json\/wp\/v2\/pages\/3678\/revisions\/3687"}],"wp:attachment":[{"href":"https:\/\/inkalys.com\/en\/wp-json\/wp\/v2\/media?parent=3678"}],"curies":[{"name":"wp","href":"https:\/\/api.w.org\/{rel}","templated":true}]}}