{"id":2887,"date":"2022-09-14T23:18:13","date_gmt":"2022-09-14T23:18:13","guid":{"rendered":"https:\/\/inkalys.com\/?page_id=2887"},"modified":"2025-01-04T16:45:41","modified_gmt":"2025-01-04T16:45:41","slug":"asesoria","status":"publish","type":"page","link":"https:\/\/inkalys.com\/en\/asesoria\/","title":{"rendered":"Asesor\u00eda"},"content":{"rendered":"<div data-elementor-type=\"wp-page\" data-elementor-id=\"2887\" class=\"elementor elementor-2887\" data-elementor-post-type=\"page\">\n\t\t\t\t<div class=\"elementor-element elementor-element-e1e83c1 e-flex e-con-boxed e-con e-parent\" data-id=\"e1e83c1\" data-element_type=\"container\" data-e-type=\"container\" data-settings=\"{&quot;background_background&quot;:&quot;classic&quot;}\">\n\t\t\t\t\t<div class=\"e-con-inner\">\n\t\t<div class=\"elementor-element elementor-element-a90054d e-con-full e-flex e-con e-child\" data-id=\"a90054d\" data-element_type=\"container\" data-e-type=\"container\">\n\t\t\t\t<div class=\"elementor-element elementor-element-d01b2d3 elementor-widget elementor-widget-heading\" data-id=\"d01b2d3\" data-element_type=\"widget\" data-e-type=\"widget\" data-widget_type=\"heading.default\">\n\t\t\t\t<div class=\"elementor-widget-container\">\n\t\t\t\t\t<h2 class=\"elementor-heading-title elementor-size-default\">Servicio de laboratorio bot\u00e1nico<\/h2>\t\t\t\t<\/div>\n\t\t\t\t<\/div>\n\t\t\t\t<div class=\"elementor-element elementor-element-95eccbd elementor-widget elementor-widget-text-editor\" data-id=\"95eccbd\" data-element_type=\"widget\" data-e-type=\"widget\" data-widget_type=\"text-editor.default\">\n\t\t\t\t<div class=\"elementor-widget-container\">\n\t\t\t\t\t\t\t\t\t<p style=\"text-align: center;\">Recetas personalizadas y extracciones de plantas. Elaboraci\u00f3n de f\u00f3rmulas magistrales y productos a medida. Acesor\u00eda empresarial para desarollo de productos naturales.<\/p>\t\t\t\t\t\t\t\t<\/div>\n\t\t\t\t<\/div>\n\t\t\t\t<div class=\"elementor-element elementor-element-a7987fc elementor-align-center elementor-widget elementor-widget-button\" data-id=\"a7987fc\" data-element_type=\"widget\" data-e-type=\"widget\" data-widget_type=\"button.default\">\n\t\t\t\t<div class=\"elementor-widget-container\">\n\t\t\t\t\t\t\t\t\t<div class=\"elementor-button-wrapper\">\n\t\t\t\t\t<a class=\"elementor-button elementor-button-link elementor-size-sm elementor-animation-float\" href=\"#\">\n\t\t\t\t\t\t<span class=\"elementor-button-content-wrapper\">\n\t\t\t\t\t\t\t\t\t<span class=\"elementor-button-text\">VER LABORATORIO<\/span>\n\t\t\t\t\t<\/span>\n\t\t\t\t\t<\/a>\n\t\t\t\t<\/div>\n\t\t\t\t\t\t\t\t<\/div>\n\t\t\t\t<\/div>\n\t\t\t\t<\/div>\n\t\t\t\t<div class=\"elementor-element elementor-element-26fd942 elementor-widget elementor-widget-image\" data-id=\"26fd942\" data-element_type=\"widget\" data-e-type=\"widget\" data-widget_type=\"image.default\">\n\t\t\t\t<div class=\"elementor-widget-container\">\n\t\t\t\t\t\t\t\t\t\t\t\t\t\t\t<img fetchpriority=\"high\" decoding=\"async\" width=\"300\" height=\"300\" src=\"https:\/\/inkalys.com\/wp-content\/uploads\/2021\/06\/Phtyo-vs-homeo-300x300.jpg\" class=\"attachment-medium size-medium wp-image-4014\" alt=\"\" srcset=\"https:\/\/inkalys.com\/wp-content\/uploads\/2021\/06\/Phtyo-vs-homeo-300x300.jpg 300w, https:\/\/inkalys.com\/wp-content\/uploads\/2021\/06\/Phtyo-vs-homeo-100x100.jpg 100w, https:\/\/inkalys.com\/wp-content\/uploads\/2021\/06\/Phtyo-vs-homeo-600x600.jpg 600w, https:\/\/inkalys.com\/wp-content\/uploads\/2021\/06\/Phtyo-vs-homeo-150x150.jpg 150w, https:\/\/inkalys.com\/wp-content\/uploads\/2021\/06\/Phtyo-vs-homeo-768x768.jpg 768w, https:\/\/inkalys.com\/wp-content\/uploads\/2021\/06\/Phtyo-vs-homeo-12x12.jpg 12w, https:\/\/inkalys.com\/wp-content\/uploads\/2021\/06\/Phtyo-vs-homeo.jpg 1024w\" sizes=\"(max-width: 300px) 100vw, 300px\" \/>\t\t\t\t\t\t\t\t\t\t\t\t\t\t\t<\/div>\n\t\t\t\t<\/div>\n\t\t\t\t\t<\/div>\n\t\t\t\t<\/div>\n\t\t\t\t<\/div>","protected":false},"excerpt":{"rendered":"<p>Servicio de laboratorio bot\u00e1nico Recetas personalizadas y extracciones de plantas. Elaboraci\u00f3n de f\u00f3rmulas magistrales y productos a medida. Acesor\u00eda empresarial para desarollo de productos naturales. VER LABORATORIO<\/p>","protected":false},"author":3,"featured_media":0,"parent":0,"menu_order":0,"comment_status":"closed","ping_status":"closed","template":"","meta":{"_themeisle_gutenberg_block_has_review":false,"_joinchat":[],"footnotes":""},"class_list":["post-2887","page","type-page","status-publish","hentry"],"_links":{"self":[{"href":"https:\/\/inkalys.com\/en\/wp-json\/wp\/v2\/pages\/2887","targetHints":{"allow":["GET"]}}],"collection":[{"href":"https:\/\/inkalys.com\/en\/wp-json\/wp\/v2\/pages"}],"about":[{"href":"https:\/\/inkalys.com\/en\/wp-json\/wp\/v2\/types\/page"}],"author":[{"embeddable":true,"href":"https:\/\/inkalys.com\/en\/wp-json\/wp\/v2\/users\/3"}],"replies":[{"embeddable":true,"href":"https:\/\/inkalys.com\/en\/wp-json\/wp\/v2\/comments?post=2887"}],"version-history":[{"count":39,"href":"https:\/\/inkalys.com\/en\/wp-json\/wp\/v2\/pages\/2887\/revisions"}],"predecessor-version":[{"id":5453,"href":"https:\/\/inkalys.com\/en\/wp-json\/wp\/v2\/pages\/2887\/revisions\/5453"}],"wp:attachment":[{"href":"https:\/\/inkalys.com\/en\/wp-json\/wp\/v2\/media?parent=2887"}],"curies":[{"name":"wp","href":"https:\/\/api.w.org\/{rel}","templated":true}]}}