{"id":2854,"date":"2022-09-14T21:22:16","date_gmt":"2022-09-14T21:22:16","guid":{"rendered":"https:\/\/inkalys.com\/?page_id=2854"},"modified":"2025-06-10T06:02:15","modified_gmt":"2025-06-10T06:02:15","slug":"carta-astral-relaciones","status":"publish","type":"page","link":"https:\/\/inkalys.com\/en\/carta-astral-relaciones\/","title":{"rendered":"Carta Astral Relaciones"},"content":{"rendered":"<div data-elementor-type=\"wp-page\" data-elementor-id=\"2854\" class=\"elementor elementor-2854\" data-elementor-post-type=\"page\">\n\t\t\t\t\t\t<section class=\"elementor-section elementor-top-section elementor-element elementor-element-bc2d2ca elementor-section-boxed elementor-section-height-default elementor-section-height-default\" data-id=\"bc2d2ca\" data-element_type=\"section\" data-e-type=\"section\">\n\t\t\t\t\t\t<div class=\"elementor-container elementor-column-gap-default\">\n\t\t\t\t\t<div class=\"elementor-column elementor-col-100 elementor-top-column elementor-element elementor-element-7116447d\" data-id=\"7116447d\" data-element_type=\"column\" data-e-type=\"column\">\n\t\t\t<div class=\"elementor-widget-wrap elementor-element-populated\">\n\t\t\t\t\t\t<section class=\"elementor-section elementor-inner-section elementor-element elementor-element-41ebaf71 elementor-section-boxed elementor-section-height-default elementor-section-height-default\" data-id=\"41ebaf71\" data-element_type=\"section\" data-e-type=\"section\">\n\t\t\t\t\t\t<div class=\"elementor-container elementor-column-gap-default\">\n\t\t\t\t\t<div class=\"elementor-column elementor-col-50 elementor-inner-column elementor-element elementor-element-3c8003b8\" data-id=\"3c8003b8\" data-element_type=\"column\" data-e-type=\"column\">\n\t\t\t<div class=\"elementor-widget-wrap elementor-element-populated\">\n\t\t\t\t\t\t<div class=\"elementor-element elementor-element-6af8a40c elementor-widget elementor-widget-image\" data-id=\"6af8a40c\" data-element_type=\"widget\" data-e-type=\"widget\" data-widget_type=\"image.default\">\n\t\t\t\t<div class=\"elementor-widget-container\">\n\t\t\t\t\t\t\t\t\t\t\t\t\t\t\t<img fetchpriority=\"high\" decoding=\"async\" width=\"1366\" height=\"768\" src=\"https:\/\/inkalys.com\/wp-content\/uploads\/2019\/04\/shutterstock_Astrology-resized.jpg\" class=\"attachment-full size-full wp-image-861\" alt=\"\" srcset=\"https:\/\/inkalys.com\/wp-content\/uploads\/2019\/04\/shutterstock_Astrology-resized.jpg 1366w, https:\/\/inkalys.com\/wp-content\/uploads\/2019\/04\/shutterstock_Astrology-resized-600x337.jpg 600w, https:\/\/inkalys.com\/wp-content\/uploads\/2019\/04\/shutterstock_Astrology-resized-300x169.jpg 300w, https:\/\/inkalys.com\/wp-content\/uploads\/2019\/04\/shutterstock_Astrology-resized-1024x576.jpg 1024w, https:\/\/inkalys.com\/wp-content\/uploads\/2019\/04\/shutterstock_Astrology-resized-768x432.jpg 768w\" sizes=\"(max-width: 1366px) 100vw, 1366px\" \/>\t\t\t\t\t\t\t\t\t\t\t\t\t\t\t<\/div>\n\t\t\t\t<\/div>\n\t\t\t\t<div class=\"elementor-element elementor-element-74396a9f elementor-widget elementor-widget-heading\" data-id=\"74396a9f\" data-element_type=\"widget\" data-e-type=\"widget\" data-widget_type=\"heading.default\">\n\t\t\t\t<div class=\"elementor-widget-container\">\n\t\t\t\t\t<h1 class=\"elementor-heading-title elementor-size-default\">Carta astral relaciones (Sinastr\u00eda)<\/h1>\t\t\t\t<\/div>\n\t\t\t\t<\/div>\n\t\t\t\t<div class=\"elementor-element elementor-element-2eae7ee2 elementor-drop-cap-yes elementor-drop-cap-view-default elementor-widget elementor-widget-text-editor\" data-id=\"2eae7ee2\" data-element_type=\"widget\" data-e-type=\"widget\" data-settings=\"{&quot;drop_cap&quot;:&quot;yes&quot;}\" data-widget_type=\"text-editor.default\">\n\t\t\t\t<div class=\"elementor-widget-container\">\n\t\t\t\t\t\t\t\t\t<p>La astrolog\u00eda puede ser una herramienta excelente para tomar consciencia de nuestras din\u00e1micas en relaciones.<\/p><p>En esta lectura analizaremos las cartas natales de dos personas superpuestas la una a la otra (sinastr\u00eda) para lograr as\u00ed tener un comparativo de sus personalidades, viendo los puntos en com\u00fan y retos a superar en cada caso.<\/p><p>Esta lectura est\u00e1 recomendada para cualquier relaci\u00f3n de uno a uno, es decir, no s\u00f3lo para parejas sino tambi\u00e9n para madre\/padre e hija\/o, hermanos, amigos, socios y cualquier relaci\u00f3n importante.<\/p><p>Para relaciones de largo plazo se sugiere la lectura de la Carta Compuesta que vendr\u00eda a ser la fusi\u00f3n de ambas cartas en un punto medio, creando as\u00ed una entidad individual como pareja.<\/p><p>Para esta lectura se sugiere fuertemente que ambas personas est\u00e9n presentes y dispuestas a conocer la perspectiva relacional desde el punto de vista astrol\u00f3gico.<\/p><p>Tomar en cuenta que una sinastr\u00eda no es una terapia ni reemplaza a una consulta psicol\u00f3gica.<\/p><p>\u00a0<\/p>\t\t\t\t\t\t\t\t<\/div>\n\t\t\t\t<\/div>\n\t\t\t\t<div class=\"elementor-element elementor-element-43b1edd4 elementor-widget elementor-widget-heading\" data-id=\"43b1edd4\" data-element_type=\"widget\" data-e-type=\"widget\" data-widget_type=\"heading.default\">\n\t\t\t\t<div class=\"elementor-widget-container\">\n\t\t\t\t\t<h2 class=\"elementor-heading-title elementor-size-default\">Astr\u00f3loga:<\/h2>\t\t\t\t<\/div>\n\t\t\t\t<\/div>\n\t\t\t\t<div class=\"elementor-element elementor-element-7d890847 elementor-widget elementor-widget-bdt-profile-card\" data-id=\"7d890847\" data-element_type=\"widget\" data-e-type=\"widget\" data-widget_type=\"bdt-profile-card.default\">\n\t\t\t\t<div class=\"elementor-widget-container\">\n\t\t\t\t\t\n\t\t<div class=\"bdt-profile-card\">\n            <div class=\"bdt-profile-card-item\">\n\n                <div class=\"bdt-profile-card-header bdt-flex bdt-flex-between\">\n\n                    <div class=\"bdt-profile-card-pro\">\n                \t                    <\/div>\n\t\t\t\t\t\n\t\t\t\t\t\n                <\/div>\n\n                <div class=\"bdt-profile-card-inner bdt-text-left\">\n\t\t\t\t\t\n\t\t\t\t\t                    <div class=\"bdt-profile-card-image\">\n                        <img decoding=\"async\" src=\"https:\/\/inkalys.com\/wp-content\/uploads\/2024\/10\/SyL.jpg\" title=\"SyL\" alt=\"SyL\" loading=\"lazy\" \/>                    <\/div>\n                    \t\t\t\t\t\n                    <div class=\"bdt-profile-card-name-info\">\n\n\t\t\t\t\t\t                        <h3 class=\"bdt-name\">Sylvia Espinoza<\/h3>\n                        \n\t\t\t\t\t\t                        <span class=\"bdt-username\">Lic. en Administraci\u00f3n, Diplomado en terapias alternativas, Astr\u00f3loga y Arbolista<\/span>\n                        \n                    <\/div>\n\n\t\t\t\t\t                    <div class=\"bdt-profile-card-bio\">\n                        <p>Sylvia Espinoza es co-fundadora de Inkalys. Ella se especializa en las terapias alternativas interes\u00e1ndole m\u00e1s el lado esot\u00e9rico y hol\u00edstico del proceso de sanaci\u00f3n de los seres humanos. Sylvia tiene conocimiento en el campo de la astrolog\u00eda, numerolog\u00eda, psicogenealog\u00eda, bioenerg\u00e9tica y otras t\u00e9cnicas originales que apoyan a la evoluci\u00f3n de la conciencia humana.<\/p>                    <\/div>\n                    \n\n\t\t\t\t\t\t\t\t\t\t\n\t\t\t\t\t\n\t\t\t\t\t\n\t\t\n                <\/div>\n\n            <\/div>\n        <\/div>\n\n\t\t\t\t\t\t<\/div>\n\t\t\t\t<\/div>\n\t\t\t\t\t<\/div>\n\t\t<\/div>\n\t\t\t\t<div class=\"elementor-column elementor-col-50 elementor-inner-column elementor-element elementor-element-79df9b4a\" data-id=\"79df9b4a\" data-element_type=\"column\" data-e-type=\"column\">\n\t\t\t<div class=\"elementor-widget-wrap elementor-element-populated\">\n\t\t\t\t\t\t<div class=\"elementor-element elementor-element-4028992 elementor-widget elementor-widget-heading\" data-id=\"4028992\" data-element_type=\"widget\" data-e-type=\"widget\" data-widget_type=\"heading.default\">\n\t\t\t\t<div class=\"elementor-widget-container\">\n\t\t\t\t\t<h4 class=\"elementor-heading-title elementor-size-default\">Information<\/h4>\t\t\t\t<\/div>\n\t\t\t\t<\/div>\n\t\t\t\t<div class=\"elementor-element elementor-element-4939fc1c bdt-content-position--left elementor-widget elementor-widget-bdt-fancy-list\" data-id=\"4939fc1c\" data-element_type=\"widget\" data-e-type=\"widget\" data-widget_type=\"bdt-fancy-list.default\">\n\t\t\t\t<div class=\"elementor-widget-container\">\n\t\t\t\t\t        <div class=\"bdt-fancy-list\">\n            <ul class=\"bdt-list bdt-fancy-list-group\">\n                                    <li>\n                        <div class=\"bdt-fancy-list-wrap\">                        <div class=\"bdt-flex flex-wrap\">\n                                                                                    <div class=\"bdt-fancy-list-content\">\n                                <h4 class=\"bdt-fancy-list-title\">\n                                    Tarifa y duraci\u00f3n:                                <\/h4>\n                                <p class=\"bdt-fancy-list-text\"> US$ 150.00 (2 horas)<\/p>\n                            <\/div>\n                                                    <\/div>\n                                <\/div>\n        <\/li>\n<\/ul>\n<\/div>\n\t\t\t\t<\/div>\n\t\t\t\t<\/div>\n\t\t\t\t<div class=\"elementor-element elementor-element-34bc036c elementor-widget elementor-widget-heading\" data-id=\"34bc036c\" data-element_type=\"widget\" data-e-type=\"widget\" data-widget_type=\"heading.default\">\n\t\t\t\t<div class=\"elementor-widget-container\">\n\t\t\t\t\t<h6 class=\"elementor-heading-title elementor-size-default\">Requisitos:<\/h6>\t\t\t\t<\/div>\n\t\t\t\t<\/div>\n\t\t\t\t<div class=\"elementor-element elementor-element-41838b8d elementor-icon-list--layout-traditional elementor-list-item-link-full_width elementor-widget elementor-widget-icon-list\" data-id=\"41838b8d\" data-element_type=\"widget\" data-e-type=\"widget\" data-widget_type=\"icon-list.default\">\n\t\t\t\t<div class=\"elementor-widget-container\">\n\t\t\t\t\t\t\t<ul class=\"elementor-icon-list-items\">\n\t\t\t\t\t\t\t<li class=\"elementor-icon-list-item\">\n\t\t\t\t\t\t\t\t\t\t<span class=\"elementor-icon-list-text\">Conocer la fecha, lugar y hora exacta de su nacimiento tal como indicado en su partida de nacimiento.<\/span>\n\t\t\t\t\t\t\t\t\t<\/li>\n\t\t\t\t\t\t<\/ul>\n\t\t\t\t\t\t<\/div>\n\t\t\t\t<\/div>\n\t\t\t\t<div class=\"elementor-element elementor-element-4ae79c4a elementor-widget-divider--view-line elementor-widget elementor-widget-divider\" data-id=\"4ae79c4a\" data-element_type=\"widget\" data-e-type=\"widget\" data-widget_type=\"divider.default\">\n\t\t\t\t<div class=\"elementor-widget-container\">\n\t\t\t\t\t\t\t<div class=\"elementor-divider\">\n\t\t\t<span class=\"elementor-divider-separator\">\n\t\t\t\t\t\t<\/span>\n\t\t<\/div>\n\t\t\t\t\t\t<\/div>\n\t\t\t\t<\/div>\n\t\t\t\t<div class=\"elementor-element elementor-element-7acf657b elementor-widget elementor-widget-bdt-tabs\" data-id=\"7acf657b\" data-element_type=\"widget\" data-e-type=\"widget\" data-widget_type=\"bdt-tabs.default\">\n\t\t\t\t<div class=\"elementor-widget-container\">\n\t\t\t\t\t\n\n        <div class=\"bdt-tabs-area\">\n\n            <div id=\"bdt-tabs-7acf657b\" class=\"bdt-tabs  bdt-tabs-default\" data-settings=\"{&quot;id&quot;:&quot;bdt-tabs-7acf657b&quot;,&quot;activeHash&quot;:&quot;no&quot;,&quot;hashTopOffset&quot;:70,&quot;hashScrollspyTime&quot;:1500,&quot;navStickyOffset&quot;:1,&quot;linkWidgetId&quot;:&quot;7acf657b&quot;}\">\n                \n                \n                        <div class=\"bdt-tab-wrapper\">\n            <div >\n                <div class=\"bdt-tab bdt-tab-default\" data-bdt-tab=\"connect: #bdt-tab-content-7acf657b;\" data-bdt-height-match=\"target: &gt; .bdt-tabs-item &gt; .bdt-tabs-item-title; row: false;\">\n                                            <div class=\"bdt-tabs-item bdt-has-no-title\">\n                            <a data-title=\"7acf657b-1\" class=\"bdt-tabs-item-title\" id=\"bdt-tab-7acf657b1\" data-tab-index=\"0\" href=\"#\">\n                                <div class=\"bdt-tab-text-wrapper bdt-flex-column\">\n\n                                    <div class=\"bdt-tab-title-icon-wrapper\">\n\n                                        \n                                        \n                                        \n                                    <\/div>\n\n                                    \n                                <\/div>\n                            <\/a>\n                        <\/div>\n                                    <\/div>\n            <\/div>\n        <\/div>\n\n\n                                    \n        <div class=\"bdt-switcher-wrapper\">\n            <div id=\"bdt-tab-content-7acf657b\" class=\"bdt-switcher bdt-switcher-item-content\">\n                                                        <div class=\"bdt-tab-content-item\" data-content-id=\"\">\n                        <div>\n                            \t\t<div data-elementor-type=\"section\" data-elementor-id=\"1574\" class=\"elementor elementor-1574\" data-elementor-post-type=\"elementor_library\">\n\t\t\t<div class=\"elementor-element elementor-element-6257811 e-flex e-con-boxed e-con e-parent\" data-id=\"6257811\" data-element_type=\"container\" data-e-type=\"container\">\n\t\t\t\t\t<div class=\"e-con-inner\">\n\t\t\t\t<div class=\"elementor-element elementor-element-2a8a9dc elementor-widget elementor-widget-heading\" data-id=\"2a8a9dc\" data-element_type=\"widget\" data-e-type=\"widget\" data-widget_type=\"heading.default\">\n\t\t\t\t<div class=\"elementor-widget-container\">\n\t\t\t\t\t<h6 class=\"elementor-heading-title elementor-size-default\">Share<\/h6>\t\t\t\t<\/div>\n\t\t\t\t<\/div>\n\t\t\t\t<div class=\"elementor-element elementor-element-1489638 bdt-ss-btns-view-icon bdt-ss-btns-shape-circle bdt-ss-btns-style-flat bdt-ss-btns-color-original elementor-widget elementor-widget-bdt-social-share\" data-id=\"1489638\" data-element_type=\"widget\" data-e-type=\"widget\" data-widget_type=\"bdt-social-share.default\">\n\t\t\t\t<div class=\"elementor-widget-container\">\n\t\t\t\t\t\t\t<div class=\"bdt-social-share bdt-ep-grid\">\n\t\t\t\t\t\t\t<div class=\"bdt-social-share-item bdt-ep-grid-item\">\n\t\t\t\t\t<div class=\"bdt-ss-btn bdt-ss-facebook\" data-social=\"facebook\">\n\t\t\t\t\t\t\t\t\t\t\t\t\t<span class=\"bdt-ss-icon\">\n\t\t\t\t\t\t\t\t<i class=\"ep-icon-facebook\"><\/i>\n\t\t\t\t\t\t\t<\/span>\n\t\t\t\t\t\t\t\t\t\t\t\t\t\t\t\t\t<\/div>\n\t\t\t\t<\/div>\n\t\t\t\t\t\t\t\t<div class=\"bdt-social-share-item bdt-ep-grid-item\">\n\t\t\t\t\t<div class=\"bdt-ss-btn bdt-ss-twitter\" data-social=\"twitter\">\n\t\t\t\t\t\t\t\t\t\t\t\t\t<span class=\"bdt-ss-icon\">\n\t\t\t\t\t\t\t\t<i class=\"ep-icon-twitter\"><\/i>\n\t\t\t\t\t\t\t<\/span>\n\t\t\t\t\t\t\t\t\t\t\t\t\t\t\t\t\t<\/div>\n\t\t\t\t<\/div>\n\t\t\t\t\t\t\t\t<div class=\"bdt-social-share-item bdt-ep-grid-item\">\n\t\t\t\t\t<div class=\"bdt-ss-btn bdt-ss-whatsapp\" data-social=\"whatsapp\">\n\t\t\t\t\t\t\t\t\t\t\t\t\t<span class=\"bdt-ss-icon\">\n\t\t\t\t\t\t\t\t<i class=\"ep-icon-whatsapp\"><\/i>\n\t\t\t\t\t\t\t<\/span>\n\t\t\t\t\t\t\t\t\t\t\t\t\t\t\t\t\t<\/div>\n\t\t\t\t<\/div>\n\t\t\t\t\t\t<\/div>\n\n\t\t\n\t\t\t\t\t\t<\/div>\n\t\t\t\t<\/div>\n\t\t\t\t<div class=\"elementor-element elementor-element-448180e elementor-widget-divider--view-line elementor-widget elementor-widget-divider\" data-id=\"448180e\" data-element_type=\"widget\" data-e-type=\"widget\" data-widget_type=\"divider.default\">\n\t\t\t\t<div class=\"elementor-widget-container\">\n\t\t\t\t\t\t\t<div class=\"elementor-divider\">\n\t\t\t<span class=\"elementor-divider-separator\">\n\t\t\t\t\t\t<\/span>\n\t\t<\/div>\n\t\t\t\t\t\t<\/div>\n\t\t\t\t<\/div>\n\t\t\t\t\t<\/div>\n\t\t\t\t<\/div>\n\t\t\t\t<\/div>\n\t\t                        <\/div>\n                    <\/div>\n                            <\/div>\n        <\/div>\n                    \n                                <a href=\"#\" id=\"bottom-anchor-7acf657b\" data-bdt-hidden><\/a>\n            <\/div>\n        <\/div>\n    \t\t\t\t<\/div>\n\t\t\t\t<\/div>\n\t\t\t\t<div class=\"elementor-element elementor-element-26aa7366 elementor-widget elementor-widget-text-editor\" data-id=\"26aa7366\" data-element_type=\"widget\" data-e-type=\"widget\" data-widget_type=\"text-editor.default\">\n\t\t\t\t<div class=\"elementor-widget-container\">\n\t\t\t\t\t\t\t\t\t<p>\u00bfInteresado en este servicio?<\/p>\t\t\t\t\t\t\t\t<\/div>\n\t\t\t\t<\/div>\n\t\t\t\t<div class=\"elementor-element elementor-element-1710b4c elementor-align-center elementor-widget elementor-widget-button\" data-id=\"1710b4c\" data-element_type=\"widget\" data-e-type=\"widget\" data-widget_type=\"button.default\">\n\t\t\t\t<div class=\"elementor-widget-container\">\n\t\t\t\t\t\t\t\t\t<div class=\"elementor-button-wrapper\">\n\t\t\t\t\t<a class=\"elementor-button elementor-button-link elementor-size-sm elementor-animation-float\" href=\"https:\/\/inkalys.com\/en\/contacto\/\">\n\t\t\t\t\t\t<span class=\"elementor-button-content-wrapper\">\n\t\t\t\t\t\t\t\t\t<span class=\"elementor-button-text\">Contact to buy<\/span>\n\t\t\t\t\t<\/span>\n\t\t\t\t\t<\/a>\n\t\t\t\t<\/div>\n\t\t\t\t\t\t\t\t<\/div>\n\t\t\t\t<\/div>\n\t\t\t\t\t<\/div>\n\t\t<\/div>\n\t\t\t\t\t<\/div>\n\t\t<\/section>\n\t\t\t\t\t<\/div>\n\t\t<\/div>\n\t\t\t\t\t<\/div>\n\t\t<\/section>\n\t\t\t\t<\/div>","protected":false},"excerpt":{"rendered":"<p>Carta astral relaciones (Sinastr\u00eda) La astrolog\u00eda puede ser una herramienta excelente para tomar consciencia de nuestras din\u00e1micas en relaciones. En esta lectura analizaremos las cartas natales de dos personas superpuestas la una a la otra (sinastr\u00eda) para lograr as\u00ed tener un comparativo de sus personalidades, viendo los puntos en com\u00fan y retos a superar en [&hellip;]<\/p>","protected":false},"author":3,"featured_media":0,"parent":0,"menu_order":0,"comment_status":"closed","ping_status":"closed","template":"","meta":{"_themeisle_gutenberg_block_has_review":false,"_joinchat":[],"footnotes":""},"class_list":["post-2854","page","type-page","status-publish","hentry"],"_links":{"self":[{"href":"https:\/\/inkalys.com\/en\/wp-json\/wp\/v2\/pages\/2854","targetHints":{"allow":["GET"]}}],"collection":[{"href":"https:\/\/inkalys.com\/en\/wp-json\/wp\/v2\/pages"}],"about":[{"href":"https:\/\/inkalys.com\/en\/wp-json\/wp\/v2\/types\/page"}],"author":[{"embeddable":true,"href":"https:\/\/inkalys.com\/en\/wp-json\/wp\/v2\/users\/3"}],"replies":[{"embeddable":true,"href":"https:\/\/inkalys.com\/en\/wp-json\/wp\/v2\/comments?post=2854"}],"version-history":[{"count":19,"href":"https:\/\/inkalys.com\/en\/wp-json\/wp\/v2\/pages\/2854\/revisions"}],"predecessor-version":[{"id":5769,"href":"https:\/\/inkalys.com\/en\/wp-json\/wp\/v2\/pages\/2854\/revisions\/5769"}],"wp:attachment":[{"href":"https:\/\/inkalys.com\/en\/wp-json\/wp\/v2\/media?parent=2854"}],"curies":[{"name":"wp","href":"https:\/\/api.w.org\/{rel}","templated":true}]}}