{"id":2182,"date":"2022-06-28T14:44:18","date_gmt":"2022-06-28T14:44:18","guid":{"rendered":"https:\/\/www.arcetec.work\/incalys\/?page_id=2182"},"modified":"2024-10-24T04:42:55","modified_gmt":"2024-10-24T04:42:55","slug":"introduccion-a-la-aromaterapia","status":"publish","type":"page","link":"https:\/\/inkalys.com\/en\/introduccion-a-la-aromaterapia\/","title":{"rendered":"Introduction to Aromatherapy"},"content":{"rendered":"<div data-elementor-type=\"wp-page\" data-elementor-id=\"2182\" class=\"elementor elementor-2182\" data-elementor-post-type=\"page\">\n\t\t\t\t\t\t<section class=\"elementor-section elementor-top-section elementor-element elementor-element-285bcb22 elementor-section-boxed elementor-section-height-default elementor-section-height-default\" data-id=\"285bcb22\" data-element_type=\"section\" data-e-type=\"section\">\n\t\t\t\t\t\t<div class=\"elementor-container elementor-column-gap-default\">\n\t\t\t\t\t<div class=\"elementor-column elementor-col-100 elementor-top-column elementor-element elementor-element-e3c408f\" data-id=\"e3c408f\" data-element_type=\"column\" data-e-type=\"column\">\n\t\t\t<div class=\"elementor-widget-wrap elementor-element-populated\">\n\t\t\t\t\t\t<section class=\"elementor-section elementor-inner-section elementor-element elementor-element-130d83ec elementor-section-boxed elementor-section-height-default elementor-section-height-default\" data-id=\"130d83ec\" data-element_type=\"section\" data-e-type=\"section\">\n\t\t\t\t\t\t<div class=\"elementor-container elementor-column-gap-default\">\n\t\t\t\t\t<div class=\"elementor-column elementor-col-50 elementor-inner-column elementor-element elementor-element-2dd5005a\" data-id=\"2dd5005a\" data-element_type=\"column\" data-e-type=\"column\">\n\t\t\t<div class=\"elementor-widget-wrap elementor-element-populated\">\n\t\t\t\t\t\t<div class=\"elementor-element elementor-element-626ffb13 elementor-widget elementor-widget-image\" data-id=\"626ffb13\" data-element_type=\"widget\" data-e-type=\"widget\" data-widget_type=\"image.default\">\n\t\t\t\t<div class=\"elementor-widget-container\">\n\t\t\t\t\t\t\t\t\t\t\t\t\t\t\t<img fetchpriority=\"high\" decoding=\"async\" width=\"800\" height=\"432\" src=\"https:\/\/inkalys.com\/wp-content\/uploads\/2017\/01\/Workshop_introduccion.jpg\" class=\"attachment-full size-full wp-image-370\" alt=\"\" srcset=\"https:\/\/inkalys.com\/wp-content\/uploads\/2017\/01\/Workshop_introduccion.jpg 800w, https:\/\/inkalys.com\/wp-content\/uploads\/2017\/01\/Workshop_introduccion-600x324.jpg 600w, https:\/\/inkalys.com\/wp-content\/uploads\/2017\/01\/Workshop_introduccion-300x162.jpg 300w, https:\/\/inkalys.com\/wp-content\/uploads\/2017\/01\/Workshop_introduccion-768x415.jpg 768w\" sizes=\"(max-width: 800px) 100vw, 800px\" \/>\t\t\t\t\t\t\t\t\t\t\t\t\t\t\t<\/div>\n\t\t\t\t<\/div>\n\t\t\t\t<div class=\"elementor-element elementor-element-7958e719 elementor-widget elementor-widget-heading\" data-id=\"7958e719\" data-element_type=\"widget\" data-e-type=\"widget\" data-widget_type=\"heading.default\">\n\t\t\t\t<div class=\"elementor-widget-container\">\n\t\t\t\t\t<h1 class=\"elementor-heading-title elementor-size-default\">Introduction to Aromatherapy\n<\/h1>\t\t\t\t<\/div>\n\t\t\t\t<\/div>\n\t\t\t\t<div class=\"elementor-element elementor-element-5446753b elementor-drop-cap-yes elementor-drop-cap-view-default elementor-widget elementor-widget-text-editor\" data-id=\"5446753b\" data-element_type=\"widget\" data-e-type=\"widget\" data-settings=\"{&quot;drop_cap&quot;:&quot;yes&quot;}\" data-widget_type=\"text-editor.default\">\n\t\t\t\t<div class=\"elementor-widget-container\">\n\t\t\t\t\t\t\t\t\t<p><span class=\"dropcaps\">E<\/span>n este taller introductorio se realizar\u00e1 una peque\u00f1a visita a la destiler\u00eda donde se explicar\u00e1 el proceso de la destilaci\u00f3n por arrastre de vapor. \u00a0Luego se dictar\u00e1 una clase sobre las bases de la aromaterapia. Tocaremos temas tales como: la historia de la aromaterapia, los diferentes m\u00e9todos de extracci\u00f3n de los aceites esenciales, los criterios de calidad y c\u00f3mo reconocer un buen aceite esencial, las diferentes v\u00edas de aplicaci\u00f3n y formas gal\u00e9nicas, los principales grupos qu\u00edmicos encontrados en los aceites esenciales y sus propiedades terap\u00e9uticas, las contraindicaciones y toxicidad.\u00a0 Al final, tendremos la oportunidad de oler y estudiar una variedad de aceites esenciales conversando sobre sus propiedades y aplicaciones.<\/p><h5>TEMARIO<\/h5><ul><li>\u00bfQu\u00e9 es la aromaterapia? (Historia, origen, aplicaciones presentes y alcances).<\/li><li>Proceso de destilaci\u00f3n y criterios de calidad.<\/li><li>Aromaterapia m\u00e9dica (principios activos, formas gal\u00e9nicas y v\u00edas de administraci\u00f3n).<\/li><li>Aceites esenciales m\u00e1s usados (propiedades y usos).<\/li><li>Aceites vehiculares (definici\u00f3n, usos, diluciones, aceites para masaje).<\/li><li>Mezclas (propiedades sin\u00e9rgicas).<\/li><li>Acci\u00f3n energ\u00e9tica &amp; emocional de los aceites esenciales.<\/li><li>Demostraci\u00f3n pr\u00e1ctica y algunas recetas caseras.<\/li><li>Preguntas y respuestas.<\/li><\/ul><h4>\u00a0<\/h4><h5>INCLUIDO<\/h5><ul><li>Visita guiada de la destiler\u00eda artesanal.<\/li><li>Presentaci\u00f3n en powerpoint: \u2018Introducci\u00f3n a la aromaterapia\u2019.<\/li><li>Visita a la tienda para oler los diferentes aceites esenciales.<\/li><\/ul><p>\u00a0<\/p><p><strong>Duraci\u00f3n:<\/strong> 3 horas (aprox.)<\/p>\t\t\t\t\t\t\t\t<\/div>\n\t\t\t\t<\/div>\n\t\t\t\t\t<\/div>\n\t\t<\/div>\n\t\t\t\t<div class=\"elementor-column elementor-col-50 elementor-inner-column elementor-element elementor-element-76c8fc6c\" data-id=\"76c8fc6c\" data-element_type=\"column\" data-e-type=\"column\">\n\t\t\t<div class=\"elementor-widget-wrap elementor-element-populated\">\n\t\t\t\t\t\t<div class=\"elementor-element elementor-element-3755114d elementor-widget elementor-widget-heading\" data-id=\"3755114d\" data-element_type=\"widget\" data-e-type=\"widget\" data-widget_type=\"heading.default\">\n\t\t\t\t<div class=\"elementor-widget-container\">\n\t\t\t\t\t<h4 class=\"elementor-heading-title elementor-size-default\">Information<\/h4>\t\t\t\t<\/div>\n\t\t\t\t<\/div>\n\t\t\t\t<div class=\"elementor-element elementor-element-308ac37c bdt-content-position--left elementor-widget elementor-widget-bdt-fancy-list\" data-id=\"308ac37c\" data-element_type=\"widget\" data-e-type=\"widget\" data-widget_type=\"bdt-fancy-list.default\">\n\t\t\t\t<div class=\"elementor-widget-container\">\n\t\t\t\t\t        <div class=\"bdt-fancy-list\">\n            <ul class=\"bdt-list bdt-fancy-list-group\">\n                                    <li>\n                        <div class=\"bdt-fancy-list-wrap\">                        <div class=\"bdt-flex flex-wrap\">\n                                                                                    <div class=\"bdt-fancy-list-content\">\n                                <h4 class=\"bdt-fancy-list-title\">\n                                    Fechas &amp; Tarifas:                                 <\/h4>\n                                <p class=\"bdt-fancy-list-text\"> Cont\u00e1ctenos para mayor informaci\u00f3n.<\/p>\n                            <\/div>\n                                                    <\/div>\n                                <\/div>\n        <\/li>\n                    <li>\n                        <div class=\"bdt-fancy-list-wrap\">                        <div class=\"bdt-flex flex-wrap\">\n                                                                                    <div class=\"bdt-fancy-list-content\">\n                                <h4 class=\"bdt-fancy-list-title\">\n                                    Ubicaci\u00f3n:                                <\/h4>\n                                <p class=\"bdt-fancy-list-text\"> Cusco - Valle Sagrado<\/p>\n                            <\/div>\n                                                    <\/div>\n                                <\/div>\n        <\/li>\n<\/ul>\n<\/div>\n\t\t\t\t<\/div>\n\t\t\t\t<\/div>\n\t\t\t\t<div class=\"elementor-element elementor-element-60fea00a elementor-widget-divider--view-line elementor-widget elementor-widget-divider\" data-id=\"60fea00a\" data-element_type=\"widget\" data-e-type=\"widget\" data-widget_type=\"divider.default\">\n\t\t\t\t<div class=\"elementor-widget-container\">\n\t\t\t\t\t\t\t<div class=\"elementor-divider\">\n\t\t\t<span class=\"elementor-divider-separator\">\n\t\t\t\t\t\t<\/span>\n\t\t<\/div>\n\t\t\t\t\t\t<\/div>\n\t\t\t\t<\/div>\n\t\t\t\t<div class=\"elementor-element elementor-element-3574aaba elementor-widget elementor-widget-text-editor\" data-id=\"3574aaba\" data-element_type=\"widget\" data-e-type=\"widget\" data-widget_type=\"text-editor.default\">\n\t\t\t\t<div class=\"elementor-widget-container\">\n\t\t\t\t\t\t\t\t\t<p>Any questions about this product?<\/p>\t\t\t\t\t\t\t\t<\/div>\n\t\t\t\t<\/div>\n\t\t\t\t<div class=\"elementor-element elementor-element-2222dafe elementor-align-center elementor-widget elementor-widget-button\" data-id=\"2222dafe\" data-element_type=\"widget\" data-e-type=\"widget\" data-widget_type=\"button.default\">\n\t\t\t\t<div class=\"elementor-widget-container\">\n\t\t\t\t\t\t\t\t\t<div class=\"elementor-button-wrapper\">\n\t\t\t\t\t<a class=\"elementor-button elementor-button-link elementor-size-sm elementor-animation-float\" href=\"https:\/\/inkalys.com\/en\/contacto\/\">\n\t\t\t\t\t\t<span class=\"elementor-button-content-wrapper\">\n\t\t\t\t\t\t\t\t\t<span class=\"elementor-button-text\">Contact to buy<\/span>\n\t\t\t\t\t<\/span>\n\t\t\t\t\t<\/a>\n\t\t\t\t<\/div>\n\t\t\t\t\t\t\t\t<\/div>\n\t\t\t\t<\/div>\n\t\t\t\t\t<\/div>\n\t\t<\/div>\n\t\t\t\t\t<\/div>\n\t\t<\/section>\n\t\t\t\t\t<\/div>\n\t\t<\/div>\n\t\t\t\t\t<\/div>\n\t\t<\/section>\n\t\t\t\t<\/div>","protected":false},"excerpt":{"rendered":"<p>Introducci\u00f3n a la Aromaterapia En este taller introductorio se realizar\u00e1 una peque\u00f1a visita a la destiler\u00eda donde se explicar\u00e1 el proceso de la destilaci\u00f3n por arrastre de vapor. \u00a0Luego se dictar\u00e1 una clase sobre las bases de la aromaterapia. Tocaremos temas tales como: la historia de la aromaterapia, los diferentes m\u00e9todos de extracci\u00f3n de los [&hellip;]<\/p>","protected":false},"author":1,"featured_media":0,"parent":0,"menu_order":0,"comment_status":"closed","ping_status":"closed","template":"","meta":{"_themeisle_gutenberg_block_has_review":false,"_joinchat":[],"footnotes":""},"class_list":["post-2182","page","type-page","status-publish","hentry"],"_links":{"self":[{"href":"https:\/\/inkalys.com\/en\/wp-json\/wp\/v2\/pages\/2182","targetHints":{"allow":["GET"]}}],"collection":[{"href":"https:\/\/inkalys.com\/en\/wp-json\/wp\/v2\/pages"}],"about":[{"href":"https:\/\/inkalys.com\/en\/wp-json\/wp\/v2\/types\/page"}],"author":[{"embeddable":true,"href":"https:\/\/inkalys.com\/en\/wp-json\/wp\/v2\/users\/1"}],"replies":[{"embeddable":true,"href":"https:\/\/inkalys.com\/en\/wp-json\/wp\/v2\/comments?post=2182"}],"version-history":[{"count":19,"href":"https:\/\/inkalys.com\/en\/wp-json\/wp\/v2\/pages\/2182\/revisions"}],"predecessor-version":[{"id":4795,"href":"https:\/\/inkalys.com\/en\/wp-json\/wp\/v2\/pages\/2182\/revisions\/4795"}],"wp:attachment":[{"href":"https:\/\/inkalys.com\/en\/wp-json\/wp\/v2\/media?parent=2182"}],"curies":[{"name":"wp","href":"https:\/\/api.w.org\/{rel}","templated":true}]}}