{"id":2180,"date":"2022-06-28T14:44:05","date_gmt":"2022-06-28T14:44:05","guid":{"rendered":"https:\/\/www.arcetec.work\/incalys\/?page_id=2180"},"modified":"2024-10-24T04:40:37","modified_gmt":"2024-10-24T04:40:37","slug":"caminata-de-identificacion-de-plantas-medicinales","status":"publish","type":"page","link":"https:\/\/inkalys.com\/en\/caminata-de-identificacion-de-plantas-medicinales\/","title":{"rendered":"Medicinal plants identification walk"},"content":{"rendered":"<div data-elementor-type=\"wp-page\" data-elementor-id=\"2180\" class=\"elementor elementor-2180\" data-elementor-post-type=\"page\">\n\t\t\t\t\t\t<section class=\"elementor-section elementor-top-section elementor-element elementor-element-5230233a elementor-section-boxed elementor-section-height-default elementor-section-height-default\" data-id=\"5230233a\" data-element_type=\"section\" data-e-type=\"section\">\n\t\t\t\t\t\t<div class=\"elementor-container elementor-column-gap-default\">\n\t\t\t\t\t<div class=\"elementor-column elementor-col-100 elementor-top-column elementor-element elementor-element-aaee822\" data-id=\"aaee822\" data-element_type=\"column\" data-e-type=\"column\">\n\t\t\t<div class=\"elementor-widget-wrap elementor-element-populated\">\n\t\t\t\t\t\t<section class=\"elementor-section elementor-inner-section elementor-element elementor-element-4b592aec elementor-section-boxed elementor-section-height-default elementor-section-height-default\" data-id=\"4b592aec\" data-element_type=\"section\" data-e-type=\"section\">\n\t\t\t\t\t\t<div class=\"elementor-container elementor-column-gap-default\">\n\t\t\t\t\t<div class=\"elementor-column elementor-col-50 elementor-inner-column elementor-element elementor-element-7c2861ee\" data-id=\"7c2861ee\" data-element_type=\"column\" data-e-type=\"column\">\n\t\t\t<div class=\"elementor-widget-wrap elementor-element-populated\">\n\t\t\t\t\t\t<div class=\"elementor-element elementor-element-63c039d3 elementor-widget elementor-widget-image\" data-id=\"63c039d3\" data-element_type=\"widget\" data-e-type=\"widget\" data-widget_type=\"image.default\">\n\t\t\t\t<div class=\"elementor-widget-container\">\n\t\t\t\t\t\t\t\t\t\t\t\t\t\t\t<img fetchpriority=\"high\" decoding=\"async\" width=\"1366\" height=\"768\" src=\"https:\/\/inkalys.com\/wp-content\/uploads\/2017\/03\/Collage_caminata-plantas.jpg\" class=\"attachment-full size-full wp-image-733\" alt=\"\" srcset=\"https:\/\/inkalys.com\/wp-content\/uploads\/2017\/03\/Collage_caminata-plantas.jpg 1366w, https:\/\/inkalys.com\/wp-content\/uploads\/2017\/03\/Collage_caminata-plantas-600x337.jpg 600w, https:\/\/inkalys.com\/wp-content\/uploads\/2017\/03\/Collage_caminata-plantas-300x169.jpg 300w, https:\/\/inkalys.com\/wp-content\/uploads\/2017\/03\/Collage_caminata-plantas-1024x576.jpg 1024w, https:\/\/inkalys.com\/wp-content\/uploads\/2017\/03\/Collage_caminata-plantas-768x432.jpg 768w\" sizes=\"(max-width: 1366px) 100vw, 1366px\" \/>\t\t\t\t\t\t\t\t\t\t\t\t\t\t\t<\/div>\n\t\t\t\t<\/div>\n\t\t\t\t<div class=\"elementor-element elementor-element-1ab0afd2 elementor-widget elementor-widget-heading\" data-id=\"1ab0afd2\" data-element_type=\"widget\" data-e-type=\"widget\" data-widget_type=\"heading.default\">\n\t\t\t\t<div class=\"elementor-widget-container\">\n\t\t\t\t\t<h1 class=\"elementor-heading-title elementor-size-default\">Medicinal plants identification walk\n<\/h1>\t\t\t\t<\/div>\n\t\t\t\t<\/div>\n\t\t\t\t<div class=\"elementor-element elementor-element-77910894 elementor-drop-cap-yes elementor-drop-cap-view-default elementor-widget elementor-widget-text-editor\" data-id=\"77910894\" data-element_type=\"widget\" data-e-type=\"widget\" data-settings=\"{&quot;drop_cap&quot;:&quot;yes&quot;}\" data-widget_type=\"text-editor.default\">\n\t\t\t\t<div class=\"elementor-widget-container\">\n\t\t\t\t\t\t\t\t\t<div class=\"row-fluid\"><div class=\"span12\"><p><span class=\"dropcaps\">D<\/span>urante esta caminata, exploraremos la reserva eco-tur\u00edstica privada llamada Llaullipata, que se constituye de aproximadamente 30 hect\u00e1reas de bosques andinos. Durante el trayecto podremos observar e identificar alrededor de 20 a 40 especies de plantas dependiendo de la temporada. \u00a0Se brindar\u00e1 los nombres cient\u00edficos latinos de cada planta y sus nombres comunes en espa\u00f1ol, quechua e ingl\u00e9s seg\u00fan el caso. Conversaremos sobre algunos de los usos ancestrales de las plantas nativas y sus usos modernos. \u00a0En el transcurso de la caminata tendremos la oportunidad de explorar el sitio arqueol\u00f3gico Inca conocido como \u2018Chac\u00e1n\u2019 o \u2018Quespehuara\u2019, ubicado en medio del r\u00edo Saphi. \u00a0Tomaremos un peque\u00f1o descanso disfrutando del sitio antes de regresar a la destiler\u00eda Inkalys para una breve visita a nuestro taller y tienda.<\/p><p><strong>Incluido:<\/strong><\/p><ul><li>Caminata guiada (2 horas aprox.)<\/li><li>Breve visita de la destiler\u00eda y tienda Inkalys<\/li><\/ul><p>\u00a0<\/p><p><strong>Duraci\u00f3n:<\/strong> 3 horas (aprox.)<\/p><\/div><\/div>\t\t\t\t\t\t\t\t<\/div>\n\t\t\t\t<\/div>\n\t\t\t\t\t<\/div>\n\t\t<\/div>\n\t\t\t\t<div class=\"elementor-column elementor-col-50 elementor-inner-column elementor-element elementor-element-5963c555\" data-id=\"5963c555\" data-element_type=\"column\" data-e-type=\"column\">\n\t\t\t<div class=\"elementor-widget-wrap elementor-element-populated\">\n\t\t\t\t\t\t<div class=\"elementor-element elementor-element-7731bb90 elementor-widget elementor-widget-heading\" data-id=\"7731bb90\" data-element_type=\"widget\" data-e-type=\"widget\" data-widget_type=\"heading.default\">\n\t\t\t\t<div class=\"elementor-widget-container\">\n\t\t\t\t\t<h4 class=\"elementor-heading-title elementor-size-default\">Information<\/h4>\t\t\t\t<\/div>\n\t\t\t\t<\/div>\n\t\t\t\t<div class=\"elementor-element elementor-element-19533846 bdt-content-position--left elementor-widget elementor-widget-bdt-fancy-list\" data-id=\"19533846\" data-element_type=\"widget\" data-e-type=\"widget\" data-widget_type=\"bdt-fancy-list.default\">\n\t\t\t\t<div class=\"elementor-widget-container\">\n\t\t\t\t\t        <div class=\"bdt-fancy-list\">\n            <ul class=\"bdt-list bdt-fancy-list-group\">\n                                    <li>\n                        <div class=\"bdt-fancy-list-wrap\">                        <div class=\"bdt-flex flex-wrap\">\n                                                                                    <div class=\"bdt-fancy-list-content\">\n                                <h4 class=\"bdt-fancy-list-title\">\n                                    Fechas &amp; Tarifas:                                 <\/h4>\n                                <p class=\"bdt-fancy-list-text\"> Cont\u00e1ctenos para mayor informaci\u00f3n.<\/p>\n                            <\/div>\n                                                    <\/div>\n                                <\/div>\n        <\/li>\n                    <li>\n                        <div class=\"bdt-fancy-list-wrap\">                        <div class=\"bdt-flex flex-wrap\">\n                                                                                    <div class=\"bdt-fancy-list-content\">\n                                <h4 class=\"bdt-fancy-list-title\">\n                                    Ubicaci\u00f3n:                                <\/h4>\n                                <p class=\"bdt-fancy-list-text\"> Cusco - Llaullipata<\/p>\n                            <\/div>\n                                                    <\/div>\n                                <\/div>\n        <\/li>\n<\/ul>\n<\/div>\n\t\t\t\t<\/div>\n\t\t\t\t<\/div>\n\t\t\t\t<div class=\"elementor-element elementor-element-6ee71207 elementor-widget-divider--view-line elementor-widget elementor-widget-divider\" data-id=\"6ee71207\" data-element_type=\"widget\" data-e-type=\"widget\" data-widget_type=\"divider.default\">\n\t\t\t\t<div class=\"elementor-widget-container\">\n\t\t\t\t\t\t\t<div class=\"elementor-divider\">\n\t\t\t<span class=\"elementor-divider-separator\">\n\t\t\t\t\t\t<\/span>\n\t\t<\/div>\n\t\t\t\t\t\t<\/div>\n\t\t\t\t<\/div>\n\t\t\t\t<div class=\"elementor-element elementor-element-54a89329 elementor-widget elementor-widget-text-editor\" data-id=\"54a89329\" data-element_type=\"widget\" data-e-type=\"widget\" data-widget_type=\"text-editor.default\">\n\t\t\t\t<div class=\"elementor-widget-container\">\n\t\t\t\t\t\t\t\t\t<p>Any questions about this product?<\/p>\t\t\t\t\t\t\t\t<\/div>\n\t\t\t\t<\/div>\n\t\t\t\t<div class=\"elementor-element elementor-element-6e294eb3 elementor-align-center elementor-widget elementor-widget-button\" data-id=\"6e294eb3\" data-element_type=\"widget\" data-e-type=\"widget\" data-widget_type=\"button.default\">\n\t\t\t\t<div class=\"elementor-widget-container\">\n\t\t\t\t\t\t\t\t\t<div class=\"elementor-button-wrapper\">\n\t\t\t\t\t<a class=\"elementor-button elementor-button-link elementor-size-sm elementor-animation-float\" href=\"https:\/\/inkalys.com\/en\/contacto\/\">\n\t\t\t\t\t\t<span class=\"elementor-button-content-wrapper\">\n\t\t\t\t\t\t\t\t\t<span class=\"elementor-button-text\">Contact to buy<\/span>\n\t\t\t\t\t<\/span>\n\t\t\t\t\t<\/a>\n\t\t\t\t<\/div>\n\t\t\t\t\t\t\t\t<\/div>\n\t\t\t\t<\/div>\n\t\t\t\t\t<\/div>\n\t\t<\/div>\n\t\t\t\t\t<\/div>\n\t\t<\/section>\n\t\t\t\t\t<\/div>\n\t\t<\/div>\n\t\t\t\t\t<\/div>\n\t\t<\/section>\n\t\t\t\t<\/div>","protected":false},"excerpt":{"rendered":"<p>Caminata de identificaci\u00f3n de plantas medicinales Durante esta caminata, exploraremos la reserva eco-tur\u00edstica privada llamada Llaullipata, que se constituye de aproximadamente 30 hect\u00e1reas de bosques andinos. Durante el trayecto podremos observar e identificar alrededor de 20 a 40 especies de plantas dependiendo de la temporada. \u00a0Se brindar\u00e1 los nombres cient\u00edficos latinos de cada planta y [&hellip;]<\/p>","protected":false},"author":1,"featured_media":0,"parent":0,"menu_order":0,"comment_status":"closed","ping_status":"closed","template":"","meta":{"_themeisle_gutenberg_block_has_review":false,"_joinchat":[],"footnotes":""},"class_list":["post-2180","page","type-page","status-publish","hentry"],"_links":{"self":[{"href":"https:\/\/inkalys.com\/en\/wp-json\/wp\/v2\/pages\/2180","targetHints":{"allow":["GET"]}}],"collection":[{"href":"https:\/\/inkalys.com\/en\/wp-json\/wp\/v2\/pages"}],"about":[{"href":"https:\/\/inkalys.com\/en\/wp-json\/wp\/v2\/types\/page"}],"author":[{"embeddable":true,"href":"https:\/\/inkalys.com\/en\/wp-json\/wp\/v2\/users\/1"}],"replies":[{"embeddable":true,"href":"https:\/\/inkalys.com\/en\/wp-json\/wp\/v2\/comments?post=2180"}],"version-history":[{"count":25,"href":"https:\/\/inkalys.com\/en\/wp-json\/wp\/v2\/pages\/2180\/revisions"}],"predecessor-version":[{"id":4789,"href":"https:\/\/inkalys.com\/en\/wp-json\/wp\/v2\/pages\/2180\/revisions\/4789"}],"wp:attachment":[{"href":"https:\/\/inkalys.com\/en\/wp-json\/wp\/v2\/media?parent=2180"}],"curies":[{"name":"wp","href":"https:\/\/api.w.org\/{rel}","templated":true}]}}