{"id":2070,"date":"2022-06-24T17:19:20","date_gmt":"2022-06-24T17:19:20","guid":{"rendered":"https:\/\/www.arcetec.work\/incalys\/?page_id=2070"},"modified":"2024-10-24T04:49:48","modified_gmt":"2024-10-24T04:49:48","slug":"mezclas-personalizadas","status":"publish","type":"page","link":"https:\/\/inkalys.com\/en\/mezclas-personalizadas\/","title":{"rendered":"Custom blends"},"content":{"rendered":"<div data-elementor-type=\"wp-page\" data-elementor-id=\"2070\" class=\"elementor elementor-2070\" data-elementor-post-type=\"page\">\n\t\t\t\t\t\t<section class=\"elementor-section elementor-top-section elementor-element elementor-element-41c04f1a elementor-section-boxed elementor-section-height-default elementor-section-height-default\" data-id=\"41c04f1a\" data-element_type=\"section\" data-e-type=\"section\">\n\t\t\t\t\t\t<div class=\"elementor-container elementor-column-gap-default\">\n\t\t\t\t\t<div class=\"elementor-column elementor-col-100 elementor-top-column elementor-element elementor-element-260e18c2\" data-id=\"260e18c2\" data-element_type=\"column\" data-e-type=\"column\">\n\t\t\t<div class=\"elementor-widget-wrap elementor-element-populated\">\n\t\t\t\t\t\t<section class=\"elementor-section elementor-inner-section elementor-element elementor-element-2962122b elementor-section-boxed elementor-section-height-default elementor-section-height-default\" data-id=\"2962122b\" data-element_type=\"section\" data-e-type=\"section\">\n\t\t\t\t\t\t<div class=\"elementor-container elementor-column-gap-default\">\n\t\t\t\t\t<div class=\"elementor-column elementor-col-50 elementor-inner-column elementor-element elementor-element-2902b9e1\" data-id=\"2902b9e1\" data-element_type=\"column\" data-e-type=\"column\">\n\t\t\t<div class=\"elementor-widget-wrap elementor-element-populated\">\n\t\t\t\t\t\t<div class=\"elementor-element elementor-element-4cac4e09 elementor-widget elementor-widget-image\" data-id=\"4cac4e09\" data-element_type=\"widget\" data-e-type=\"widget\" data-widget_type=\"image.default\">\n\t\t\t\t<div class=\"elementor-widget-container\">\n\t\t\t\t\t\t\t\t\t\t\t\t\t\t\t<img fetchpriority=\"high\" decoding=\"async\" width=\"950\" height=\"514\" src=\"https:\/\/inkalys.com\/wp-content\/uploads\/2019\/05\/Mezclas-personalizada.jpg\" class=\"attachment-full size-full wp-image-895\" alt=\"\" srcset=\"https:\/\/inkalys.com\/wp-content\/uploads\/2019\/05\/Mezclas-personalizada.jpg 950w, https:\/\/inkalys.com\/wp-content\/uploads\/2019\/05\/Mezclas-personalizada-600x325.jpg 600w, https:\/\/inkalys.com\/wp-content\/uploads\/2019\/05\/Mezclas-personalizada-300x162.jpg 300w, https:\/\/inkalys.com\/wp-content\/uploads\/2019\/05\/Mezclas-personalizada-768x416.jpg 768w\" sizes=\"(max-width: 950px) 100vw, 950px\" \/>\t\t\t\t\t\t\t\t\t\t\t\t\t\t\t<\/div>\n\t\t\t\t<\/div>\n\t\t\t\t<div class=\"elementor-element elementor-element-498854f4 elementor-widget elementor-widget-heading\" data-id=\"498854f4\" data-element_type=\"widget\" data-e-type=\"widget\" data-widget_type=\"heading.default\">\n\t\t\t\t<div class=\"elementor-widget-container\">\n\t\t\t\t\t<h1 class=\"elementor-heading-title elementor-size-default\">Custom blends<\/h1>\t\t\t\t<\/div>\n\t\t\t\t<\/div>\n\t\t\t\t<div class=\"elementor-element elementor-element-5f369c74 elementor-drop-cap-yes elementor-drop-cap-view-default elementor-widget elementor-widget-text-editor\" data-id=\"5f369c74\" data-element_type=\"widget\" data-e-type=\"widget\" data-settings=\"{&quot;drop_cap&quot;:&quot;yes&quot;}\" data-widget_type=\"text-editor.default\">\n\t\t\t\t<div class=\"elementor-widget-container\">\n\t\t\t\t\t\t\t\t\t<div class=\"article-content\"><div class=\"span12\"><p>Cada persona es distinta y los aceites esenciales nos permiten infinitas posibilidades de combinaciones. Dise\u00f1amos mezclas de acuerdo a sus necesidades tomando en cuenta su condici\u00f3n f\u00edsica y an\u00edmica. Dependiendo de la intenci\u00f3n detr\u00e1s de la creaci\u00f3n de la mezcla, una consulta previa puede ser requerida.<\/p><p>Ofrecemos tambi\u00e9n mezclas personalizadas para empresas que buscan la innovaci\u00f3n o que desean integrar la aromaterapia en su concepto, ya sea para mejorar la experiencia de sus clientes o el ambiente de sus trabajadores.<\/p><\/div><\/div>\t\t\t\t\t\t\t\t<\/div>\n\t\t\t\t<\/div>\n\t\t\t\t\t<\/div>\n\t\t<\/div>\n\t\t\t\t<div class=\"elementor-column elementor-col-50 elementor-inner-column elementor-element elementor-element-75fca5b1\" data-id=\"75fca5b1\" data-element_type=\"column\" data-e-type=\"column\">\n\t\t\t<div class=\"elementor-widget-wrap elementor-element-populated\">\n\t\t\t\t\t\t<div class=\"elementor-element elementor-element-c35ab94 elementor-widget elementor-widget-heading\" data-id=\"c35ab94\" data-element_type=\"widget\" data-e-type=\"widget\" data-widget_type=\"heading.default\">\n\t\t\t\t<div class=\"elementor-widget-container\">\n\t\t\t\t\t<h4 class=\"elementor-heading-title elementor-size-default\">Information<\/h4>\t\t\t\t<\/div>\n\t\t\t\t<\/div>\n\t\t\t\t<div class=\"elementor-element elementor-element-5e008832 bdt-content-position--left elementor-widget elementor-widget-bdt-fancy-list\" data-id=\"5e008832\" data-element_type=\"widget\" data-e-type=\"widget\" data-widget_type=\"bdt-fancy-list.default\">\n\t\t\t\t<div class=\"elementor-widget-container\">\n\t\t\t\t\t        <div class=\"bdt-fancy-list\">\n            <ul class=\"bdt-list bdt-fancy-list-group\">\n                                    <li>\n                        <div class=\"bdt-fancy-list-wrap\">                        <div class=\"bdt-flex flex-wrap\">\n                                                                                    <div class=\"bdt-fancy-list-content\">\n                                <h4 class=\"bdt-fancy-list-title\">\n                                    Tarifas y disponibilidad:                                <\/h4>\n                                <p class=\"bdt-fancy-list-text\"> Cont\u00e1ctenos para mayor informaci\u00f3n.<\/p>\n                            <\/div>\n                                                    <\/div>\n                                <\/div>\n        <\/li>\n<\/ul>\n<\/div>\n\t\t\t\t<\/div>\n\t\t\t\t<\/div>\n\t\t\t\t<div class=\"elementor-element elementor-element-da4566 elementor-widget-divider--view-line elementor-widget elementor-widget-divider\" data-id=\"da4566\" data-element_type=\"widget\" data-e-type=\"widget\" data-widget_type=\"divider.default\">\n\t\t\t\t<div class=\"elementor-widget-container\">\n\t\t\t\t\t\t\t<div class=\"elementor-divider\">\n\t\t\t<span class=\"elementor-divider-separator\">\n\t\t\t\t\t\t<\/span>\n\t\t<\/div>\n\t\t\t\t\t\t<\/div>\n\t\t\t\t<\/div>\n\t\t\t\t<div class=\"elementor-element elementor-element-6e8a8b68 elementor-widget elementor-widget-text-editor\" data-id=\"6e8a8b68\" data-element_type=\"widget\" data-e-type=\"widget\" data-widget_type=\"text-editor.default\">\n\t\t\t\t<div class=\"elementor-widget-container\">\n\t\t\t\t\t\t\t\t\t<p>Any questions about this product?<\/p>\t\t\t\t\t\t\t\t<\/div>\n\t\t\t\t<\/div>\n\t\t\t\t<div class=\"elementor-element elementor-element-218c0502 elementor-align-center elementor-widget elementor-widget-button\" data-id=\"218c0502\" data-element_type=\"widget\" data-e-type=\"widget\" data-widget_type=\"button.default\">\n\t\t\t\t<div class=\"elementor-widget-container\">\n\t\t\t\t\t\t\t\t\t<div class=\"elementor-button-wrapper\">\n\t\t\t\t\t<a class=\"elementor-button elementor-button-link elementor-size-sm elementor-animation-float\" href=\"https:\/\/inkalys.com\/en\/contacto\/\">\n\t\t\t\t\t\t<span class=\"elementor-button-content-wrapper\">\n\t\t\t\t\t\t\t\t\t<span class=\"elementor-button-text\">Contact to buy<\/span>\n\t\t\t\t\t<\/span>\n\t\t\t\t\t<\/a>\n\t\t\t\t<\/div>\n\t\t\t\t\t\t\t\t<\/div>\n\t\t\t\t<\/div>\n\t\t\t\t\t<\/div>\n\t\t<\/div>\n\t\t\t\t\t<\/div>\n\t\t<\/section>\n\t\t\t\t\t<\/div>\n\t\t<\/div>\n\t\t\t\t\t<\/div>\n\t\t<\/section>\n\t\t\t\t<\/div>","protected":false},"excerpt":{"rendered":"<p>Mezclas personalizadas Cada persona es distinta y los aceites esenciales nos permiten infinitas posibilidades de combinaciones. Dise\u00f1amos mezclas de acuerdo a sus necesidades tomando en cuenta su condici\u00f3n f\u00edsica y an\u00edmica. Dependiendo de la intenci\u00f3n detr\u00e1s de la creaci\u00f3n de la mezcla, una consulta previa puede ser requerida. Ofrecemos tambi\u00e9n mezclas personalizadas para empresas que [&hellip;]<\/p>","protected":false},"author":1,"featured_media":0,"parent":0,"menu_order":0,"comment_status":"closed","ping_status":"closed","template":"","meta":{"_themeisle_gutenberg_block_has_review":false,"_joinchat":[],"footnotes":""},"class_list":["post-2070","page","type-page","status-publish","hentry"],"_links":{"self":[{"href":"https:\/\/inkalys.com\/en\/wp-json\/wp\/v2\/pages\/2070","targetHints":{"allow":["GET"]}}],"collection":[{"href":"https:\/\/inkalys.com\/en\/wp-json\/wp\/v2\/pages"}],"about":[{"href":"https:\/\/inkalys.com\/en\/wp-json\/wp\/v2\/types\/page"}],"author":[{"embeddable":true,"href":"https:\/\/inkalys.com\/en\/wp-json\/wp\/v2\/users\/1"}],"replies":[{"embeddable":true,"href":"https:\/\/inkalys.com\/en\/wp-json\/wp\/v2\/comments?post=2070"}],"version-history":[{"count":13,"href":"https:\/\/inkalys.com\/en\/wp-json\/wp\/v2\/pages\/2070\/revisions"}],"predecessor-version":[{"id":4807,"href":"https:\/\/inkalys.com\/en\/wp-json\/wp\/v2\/pages\/2070\/revisions\/4807"}],"wp:attachment":[{"href":"https:\/\/inkalys.com\/en\/wp-json\/wp\/v2\/media?parent=2070"}],"curies":[{"name":"wp","href":"https:\/\/api.w.org\/{rel}","templated":true}]}}