{"id":2068,"date":"2022-06-24T17:19:01","date_gmt":"2022-06-24T17:19:01","guid":{"rendered":"https:\/\/www.arcetec.work\/incalys\/?page_id=2068"},"modified":"2025-06-10T07:41:16","modified_gmt":"2025-06-10T07:41:16","slug":"lectura-de-carta-astral","status":"publish","type":"page","link":"https:\/\/inkalys.com\/en\/lectura-de-carta-astral\/","title":{"rendered":"Astral chart reading"},"content":{"rendered":"<div data-elementor-type=\"wp-page\" data-elementor-id=\"2068\" class=\"elementor elementor-2068\" data-elementor-post-type=\"page\">\n\t\t\t\t\t\t<section class=\"elementor-section elementor-top-section elementor-element elementor-element-34467750 elementor-section-boxed elementor-section-height-default elementor-section-height-default\" data-id=\"34467750\" data-element_type=\"section\" data-e-type=\"section\">\n\t\t\t\t\t\t<div class=\"elementor-container elementor-column-gap-default\">\n\t\t\t\t\t<div class=\"elementor-column elementor-col-100 elementor-top-column elementor-element elementor-element-1207f9e1\" data-id=\"1207f9e1\" data-element_type=\"column\" data-e-type=\"column\">\n\t\t\t<div class=\"elementor-widget-wrap elementor-element-populated\">\n\t\t\t\t\t\t<section class=\"elementor-section elementor-inner-section elementor-element elementor-element-502ae00e elementor-section-boxed elementor-section-height-default elementor-section-height-default\" data-id=\"502ae00e\" data-element_type=\"section\" data-e-type=\"section\">\n\t\t\t\t\t\t<div class=\"elementor-container elementor-column-gap-default\">\n\t\t\t\t\t<div class=\"elementor-column elementor-col-50 elementor-inner-column elementor-element elementor-element-67efce6b\" data-id=\"67efce6b\" data-element_type=\"column\" data-e-type=\"column\">\n\t\t\t<div class=\"elementor-widget-wrap elementor-element-populated\">\n\t\t\t\t\t\t<div class=\"elementor-element elementor-element-e8ef0d1 elementor-widget elementor-widget-image\" data-id=\"e8ef0d1\" data-element_type=\"widget\" data-e-type=\"widget\" data-widget_type=\"image.default\">\n\t\t\t\t<div class=\"elementor-widget-container\">\n\t\t\t\t\t\t\t\t\t\t\t\t\t\t\t<img fetchpriority=\"high\" decoding=\"async\" width=\"1366\" height=\"768\" src=\"https:\/\/inkalys.com\/wp-content\/uploads\/2019\/04\/shutterstock_Astrology-resized.jpg\" class=\"attachment-full size-full wp-image-861\" alt=\"\" srcset=\"https:\/\/inkalys.com\/wp-content\/uploads\/2019\/04\/shutterstock_Astrology-resized.jpg 1366w, https:\/\/inkalys.com\/wp-content\/uploads\/2019\/04\/shutterstock_Astrology-resized-600x337.jpg 600w, https:\/\/inkalys.com\/wp-content\/uploads\/2019\/04\/shutterstock_Astrology-resized-300x169.jpg 300w, https:\/\/inkalys.com\/wp-content\/uploads\/2019\/04\/shutterstock_Astrology-resized-1024x576.jpg 1024w, https:\/\/inkalys.com\/wp-content\/uploads\/2019\/04\/shutterstock_Astrology-resized-768x432.jpg 768w\" sizes=\"(max-width: 1366px) 100vw, 1366px\" \/>\t\t\t\t\t\t\t\t\t\t\t\t\t\t\t<\/div>\n\t\t\t\t<\/div>\n\t\t\t\t<div class=\"elementor-element elementor-element-a6d0434 elementor-widget elementor-widget-heading\" data-id=\"a6d0434\" data-element_type=\"widget\" data-e-type=\"widget\" data-widget_type=\"heading.default\">\n\t\t\t\t<div class=\"elementor-widget-container\">\n\t\t\t\t\t<h1 class=\"elementor-heading-title elementor-size-default\">Lectura de carta natal<\/h1>\t\t\t\t<\/div>\n\t\t\t\t<\/div>\n\t\t\t\t<div class=\"elementor-element elementor-element-047e9be elementor-drop-cap-yes elementor-drop-cap-view-default elementor-widget elementor-widget-text-editor\" data-id=\"047e9be\" data-element_type=\"widget\" data-e-type=\"widget\" data-settings=\"{&quot;drop_cap&quot;:&quot;yes&quot;}\" data-widget_type=\"text-editor.default\">\n\t\t\t\t<div class=\"elementor-widget-container\">\n\t\t\t\t\t\t\t\t\t<p>La interpretaci\u00f3n de la carta natal desde la perspectiva de la astrolog\u00eda psicol\u00f3gica es una herramienta de autoconocimiento muy eficaz para identificar ciertos patrones en nuestra personalidad. Un mejor entendimiento de nuestra carta natal nos da una nueva perspectiva sobre nuestras tendencias que repercuten negativamente en nuestra vida y nos permite reforzar las cualidades necesarias para un mejor equilibrio personal.\u00a0<\/p><p>Cada sesi\u00f3n est\u00e1 dise\u00f1ada con un enfoque psicol\u00f3gico y evolutivo, para ayudarte a comprender tus procesos, tus v\u00ednculos y los ciclos que est\u00e1s atravesando, desde una mirada consciente y transformadora.<\/p>\t\t\t\t\t\t\t\t<\/div>\n\t\t\t\t<\/div>\n\t\t\t\t<div class=\"elementor-element elementor-element-d111fc1 elementor-widget elementor-widget-heading\" data-id=\"d111fc1\" data-element_type=\"widget\" data-e-type=\"widget\" data-widget_type=\"heading.default\">\n\t\t\t\t<div class=\"elementor-widget-container\">\n\t\t\t\t\t<h2 class=\"elementor-heading-title elementor-size-default\">Astr\u00f3loga:<\/h2>\t\t\t\t<\/div>\n\t\t\t\t<\/div>\n\t\t\t\t<div class=\"elementor-element elementor-element-616d8a9 elementor-widget elementor-widget-bdt-profile-card\" data-id=\"616d8a9\" data-element_type=\"widget\" data-e-type=\"widget\" data-widget_type=\"bdt-profile-card.default\">\n\t\t\t\t<div class=\"elementor-widget-container\">\n\t\t\t\t\t\n\t\t<div class=\"bdt-profile-card\">\n            <div class=\"bdt-profile-card-item\">\n\n                <div class=\"bdt-profile-card-header bdt-flex bdt-flex-between\">\n\n                    <div class=\"bdt-profile-card-pro\">\n                \t                    <\/div>\n\t\t\t\t\t\n\t\t\t\t\t\n                <\/div>\n\n                <div class=\"bdt-profile-card-inner bdt-text-left\">\n\t\t\t\t\t\n\t\t\t\t\t                    <div class=\"bdt-profile-card-image\">\n                        <img decoding=\"async\" src=\"https:\/\/inkalys.com\/wp-content\/uploads\/2024\/10\/SyL.jpg\" title=\"SyL\" alt=\"SyL\" loading=\"lazy\" \/>                    <\/div>\n                    \t\t\t\t\t\n                    <div class=\"bdt-profile-card-name-info\">\n\n\t\t\t\t\t\t                        <h3 class=\"bdt-name\">Sylvia Espinoza<\/h3>\n                        \n\t\t\t\t\t\t                        <span class=\"bdt-username\">Lic. en Administraci\u00f3n U. de Lima, Diplomado en terapias alternativas, Astr\u00f3loga, Tarotista, Operadora PMT y estudiante de Alquimia<\/span>\n                        \n                    <\/div>\n\n\t\t\t\t\t                    <div class=\"bdt-profile-card-bio\">\n                        <p>En mis lecturas, utilizo un enfoque psicol\u00f3gico y evolutivo, no predictivo, ayudando a las personas a reconocer sus recursos internos y momentos clave de transformaci\u00f3n, con el fin de alinear sus acciones con su crecimiento personal.<\/p>                    <\/div>\n                    \n\n\t\t\t\t\t\t\t\t\t\t\n\t\t\t\t\t\n\t\t\t\t\t\n\t\t\n                <\/div>\n\n            <\/div>\n        <\/div>\n\n\t\t\t\t\t\t<\/div>\n\t\t\t\t<\/div>\n\t\t\t\t\t<\/div>\n\t\t<\/div>\n\t\t\t\t<div class=\"elementor-column elementor-col-50 elementor-inner-column elementor-element elementor-element-310100ee\" data-id=\"310100ee\" data-element_type=\"column\" data-e-type=\"column\">\n\t\t\t<div class=\"elementor-widget-wrap elementor-element-populated\">\n\t\t\t\t\t\t<div class=\"elementor-element elementor-element-21e26fb5 elementor-widget elementor-widget-heading\" data-id=\"21e26fb5\" data-element_type=\"widget\" data-e-type=\"widget\" data-widget_type=\"heading.default\">\n\t\t\t\t<div class=\"elementor-widget-container\">\n\t\t\t\t\t<h4 class=\"elementor-heading-title elementor-size-default\">Information<\/h4>\t\t\t\t<\/div>\n\t\t\t\t<\/div>\n\t\t\t\t<div class=\"elementor-element elementor-element-19e0b76 elementor-widget elementor-widget-heading\" data-id=\"19e0b76\" data-element_type=\"widget\" data-e-type=\"widget\" data-widget_type=\"heading.default\">\n\t\t\t\t<div class=\"elementor-widget-container\">\n\t\t\t\t\t<h6 class=\"elementor-heading-title elementor-size-default\">Requisitos:<\/h6>\t\t\t\t<\/div>\n\t\t\t\t<\/div>\n\t\t\t\t<div class=\"elementor-element elementor-element-1b06ebc9 bdt-content-position--left elementor-widget elementor-widget-bdt-fancy-list\" data-id=\"1b06ebc9\" data-element_type=\"widget\" data-e-type=\"widget\" data-widget_type=\"bdt-fancy-list.default\">\n\t\t\t\t<div class=\"elementor-widget-container\">\n\t\t\t\t\t        <div class=\"bdt-fancy-list\">\n            <ul class=\"bdt-list bdt-fancy-list-group\">\n                                    <li>\n                        <div class=\"bdt-fancy-list-wrap\">                        <div class=\"bdt-flex flex-wrap\">\n                                                                                    <div class=\"bdt-fancy-list-content\">\n                                <h4 class=\"bdt-fancy-list-title\">\n                                    Tarifa y duraci\u00f3n:                                <\/h4>\n                                <p class=\"bdt-fancy-list-text\"> US$ 100.00 (1 hora)<\/p>\n                            <\/div>\n                                                    <\/div>\n                                <\/div>\n        <\/li>\n<\/ul>\n<\/div>\n\t\t\t\t<\/div>\n\t\t\t\t<\/div>\n\t\t\t\t<div class=\"elementor-element elementor-element-6b92cb3 elementor-icon-list--layout-traditional elementor-list-item-link-full_width elementor-widget elementor-widget-icon-list\" data-id=\"6b92cb3\" data-element_type=\"widget\" data-e-type=\"widget\" data-widget_type=\"icon-list.default\">\n\t\t\t\t<div class=\"elementor-widget-container\">\n\t\t\t\t\t\t\t<ul class=\"elementor-icon-list-items\">\n\t\t\t\t\t\t\t<li class=\"elementor-icon-list-item\">\n\t\t\t\t\t\t\t\t\t\t<span class=\"elementor-icon-list-text\">Conocer la fecha, lugar y hora exacta de su nacimiento tal como lo indicado en su partida.<\/span>\n\t\t\t\t\t\t\t\t\t<\/li>\n\t\t\t\t\t\t<\/ul>\n\t\t\t\t\t\t<\/div>\n\t\t\t\t<\/div>\n\t\t\t\t<div class=\"elementor-element elementor-element-3a1d3056 elementor-widget-divider--view-line elementor-widget elementor-widget-divider\" data-id=\"3a1d3056\" data-element_type=\"widget\" data-e-type=\"widget\" data-widget_type=\"divider.default\">\n\t\t\t\t<div class=\"elementor-widget-container\">\n\t\t\t\t\t\t\t<div class=\"elementor-divider\">\n\t\t\t<span class=\"elementor-divider-separator\">\n\t\t\t\t\t\t<\/span>\n\t\t<\/div>\n\t\t\t\t\t\t<\/div>\n\t\t\t\t<\/div>\n\t\t\t\t<div class=\"elementor-element elementor-element-ed564c9 elementor-widget elementor-widget-bdt-tabs\" data-id=\"ed564c9\" data-element_type=\"widget\" data-e-type=\"widget\" data-widget_type=\"bdt-tabs.default\">\n\t\t\t\t<div class=\"elementor-widget-container\">\n\t\t\t\t\t\n\n        <div class=\"bdt-tabs-area\">\n\n            <div id=\"bdt-tabs-ed564c9\" class=\"bdt-tabs  bdt-tabs-default\" data-settings=\"{&quot;id&quot;:&quot;bdt-tabs-ed564c9&quot;,&quot;activeHash&quot;:&quot;no&quot;,&quot;hashTopOffset&quot;:70,&quot;hashScrollspyTime&quot;:1500,&quot;navStickyOffset&quot;:1,&quot;linkWidgetId&quot;:&quot;ed564c9&quot;}\">\n                \n                \n                        <div class=\"bdt-tab-wrapper\">\n            <div >\n                <div class=\"bdt-tab bdt-tab-default\" data-bdt-tab=\"connect: #bdt-tab-content-ed564c9;\" data-bdt-height-match=\"target: &gt; .bdt-tabs-item &gt; .bdt-tabs-item-title; row: false;\">\n                                            <div class=\"bdt-tabs-item bdt-has-no-title\">\n                            <a data-title=\"ed564c9-1\" class=\"bdt-tabs-item-title\" id=\"bdt-tab-ed564c91\" data-tab-index=\"0\" href=\"#\">\n                                <div class=\"bdt-tab-text-wrapper bdt-flex-column\">\n\n                                    <div class=\"bdt-tab-title-icon-wrapper\">\n\n                                        \n                                        \n                                        \n                                    <\/div>\n\n                                    \n                                <\/div>\n                            <\/a>\n                        <\/div>\n                                    <\/div>\n            <\/div>\n        <\/div>\n\n\n                                    \n        <div class=\"bdt-switcher-wrapper\">\n            <div id=\"bdt-tab-content-ed564c9\" class=\"bdt-switcher bdt-switcher-item-content\">\n                                                        <div class=\"bdt-tab-content-item\" data-content-id=\"\">\n                        <div>\n                            \t\t<div data-elementor-type=\"section\" data-elementor-id=\"1574\" class=\"elementor elementor-1574\" data-elementor-post-type=\"elementor_library\">\n\t\t\t<div class=\"elementor-element elementor-element-6257811 e-flex e-con-boxed e-con e-parent\" data-id=\"6257811\" data-element_type=\"container\" data-e-type=\"container\">\n\t\t\t\t\t<div class=\"e-con-inner\">\n\t\t\t\t<div class=\"elementor-element elementor-element-2a8a9dc elementor-widget elementor-widget-heading\" data-id=\"2a8a9dc\" data-element_type=\"widget\" data-e-type=\"widget\" data-widget_type=\"heading.default\">\n\t\t\t\t<div class=\"elementor-widget-container\">\n\t\t\t\t\t<h6 class=\"elementor-heading-title elementor-size-default\">Share<\/h6>\t\t\t\t<\/div>\n\t\t\t\t<\/div>\n\t\t\t\t<div class=\"elementor-element elementor-element-1489638 bdt-ss-btns-view-icon bdt-ss-btns-shape-circle bdt-ss-btns-style-flat bdt-ss-btns-color-original elementor-widget elementor-widget-bdt-social-share\" data-id=\"1489638\" data-element_type=\"widget\" data-e-type=\"widget\" data-widget_type=\"bdt-social-share.default\">\n\t\t\t\t<div class=\"elementor-widget-container\">\n\t\t\t\t\t\t\t<div class=\"bdt-social-share bdt-ep-grid\">\n\t\t\t\t\t\t\t<div class=\"bdt-social-share-item bdt-ep-grid-item\">\n\t\t\t\t\t<div class=\"bdt-ss-btn bdt-ss-facebook\" data-social=\"facebook\">\n\t\t\t\t\t\t\t\t\t\t\t\t\t<span class=\"bdt-ss-icon\">\n\t\t\t\t\t\t\t\t<i class=\"ep-icon-facebook\"><\/i>\n\t\t\t\t\t\t\t<\/span>\n\t\t\t\t\t\t\t\t\t\t\t\t\t\t\t\t\t<\/div>\n\t\t\t\t<\/div>\n\t\t\t\t\t\t\t\t<div class=\"bdt-social-share-item bdt-ep-grid-item\">\n\t\t\t\t\t<div class=\"bdt-ss-btn bdt-ss-twitter\" data-social=\"twitter\">\n\t\t\t\t\t\t\t\t\t\t\t\t\t<span class=\"bdt-ss-icon\">\n\t\t\t\t\t\t\t\t<i class=\"ep-icon-twitter\"><\/i>\n\t\t\t\t\t\t\t<\/span>\n\t\t\t\t\t\t\t\t\t\t\t\t\t\t\t\t\t<\/div>\n\t\t\t\t<\/div>\n\t\t\t\t\t\t\t\t<div class=\"bdt-social-share-item bdt-ep-grid-item\">\n\t\t\t\t\t<div class=\"bdt-ss-btn bdt-ss-whatsapp\" data-social=\"whatsapp\">\n\t\t\t\t\t\t\t\t\t\t\t\t\t<span class=\"bdt-ss-icon\">\n\t\t\t\t\t\t\t\t<i class=\"ep-icon-whatsapp\"><\/i>\n\t\t\t\t\t\t\t<\/span>\n\t\t\t\t\t\t\t\t\t\t\t\t\t\t\t\t\t<\/div>\n\t\t\t\t<\/div>\n\t\t\t\t\t\t<\/div>\n\n\t\t\n\t\t\t\t\t\t<\/div>\n\t\t\t\t<\/div>\n\t\t\t\t<div class=\"elementor-element elementor-element-448180e elementor-widget-divider--view-line elementor-widget elementor-widget-divider\" data-id=\"448180e\" data-element_type=\"widget\" data-e-type=\"widget\" data-widget_type=\"divider.default\">\n\t\t\t\t<div class=\"elementor-widget-container\">\n\t\t\t\t\t\t\t<div class=\"elementor-divider\">\n\t\t\t<span class=\"elementor-divider-separator\">\n\t\t\t\t\t\t<\/span>\n\t\t<\/div>\n\t\t\t\t\t\t<\/div>\n\t\t\t\t<\/div>\n\t\t\t\t\t<\/div>\n\t\t\t\t<\/div>\n\t\t\t\t<\/div>\n\t\t                        <\/div>\n                    <\/div>\n                            <\/div>\n        <\/div>\n                    \n                                <a href=\"#\" id=\"bottom-anchor-ed564c9\" data-bdt-hidden><\/a>\n            <\/div>\n        <\/div>\n    \t\t\t\t<\/div>\n\t\t\t\t<\/div>\n\t\t\t\t<div class=\"elementor-element elementor-element-2709d0ca elementor-widget elementor-widget-text-editor\" data-id=\"2709d0ca\" data-element_type=\"widget\" data-e-type=\"widget\" data-widget_type=\"text-editor.default\">\n\t\t\t\t<div class=\"elementor-widget-container\">\n\t\t\t\t\t\t\t\t\t<p>\u00bfInteresado en este servicio?<\/p>\t\t\t\t\t\t\t\t<\/div>\n\t\t\t\t<\/div>\n\t\t\t\t<div class=\"elementor-element elementor-element-3d61cff1 elementor-align-center elementor-widget elementor-widget-button\" data-id=\"3d61cff1\" data-element_type=\"widget\" data-e-type=\"widget\" data-widget_type=\"button.default\">\n\t\t\t\t<div class=\"elementor-widget-container\">\n\t\t\t\t\t\t\t\t\t<div class=\"elementor-button-wrapper\">\n\t\t\t\t\t<a class=\"elementor-button elementor-button-link elementor-size-sm elementor-animation-float\" href=\"https:\/\/inkalys.com\/en\/contacto\/\">\n\t\t\t\t\t\t<span class=\"elementor-button-content-wrapper\">\n\t\t\t\t\t\t\t\t\t<span class=\"elementor-button-text\">Contact to buy<\/span>\n\t\t\t\t\t<\/span>\n\t\t\t\t\t<\/a>\n\t\t\t\t<\/div>\n\t\t\t\t\t\t\t\t<\/div>\n\t\t\t\t<\/div>\n\t\t\t\t\t<\/div>\n\t\t<\/div>\n\t\t\t\t\t<\/div>\n\t\t<\/section>\n\t\t\t\t\t<\/div>\n\t\t<\/div>\n\t\t\t\t\t<\/div>\n\t\t<\/section>\n\t\t\t\t<\/div>","protected":false},"excerpt":{"rendered":"<p>Lectura de carta natal La interpretaci\u00f3n de la carta natal desde la perspectiva de la astrolog\u00eda psicol\u00f3gica es una herramienta de autoconocimiento muy eficaz para identificar ciertos patrones en nuestra personalidad. Un mejor entendimiento de nuestra carta natal nos da una nueva perspectiva sobre nuestras tendencias que repercuten negativamente en nuestra vida y nos permite [&hellip;]<\/p>","protected":false},"author":1,"featured_media":0,"parent":0,"menu_order":0,"comment_status":"closed","ping_status":"closed","template":"","meta":{"_themeisle_gutenberg_block_has_review":false,"_joinchat":[],"footnotes":""},"class_list":["post-2068","page","type-page","status-publish","hentry"],"_links":{"self":[{"href":"https:\/\/inkalys.com\/en\/wp-json\/wp\/v2\/pages\/2068","targetHints":{"allow":["GET"]}}],"collection":[{"href":"https:\/\/inkalys.com\/en\/wp-json\/wp\/v2\/pages"}],"about":[{"href":"https:\/\/inkalys.com\/en\/wp-json\/wp\/v2\/types\/page"}],"author":[{"embeddable":true,"href":"https:\/\/inkalys.com\/en\/wp-json\/wp\/v2\/users\/1"}],"replies":[{"embeddable":true,"href":"https:\/\/inkalys.com\/en\/wp-json\/wp\/v2\/comments?post=2068"}],"version-history":[{"count":49,"href":"https:\/\/inkalys.com\/en\/wp-json\/wp\/v2\/pages\/2068\/revisions"}],"predecessor-version":[{"id":5781,"href":"https:\/\/inkalys.com\/en\/wp-json\/wp\/v2\/pages\/2068\/revisions\/5781"}],"wp:attachment":[{"href":"https:\/\/inkalys.com\/en\/wp-json\/wp\/v2\/media?parent=2068"}],"curies":[{"name":"wp","href":"https:\/\/api.w.org\/{rel}","templated":true}]}}