{"id":1559,"date":"2022-06-23T16:46:34","date_gmt":"2022-06-23T16:46:34","guid":{"rendered":"https:\/\/www.arcetec.work\/incalys\/?page_id=1559"},"modified":"2022-07-07T16:31:09","modified_gmt":"2022-07-07T16:31:09","slug":"cremas-balsamos","status":"publish","type":"page","link":"https:\/\/inkalys.com\/en\/cremas-balsamos\/","title":{"rendered":"Creams &amp; Balms"},"content":{"rendered":"<div data-elementor-type=\"wp-page\" data-elementor-id=\"1559\" class=\"elementor elementor-1559\" data-elementor-post-type=\"page\">\n\t\t\t\t\t\t<section class=\"elementor-section elementor-top-section elementor-element elementor-element-721c4447 elementor-section-boxed elementor-section-height-default elementor-section-height-default\" data-id=\"721c4447\" data-element_type=\"section\" data-e-type=\"section\" data-settings=\"{&quot;background_background&quot;:&quot;gradient&quot;}\">\n\t\t\t\t\t\t<div class=\"elementor-container elementor-column-gap-default\">\n\t\t\t\t\t<div class=\"elementor-column elementor-col-100 elementor-top-column elementor-element elementor-element-5bfe004b\" data-id=\"5bfe004b\" data-element_type=\"column\" data-e-type=\"column\">\n\t\t\t<div class=\"elementor-widget-wrap elementor-element-populated\">\n\t\t\t\t\t\t<div class=\"elementor-element elementor-element-2ebd0317 elementor-widget elementor-widget-heading\" data-id=\"2ebd0317\" data-element_type=\"widget\" data-e-type=\"widget\" data-widget_type=\"heading.default\">\n\t\t\t\t<div class=\"elementor-widget-container\">\n\t\t\t\t\t<h2 class=\"elementor-heading-title elementor-size-default\">Cremas &amp; b\u00e1lsamos<\/h2>\t\t\t\t<\/div>\n\t\t\t\t<\/div>\n\t\t\t\t<div class=\"elementor-element elementor-element-5e540018 elementor-widget elementor-widget-text-editor\" data-id=\"5e540018\" data-element_type=\"widget\" data-e-type=\"widget\" data-widget_type=\"text-editor.default\">\n\t\t\t\t<div class=\"elementor-widget-container\">\n\t\t\t\t\t\t\t\t\t<p>Texto<\/p>\t\t\t\t\t\t\t\t<\/div>\n\t\t\t\t<\/div>\n\t\t\t\t\t<\/div>\n\t\t<\/div>\n\t\t\t\t\t<\/div>\n\t\t<\/section>\n\t\t<div class=\"elementor-element elementor-element-32c590a2 e-flex e-con-boxed e-con e-parent\" data-id=\"32c590a2\" data-element_type=\"container\" data-e-type=\"container\">\n\t\t\t\t\t<div class=\"e-con-inner\">\n\t\t\t\t<div class=\"elementor-element elementor-element-50ea0bd8 bdt-custom-gallery-skin-fedara-style-center elementor-widget elementor-widget-bdt-portfolio-gallery\" data-id=\"50ea0bd8\" data-element_type=\"widget\" data-e-type=\"widget\" data-settings=\"{&quot;columns&quot;:&quot;4&quot;,&quot;columns_tablet&quot;:&quot;3&quot;,&quot;columns_mobile&quot;:&quot;2&quot;}\" data-widget_type=\"bdt-portfolio-gallery.default\">\n\t\t\t\t<div class=\"elementor-widget-container\">\n\t\t\t\t\t\t\t<div class=\"bdt-portfolio-gallery-wrapper\" data-settings=\"{&quot;id&quot;:&quot;#bdt-portfolio-gallery50ea0bd8&quot;,&quot;tiltShow&quot;:false}\">\n\n\t\t\t\t\t\t<div id=\"bdt-portfolio-gallery50ea0bd8\" class=\"bdt-portfolio-gallery bdt-ep-grid-filter-container skin-default bdt-grid bdt-grid-medium bdt-child-width-1-2 bdt-child-width-1-3@s bdt-child-width-1-4@m\" data-bdt-grid=\"\">\n\n\t\t\t\t\t<div >\n\t\t\t<div class=\"bdt-gallery-item bdt-transition-toggle\">\n\t\t\t\t<div class=\"bdt-portfolio-inner\">\n\t\t\t\t\t<div class=\"bdt-portfolio-content-inner\">\n\t\t\t\t\t\t<div class=\"bdt-gallery-thumbnail\"><img fetchpriority=\"high\" decoding=\"async\" width=\"1366\" height=\"768\" src=\"https:\/\/inkalys.com\/wp-content\/uploads\/2017\/02\/AV-Almendra_Collage.jpg\" class=\"attachment-full size-full\" alt=\"Aceite de almendra\" srcset=\"https:\/\/inkalys.com\/wp-content\/uploads\/2017\/02\/AV-Almendra_Collage.jpg 1366w, https:\/\/inkalys.com\/wp-content\/uploads\/2017\/02\/AV-Almendra_Collage-600x337.jpg 600w, https:\/\/inkalys.com\/wp-content\/uploads\/2017\/02\/AV-Almendra_Collage-300x169.jpg 300w, https:\/\/inkalys.com\/wp-content\/uploads\/2017\/02\/AV-Almendra_Collage-1024x576.jpg 1024w, https:\/\/inkalys.com\/wp-content\/uploads\/2017\/02\/AV-Almendra_Collage-768x432.jpg 768w\" sizes=\"(max-width: 1366px) 100vw, 1366px\" \/><\/div>\t\t<div class=\"bdt-position-center\">\n\t\t\t<div class=\"bdt-portfolio-content\">\n\t\t\t\t<div class=\"bdt-gallery-content-inner\">\n\t\t\t\t\t\t\t\t\t\t\t<div class=\"bdt-flex-inline bdt-gallery-item-link-wrapper\">\n\t\t\t\t\t\t\t\n\t\t\t\t\t\t\t\t\t\t\t\t\t\t\t\t\t\t\t\t\t\t\t<a class=\"bdt-gallery-item-link bdt-link-icon\" href=\"https:\/\/inkalys.com\/en\/portfolio-item\/aceite-de-almendra\/\" >\n\t\t\t\t\t\t\t\t\t\t\t\t\t\t\t\t\t\t\t<i class=\"ep-icon-link\" aria-hidden=\"true\"><\/i>\n\t\t\t\t\t\t\t\t\t\t\t\t\t\t\t\t\t<\/a>\n\t\t\t\t\t\t\t\t\t\t\t\t\t<\/div>\n\t\t\t\t\t\t\t\t\t<\/div>\n\t\t\t<\/div>\n\t\t<\/div>\n\t\t\t\t\t\t<\/div>\n\t\t\t\t\t\t\t<div class=\"bdt-portfolio-desc\">\n\t\t\t\t\t<a href=\"https:\/\/inkalys.com\/en\/portfolio-item\/aceite-de-almendra\/\" >\n\t\t\t<h4 class=\"bdt-gallery-item-title bdt-margin-remove\">\n\t\t\t\tAceite de almendra\t\t\t<\/h4>\n\t\t<\/a>\n\t\t\t<\/div>\n\t\t\t\t\t\t\t\t\t\t<\/div>\n\t\t\t<\/div>\n\t\t<\/div>\n\t\t<div >\n\t\t\t<div class=\"bdt-gallery-item bdt-transition-toggle\">\n\t\t\t\t<div class=\"bdt-portfolio-inner\">\n\t\t\t\t\t<div class=\"bdt-portfolio-content-inner\">\n\t\t\t\t\t\t<div class=\"bdt-gallery-thumbnail\"><img decoding=\"async\" width=\"250\" height=\"250\" src=\"https:\/\/inkalys.com\/wp-content\/uploads\/2017\/02\/Crema-anti-inflamatoria_Pinterest.jpg\" class=\"attachment-full size-full\" alt=\"Crema antiinflamatoria\" srcset=\"https:\/\/inkalys.com\/wp-content\/uploads\/2017\/02\/Crema-anti-inflamatoria_Pinterest.jpg 250w, https:\/\/inkalys.com\/wp-content\/uploads\/2017\/02\/Crema-anti-inflamatoria_Pinterest-100x100.jpg 100w, https:\/\/inkalys.com\/wp-content\/uploads\/2017\/02\/Crema-anti-inflamatoria_Pinterest-150x150.jpg 150w\" sizes=\"(max-width: 250px) 100vw, 250px\" \/><\/div>\t\t<div class=\"bdt-position-center\">\n\t\t\t<div class=\"bdt-portfolio-content\">\n\t\t\t\t<div class=\"bdt-gallery-content-inner\">\n\t\t\t\t\t\t\t\t\t\t\t<div class=\"bdt-flex-inline bdt-gallery-item-link-wrapper\">\n\t\t\t\t\t\t\t\n\t\t\t\t\t\t\t\t\t\t\t\t\t\t\t\t\t\t\t\t\t\t\t<a class=\"bdt-gallery-item-link bdt-link-icon\" href=\"https:\/\/inkalys.com\/en\/portfolio-item\/crema-antiinflamatoria\/\" >\n\t\t\t\t\t\t\t\t\t\t\t\t\t\t\t\t\t\t\t<i class=\"ep-icon-link\" aria-hidden=\"true\"><\/i>\n\t\t\t\t\t\t\t\t\t\t\t\t\t\t\t\t\t<\/a>\n\t\t\t\t\t\t\t\t\t\t\t\t\t<\/div>\n\t\t\t\t\t\t\t\t\t<\/div>\n\t\t\t<\/div>\n\t\t<\/div>\n\t\t\t\t\t\t<\/div>\n\t\t\t\t\t\t\t<div class=\"bdt-portfolio-desc\">\n\t\t\t\t\t<a href=\"https:\/\/inkalys.com\/en\/portfolio-item\/crema-antiinflamatoria\/\" >\n\t\t\t<h4 class=\"bdt-gallery-item-title bdt-margin-remove\">\n\t\t\t\tAnti-inflammatory cream\t\t\t<\/h4>\n\t\t<\/a>\n\t\t\t<\/div>\n\t\t\t\t\t\t\t\t\t\t<\/div>\n\t\t\t<\/div>\n\t\t<\/div>\n\n\t\t\t<\/div>\n\t\t<\/div>\n\t\t\t\t\t<\/div>\n\t\t\t\t<\/div>\n\t\t\t\t\t<\/div>\n\t\t\t\t<\/div>\n\t\t\t\t<\/div>","protected":false},"excerpt":{"rendered":"<p>Cremas &#038; b\u00e1lsamos Texto Crema antiinflamatoria Crema Anti-acn\u00e9 B\u00e1lsamo regenerador<\/p>","protected":false},"author":1,"featured_media":0,"parent":0,"menu_order":0,"comment_status":"closed","ping_status":"closed","template":"","meta":{"_themeisle_gutenberg_block_has_review":false,"_joinchat":[],"footnotes":""},"class_list":["post-1559","page","type-page","status-publish","hentry"],"_links":{"self":[{"href":"https:\/\/inkalys.com\/en\/wp-json\/wp\/v2\/pages\/1559","targetHints":{"allow":["GET"]}}],"collection":[{"href":"https:\/\/inkalys.com\/en\/wp-json\/wp\/v2\/pages"}],"about":[{"href":"https:\/\/inkalys.com\/en\/wp-json\/wp\/v2\/types\/page"}],"author":[{"embeddable":true,"href":"https:\/\/inkalys.com\/en\/wp-json\/wp\/v2\/users\/1"}],"replies":[{"embeddable":true,"href":"https:\/\/inkalys.com\/en\/wp-json\/wp\/v2\/comments?post=1559"}],"version-history":[{"count":7,"href":"https:\/\/inkalys.com\/en\/wp-json\/wp\/v2\/pages\/1559\/revisions"}],"predecessor-version":[{"id":2412,"href":"https:\/\/inkalys.com\/en\/wp-json\/wp\/v2\/pages\/1559\/revisions\/2412"}],"wp:attachment":[{"href":"https:\/\/inkalys.com\/en\/wp-json\/wp\/v2\/media?parent=1559"}],"curies":[{"name":"wp","href":"https:\/\/api.w.org\/{rel}","templated":true}]}}