{"id":1557,"date":"2022-06-23T16:43:35","date_gmt":"2022-06-23T16:43:35","guid":{"rendered":"https:\/\/www.arcetec.work\/incalys\/?page_id=1557"},"modified":"2024-12-30T04:33:37","modified_gmt":"2024-12-30T04:33:37","slug":"astrologia","status":"publish","type":"page","link":"https:\/\/inkalys.com\/en\/astrologia\/","title":{"rendered":"Astrology"},"content":{"rendered":"<div data-elementor-type=\"wp-page\" data-elementor-id=\"1557\" class=\"elementor elementor-1557\" data-elementor-post-type=\"page\">\n\t\t\t\t\t\t<section class=\"elementor-section elementor-top-section elementor-element elementor-element-67fa7a4a elementor-section-boxed elementor-section-height-default elementor-section-height-default\" data-id=\"67fa7a4a\" data-element_type=\"section\" data-e-type=\"section\">\n\t\t\t\t\t\t<div class=\"elementor-container elementor-column-gap-default\">\n\t\t\t\t\t<div class=\"elementor-column elementor-col-25 elementor-top-column elementor-element elementor-element-59719b14\" data-id=\"59719b14\" data-element_type=\"column\" data-e-type=\"column\">\n\t\t\t<div class=\"elementor-widget-wrap elementor-element-populated\">\n\t\t\t\t\t\t<div class=\"elementor-element elementor-element-7ac4f52 bdt-title-link-yes bdt-global-link-yes elementor-invisible elementor-widget elementor-widget-bdt-interactive-card\" data-id=\"7ac4f52\" data-element_type=\"widget\" data-e-type=\"widget\" data-settings=\"{&quot;_animation&quot;:&quot;fadeInLeft&quot;}\" data-widget_type=\"bdt-interactive-card.default\">\n\t\t\t\t<div class=\"elementor-widget-container\">\n\t\t\t\t\t        <div class=\"bdt-interactive-card bdt-interactive-card-default\" onclick=\"window.open(&#039;https:\/\/inkalys.com\/lectura-de-carta-astral\/&#039;, &#039;_self&#039;)\">\n\n            <div class=\"bdt-grid bdt-grid-collapse bdt-card-effect-top\">\n\n                <div class=\"bdt-width-1-1\">\n                            <div class=\"bdt-position-relative\">\n                                        <div class=\"bdt-image-hover-effect bdt-interactive-card-image\">\n                <div class=\"bdt-position-relative bdt-image-mask\">\n                    <img fetchpriority=\"high\" decoding=\"async\" width=\"1366\" height=\"768\" src=\"https:\/\/inkalys.com\/wp-content\/uploads\/2019\/04\/shutterstock_Astrology-resized.jpg\" class=\"attachment-full size-full\" alt=\"Lectura de carta natal\" srcset=\"https:\/\/inkalys.com\/wp-content\/uploads\/2019\/04\/shutterstock_Astrology-resized.jpg 1366w, https:\/\/inkalys.com\/wp-content\/uploads\/2019\/04\/shutterstock_Astrology-resized-600x337.jpg 600w, https:\/\/inkalys.com\/wp-content\/uploads\/2019\/04\/shutterstock_Astrology-resized-300x169.jpg 300w, https:\/\/inkalys.com\/wp-content\/uploads\/2019\/04\/shutterstock_Astrology-resized-1024x576.jpg 1024w, https:\/\/inkalys.com\/wp-content\/uploads\/2019\/04\/shutterstock_Astrology-resized-768x432.jpg 768w\" sizes=\"(max-width: 1366px) 100vw, 1366px\" \/>                <\/div>\n            <\/div>\n                    <\/div>\n                        <\/div>\n\n                <div class=\"bdt-width-1-1\">\n                    <div class=\"bdt-interactive-card-content\">\n                                            <div class=\"bdt-interactive-card-sub-title\">\n                            <\/div>\n        \n                    <h5 class=\"bdt-interactive-card-title\" onclick=\"window.open(&#039;https:\/\/inkalys.com\/lectura-de-carta-astral\/&#039;, &#039;_self&#039;)\">\n            <span >\n                Lectura de carta natal            <\/span>\n            <\/h5>\n        \n                    <div class=\"bdt-interactive-card-text\">\n                <p>Lectura e interpretaci\u00f3n de la energ\u00eda de los luminarios y planetas personales incluyendo los principales aspectos.<\/p>            <\/div>\n        \n                                    <\/div>\n                <\/div>\n\n            <\/div>\n\n        <\/div>\n\n        \t\t\t\t<\/div>\n\t\t\t\t<\/div>\n\t\t\t\t\t<\/div>\n\t\t<\/div>\n\t\t\t\t<div class=\"elementor-column elementor-col-25 elementor-top-column elementor-element elementor-element-2a5ebf3a\" data-id=\"2a5ebf3a\" data-element_type=\"column\" data-e-type=\"column\">\n\t\t\t<div class=\"elementor-widget-wrap elementor-element-populated\">\n\t\t\t\t\t\t<div class=\"elementor-element elementor-element-4e214d8f bdt-title-link-yes bdt-global-link-yes elementor-invisible elementor-widget elementor-widget-bdt-interactive-card\" data-id=\"4e214d8f\" data-element_type=\"widget\" data-e-type=\"widget\" data-settings=\"{&quot;_animation&quot;:&quot;fadeInLeft&quot;}\" data-widget_type=\"bdt-interactive-card.default\">\n\t\t\t\t<div class=\"elementor-widget-container\">\n\t\t\t\t\t        <div class=\"bdt-interactive-card bdt-interactive-card-default\" onclick=\"window.open(&#039;https:\/\/inkalys.com\/lectura-de-carta-astral-profesion-y-vocacion\/&#039;, &#039;_self&#039;)\">\n\n            <div class=\"bdt-grid bdt-grid-collapse bdt-card-effect-top\">\n\n                <div class=\"bdt-width-1-1\">\n                            <div class=\"bdt-position-relative\">\n                                        <div class=\"bdt-image-hover-effect bdt-interactive-card-image\">\n                <div class=\"bdt-position-relative bdt-image-mask\">\n                    <img decoding=\"async\" width=\"1366\" height=\"768\" src=\"https:\/\/inkalys.com\/wp-content\/uploads\/2019\/04\/shutterstock_Astrology-resized.jpg\" class=\"attachment-full size-full\" alt=\"Profesi\u00f3n y vocaci\u00f3n\" srcset=\"https:\/\/inkalys.com\/wp-content\/uploads\/2019\/04\/shutterstock_Astrology-resized.jpg 1366w, https:\/\/inkalys.com\/wp-content\/uploads\/2019\/04\/shutterstock_Astrology-resized-600x337.jpg 600w, https:\/\/inkalys.com\/wp-content\/uploads\/2019\/04\/shutterstock_Astrology-resized-300x169.jpg 300w, https:\/\/inkalys.com\/wp-content\/uploads\/2019\/04\/shutterstock_Astrology-resized-1024x576.jpg 1024w, https:\/\/inkalys.com\/wp-content\/uploads\/2019\/04\/shutterstock_Astrology-resized-768x432.jpg 768w\" sizes=\"(max-width: 1366px) 100vw, 1366px\" \/>                <\/div>\n            <\/div>\n                    <\/div>\n                        <\/div>\n\n                <div class=\"bdt-width-1-1\">\n                    <div class=\"bdt-interactive-card-content\">\n                                            <div class=\"bdt-interactive-card-sub-title\">\n                            <\/div>\n        \n                    <h5 class=\"bdt-interactive-card-title\" onclick=\"window.open(&#039;https:\/\/inkalys.com\/lectura-de-carta-astral-profesion-y-vocacion\/&#039;, &#039;_self&#039;)\">\n            <span >\n                Profesi\u00f3n y vocaci\u00f3n            <\/span>\n            <\/h5>\n        \n                    <div class=\"bdt-interactive-card-text\">\n                <p>Enfocada a definir la direcci\u00f3n de vida.<\/p>            <\/div>\n        \n                                    <\/div>\n                <\/div>\n\n            <\/div>\n\n        <\/div>\n\n        \t\t\t\t<\/div>\n\t\t\t\t<\/div>\n\t\t\t\t\t<\/div>\n\t\t<\/div>\n\t\t\t\t<div class=\"elementor-column elementor-col-25 elementor-top-column elementor-element elementor-element-573ff82a\" data-id=\"573ff82a\" data-element_type=\"column\" data-e-type=\"column\">\n\t\t\t<div class=\"elementor-widget-wrap elementor-element-populated\">\n\t\t\t\t\t\t<div class=\"elementor-element elementor-element-0a3dfa2 bdt-title-link-yes bdt-global-link-yes elementor-invisible elementor-widget elementor-widget-bdt-interactive-card\" data-id=\"0a3dfa2\" data-element_type=\"widget\" data-e-type=\"widget\" data-settings=\"{&quot;_animation&quot;:&quot;fadeInLeft&quot;}\" data-widget_type=\"bdt-interactive-card.default\">\n\t\t\t\t<div class=\"elementor-widget-container\">\n\t\t\t\t\t        <div class=\"bdt-interactive-card bdt-interactive-card-default\" onclick=\"window.open(&#039;https:\/\/inkalys.com\/carta-astral-para-padres\/&#039;, &#039;_self&#039;)\">\n\n            <div class=\"bdt-grid bdt-grid-collapse bdt-card-effect-top\">\n\n                <div class=\"bdt-width-1-1\">\n                            <div class=\"bdt-position-relative\">\n                                        <div class=\"bdt-image-hover-effect bdt-interactive-card-image\">\n                <div class=\"bdt-position-relative bdt-image-mask\">\n                    <img decoding=\"async\" width=\"1366\" height=\"768\" src=\"https:\/\/inkalys.com\/wp-content\/uploads\/2019\/04\/shutterstock_Astrology-resized.jpg\" class=\"attachment-full size-full\" alt=\"Carta astral para padres\" srcset=\"https:\/\/inkalys.com\/wp-content\/uploads\/2019\/04\/shutterstock_Astrology-resized.jpg 1366w, https:\/\/inkalys.com\/wp-content\/uploads\/2019\/04\/shutterstock_Astrology-resized-600x337.jpg 600w, https:\/\/inkalys.com\/wp-content\/uploads\/2019\/04\/shutterstock_Astrology-resized-300x169.jpg 300w, https:\/\/inkalys.com\/wp-content\/uploads\/2019\/04\/shutterstock_Astrology-resized-1024x576.jpg 1024w, https:\/\/inkalys.com\/wp-content\/uploads\/2019\/04\/shutterstock_Astrology-resized-768x432.jpg 768w\" sizes=\"(max-width: 1366px) 100vw, 1366px\" \/>                <\/div>\n            <\/div>\n                    <\/div>\n                        <\/div>\n\n                <div class=\"bdt-width-1-1\">\n                    <div class=\"bdt-interactive-card-content\">\n                                            <div class=\"bdt-interactive-card-sub-title\">\n                            <\/div>\n        \n                    <h5 class=\"bdt-interactive-card-title\" onclick=\"window.open(&#039;https:\/\/inkalys.com\/carta-astral-para-padres\/&#039;, &#039;_self&#039;)\">\n            <span >\n                Carta astral para padres            <\/span>\n            <\/h5>\n        \n                    <div class=\"bdt-interactive-card-text\">\n                <p>Conoce a tu hija\/o desde la perspectiva astrol\u00f3gica.<\/p>            <\/div>\n        \n                                    <\/div>\n                <\/div>\n\n            <\/div>\n\n        <\/div>\n\n        \t\t\t\t<\/div>\n\t\t\t\t<\/div>\n\t\t\t\t\t<\/div>\n\t\t<\/div>\n\t\t\t\t<div class=\"elementor-column elementor-col-25 elementor-top-column elementor-element elementor-element-75567cf7\" data-id=\"75567cf7\" data-element_type=\"column\" data-e-type=\"column\">\n\t\t\t<div class=\"elementor-widget-wrap elementor-element-populated\">\n\t\t\t\t\t\t<div class=\"elementor-element elementor-element-bab390b bdt-title-link-yes bdt-global-link-yes elementor-invisible elementor-widget elementor-widget-bdt-interactive-card\" data-id=\"bab390b\" data-element_type=\"widget\" data-e-type=\"widget\" data-settings=\"{&quot;_animation&quot;:&quot;fadeInLeft&quot;}\" data-widget_type=\"bdt-interactive-card.default\">\n\t\t\t\t<div class=\"elementor-widget-container\">\n\t\t\t\t\t        <div class=\"bdt-interactive-card bdt-interactive-card-default\" onclick=\"window.open(&#039;https:\/\/inkalys.com\/carta-astral-relaciones\/&#039;, &#039;_self&#039;)\">\n\n            <div class=\"bdt-grid bdt-grid-collapse bdt-card-effect-top\">\n\n                <div class=\"bdt-width-1-1\">\n                            <div class=\"bdt-position-relative\">\n                                        <div class=\"bdt-image-hover-effect bdt-interactive-card-image\">\n                <div class=\"bdt-position-relative bdt-image-mask\">\n                    <img loading=\"lazy\" decoding=\"async\" width=\"1366\" height=\"768\" src=\"https:\/\/inkalys.com\/wp-content\/uploads\/2019\/04\/shutterstock_Astrology-resized.jpg\" class=\"attachment-full size-full\" alt=\"Carta astral relaciones\" srcset=\"https:\/\/inkalys.com\/wp-content\/uploads\/2019\/04\/shutterstock_Astrology-resized.jpg 1366w, https:\/\/inkalys.com\/wp-content\/uploads\/2019\/04\/shutterstock_Astrology-resized-600x337.jpg 600w, https:\/\/inkalys.com\/wp-content\/uploads\/2019\/04\/shutterstock_Astrology-resized-300x169.jpg 300w, https:\/\/inkalys.com\/wp-content\/uploads\/2019\/04\/shutterstock_Astrology-resized-1024x576.jpg 1024w, https:\/\/inkalys.com\/wp-content\/uploads\/2019\/04\/shutterstock_Astrology-resized-768x432.jpg 768w\" sizes=\"(max-width: 1366px) 100vw, 1366px\" \/>                <\/div>\n            <\/div>\n                    <\/div>\n                        <\/div>\n\n                <div class=\"bdt-width-1-1\">\n                    <div class=\"bdt-interactive-card-content\">\n                                            <div class=\"bdt-interactive-card-sub-title\">\n                            <\/div>\n        \n                    <h5 class=\"bdt-interactive-card-title\" onclick=\"window.open(&#039;https:\/\/inkalys.com\/carta-astral-relaciones\/&#039;, &#039;_self&#039;)\">\n            <span >\n                Carta astral relaciones            <\/span>\n            <\/h5>\n        \n                    <div class=\"bdt-interactive-card-text\">\n                <p>Analizaremos las din\u00e1micas relacionales.<\/p>            <\/div>\n        \n                                    <\/div>\n                <\/div>\n\n            <\/div>\n\n        <\/div>\n\n        \t\t\t\t<\/div>\n\t\t\t\t<\/div>\n\t\t\t\t\t<\/div>\n\t\t<\/div>\n\t\t\t\t\t<\/div>\n\t\t<\/section>\n\t\t\t\t<\/div>","protected":false},"excerpt":{"rendered":"<p>Lectura de carta natal Lectura e interpretaci\u00f3n de la energ\u00eda de los luminarios y planetas personales incluyendo los principales aspectos. Profesi\u00f3n y vocaci\u00f3n Enfocada a definir la direcci\u00f3n de vida. Carta astral para padres Conoce a tu hija\/o desde la perspectiva astrol\u00f3gica. Carta astral relaciones Analizaremos las din\u00e1micas relacionales.<\/p>","protected":false},"author":1,"featured_media":0,"parent":0,"menu_order":0,"comment_status":"closed","ping_status":"closed","template":"","meta":{"_themeisle_gutenberg_block_has_review":false,"_joinchat":[],"footnotes":""},"class_list":["post-1557","page","type-page","status-publish","hentry"],"_links":{"self":[{"href":"https:\/\/inkalys.com\/en\/wp-json\/wp\/v2\/pages\/1557","targetHints":{"allow":["GET"]}}],"collection":[{"href":"https:\/\/inkalys.com\/en\/wp-json\/wp\/v2\/pages"}],"about":[{"href":"https:\/\/inkalys.com\/en\/wp-json\/wp\/v2\/types\/page"}],"author":[{"embeddable":true,"href":"https:\/\/inkalys.com\/en\/wp-json\/wp\/v2\/users\/1"}],"replies":[{"embeddable":true,"href":"https:\/\/inkalys.com\/en\/wp-json\/wp\/v2\/comments?post=1557"}],"version-history":[{"count":97,"href":"https:\/\/inkalys.com\/en\/wp-json\/wp\/v2\/pages\/1557\/revisions"}],"predecessor-version":[{"id":5251,"href":"https:\/\/inkalys.com\/en\/wp-json\/wp\/v2\/pages\/1557\/revisions\/5251"}],"wp:attachment":[{"href":"https:\/\/inkalys.com\/en\/wp-json\/wp\/v2\/media?parent=1557"}],"curies":[{"name":"wp","href":"https:\/\/api.w.org\/{rel}","templated":true}]}}