{"id":1555,"date":"2022-06-23T16:43:20","date_gmt":"2022-06-23T16:43:20","guid":{"rendered":"https:\/\/www.arcetec.work\/incalys\/?page_id=1555"},"modified":"2023-05-11T02:21:25","modified_gmt":"2023-05-11T02:21:25","slug":"tinturas-y-extractos","status":"publish","type":"page","link":"https:\/\/inkalys.com\/en\/tinturas-y-extractos\/","title":{"rendered":"Tinctures"},"content":{"rendered":"<div data-elementor-type=\"wp-page\" data-elementor-id=\"1555\" class=\"elementor elementor-1555\" data-elementor-post-type=\"page\">\n\t\t\t\t\t\t<section class=\"elementor-section elementor-top-section elementor-element elementor-element-37c1ab6c elementor-section-boxed elementor-section-height-default elementor-section-height-default\" data-id=\"37c1ab6c\" data-element_type=\"section\" data-e-type=\"section\" data-settings=\"{&quot;background_background&quot;:&quot;gradient&quot;}\">\n\t\t\t\t\t\t<div class=\"elementor-container elementor-column-gap-default\">\n\t\t\t\t\t<div class=\"elementor-column elementor-col-100 elementor-top-column elementor-element elementor-element-18ff42b3\" data-id=\"18ff42b3\" data-element_type=\"column\" data-e-type=\"column\">\n\t\t\t<div class=\"elementor-widget-wrap elementor-element-populated\">\n\t\t\t\t\t\t<div class=\"elementor-element elementor-element-f8b0a06 elementor-widget elementor-widget-heading\" data-id=\"f8b0a06\" data-element_type=\"widget\" data-e-type=\"widget\" data-widget_type=\"heading.default\">\n\t\t\t\t<div class=\"elementor-widget-container\">\n\t\t\t\t\t<h2 class=\"elementor-heading-title elementor-size-default\">Tinturas, Extractos y mucho m\u00e1s!<\/h2>\t\t\t\t<\/div>\n\t\t\t\t<\/div>\n\t\t\t\t<div class=\"elementor-element elementor-element-19639f53 elementor-widget elementor-widget-text-editor\" data-id=\"19639f53\" data-element_type=\"widget\" data-e-type=\"widget\" data-widget_type=\"text-editor.default\">\n\t\t\t\t<div class=\"elementor-widget-container\">\n\t\t\t\t\t\t\t\t\t<div class=\"portfoliodescription\">Nos dedicamos a hacer extracciones de todo tipo para concentrar los principios activos de las plantas medicinales. Ofrecemos una amplia variedad de opciones, desde tinturas madres y extractos fluidos hasta preparaciones espag\u00edricas m\u00e1s complejas.<\/div>\t\t\t\t\t\t\t\t<\/div>\n\t\t\t\t<\/div>\n\t\t\t\t\t<\/div>\n\t\t<\/div>\n\t\t\t\t\t<\/div>\n\t\t<\/section>\n\t\t<div class=\"elementor-element elementor-element-2916c7d6 e-flex e-con-boxed e-con e-parent\" data-id=\"2916c7d6\" data-element_type=\"container\" data-e-type=\"container\">\n\t\t\t\t\t<div class=\"e-con-inner\">\n\t\t\t\t<div class=\"elementor-element elementor-element-85395d0 bdt-custom-gallery-skin-fedara-style-center elementor-widget elementor-widget-bdt-portfolio-gallery\" data-id=\"85395d0\" data-element_type=\"widget\" data-e-type=\"widget\" data-settings=\"{&quot;columns&quot;:&quot;4&quot;,&quot;columns_tablet&quot;:&quot;3&quot;,&quot;columns_mobile&quot;:&quot;2&quot;}\" data-widget_type=\"bdt-portfolio-gallery.default\">\n\t\t\t\t<div class=\"elementor-widget-container\">\n\t\t\t\t\t\t\t<div class=\"bdt-portfolio-gallery-wrapper\" data-settings=\"{&quot;id&quot;:&quot;#bdt-portfolio-gallery85395d0&quot;,&quot;tiltShow&quot;:false}\">\n\n\t\t\t\t\t\t<div id=\"bdt-portfolio-gallery85395d0\" class=\"bdt-portfolio-gallery bdt-ep-grid-filter-container skin-default bdt-grid bdt-grid-medium bdt-child-width-1-2 bdt-child-width-1-3@s bdt-child-width-1-4@m\" data-bdt-grid=\"\">\n\n\t\t\t\t\t<div >\n\t\t\t<div class=\"bdt-gallery-item bdt-transition-toggle\">\n\t\t\t\t<div class=\"bdt-portfolio-inner\">\n\t\t\t\t\t<div class=\"bdt-portfolio-content-inner\">\n\t\t\t\t\t\t<div class=\"bdt-gallery-thumbnail\"><img fetchpriority=\"high\" decoding=\"async\" width=\"1366\" height=\"768\" src=\"https:\/\/inkalys.com\/wp-content\/uploads\/2017\/02\/Tintura-Cardo-Mariano_collage.jpg\" class=\"attachment-full size-full\" alt=\"Tintura de Cardo Mariano\" srcset=\"https:\/\/inkalys.com\/wp-content\/uploads\/2017\/02\/Tintura-Cardo-Mariano_collage.jpg 1366w, https:\/\/inkalys.com\/wp-content\/uploads\/2017\/02\/Tintura-Cardo-Mariano_collage-600x337.jpg 600w, https:\/\/inkalys.com\/wp-content\/uploads\/2017\/02\/Tintura-Cardo-Mariano_collage-300x169.jpg 300w, https:\/\/inkalys.com\/wp-content\/uploads\/2017\/02\/Tintura-Cardo-Mariano_collage-1024x576.jpg 1024w, https:\/\/inkalys.com\/wp-content\/uploads\/2017\/02\/Tintura-Cardo-Mariano_collage-768x432.jpg 768w\" sizes=\"(max-width: 1366px) 100vw, 1366px\" \/><\/div>\t\t<div class=\"bdt-position-center\">\n\t\t\t<div class=\"bdt-portfolio-content\">\n\t\t\t\t<div class=\"bdt-gallery-content-inner\">\n\t\t\t\t\t\t\t\t\t\t\t<div class=\"bdt-flex-inline bdt-gallery-item-link-wrapper\">\n\t\t\t\t\t\t\t\n\t\t\t\t\t\t\t\t\t\t\t\t\t\t\t\t\t\t\t\t\t\t\t<a class=\"bdt-gallery-item-link bdt-link-icon\" href=\"https:\/\/inkalys.com\/en\/portfolio-item\/tintura-de-cardo-mariano\/\" >\n\t\t\t\t\t\t\t\t\t\t\t\t\t\t\t\t\t\t\t<i class=\"ep-icon-link\" aria-hidden=\"true\"><\/i>\n\t\t\t\t\t\t\t\t\t\t\t\t\t\t\t\t\t<\/a>\n\t\t\t\t\t\t\t\t\t\t\t\t\t<\/div>\n\t\t\t\t\t\t\t\t\t<\/div>\n\t\t\t<\/div>\n\t\t<\/div>\n\t\t\t\t\t\t<\/div>\n\t\t\t\t\t\t\t<div class=\"bdt-portfolio-desc\">\n\t\t\t\t\t<a href=\"https:\/\/inkalys.com\/en\/portfolio-item\/tintura-de-cardo-mariano\/\" >\n\t\t\t<h4 class=\"bdt-gallery-item-title bdt-margin-remove\">\n\t\t\t\tTintura de Cardo Mariano\t\t\t<\/h4>\n\t\t<\/a>\n\t\t\t<\/div>\n\t\t\t\t\t\t\t\t\t\t<\/div>\n\t\t\t<\/div>\n\t\t<\/div>\n\t\t<div >\n\t\t\t<div class=\"bdt-gallery-item bdt-transition-toggle\">\n\t\t\t\t<div class=\"bdt-portfolio-inner\">\n\t\t\t\t\t<div class=\"bdt-portfolio-content-inner\">\n\t\t\t\t\t\t<div class=\"bdt-gallery-thumbnail\"><img decoding=\"async\" width=\"1366\" height=\"768\" src=\"https:\/\/inkalys.com\/wp-content\/uploads\/2017\/02\/Tintura-Llanten_collage.jpg\" class=\"attachment-full size-full\" alt=\"Tintura de Llant\u00e9n\" srcset=\"https:\/\/inkalys.com\/wp-content\/uploads\/2017\/02\/Tintura-Llanten_collage.jpg 1366w, https:\/\/inkalys.com\/wp-content\/uploads\/2017\/02\/Tintura-Llanten_collage-600x337.jpg 600w, https:\/\/inkalys.com\/wp-content\/uploads\/2017\/02\/Tintura-Llanten_collage-300x169.jpg 300w, https:\/\/inkalys.com\/wp-content\/uploads\/2017\/02\/Tintura-Llanten_collage-1024x576.jpg 1024w, https:\/\/inkalys.com\/wp-content\/uploads\/2017\/02\/Tintura-Llanten_collage-768x432.jpg 768w\" sizes=\"(max-width: 1366px) 100vw, 1366px\" \/><\/div>\t\t<div class=\"bdt-position-center\">\n\t\t\t<div class=\"bdt-portfolio-content\">\n\t\t\t\t<div class=\"bdt-gallery-content-inner\">\n\t\t\t\t\t\t\t\t\t\t\t<div class=\"bdt-flex-inline bdt-gallery-item-link-wrapper\">\n\t\t\t\t\t\t\t\n\t\t\t\t\t\t\t\t\t\t\t\t\t\t\t\t\t\t\t\t\t\t\t<a class=\"bdt-gallery-item-link bdt-link-icon\" href=\"https:\/\/inkalys.com\/en\/portfolio-item\/tintura-de-llanten\/\" >\n\t\t\t\t\t\t\t\t\t\t\t\t\t\t\t\t\t\t\t<i class=\"ep-icon-link\" aria-hidden=\"true\"><\/i>\n\t\t\t\t\t\t\t\t\t\t\t\t\t\t\t\t\t<\/a>\n\t\t\t\t\t\t\t\t\t\t\t\t\t<\/div>\n\t\t\t\t\t\t\t\t\t<\/div>\n\t\t\t<\/div>\n\t\t<\/div>\n\t\t\t\t\t\t<\/div>\n\t\t\t\t\t\t\t<div class=\"bdt-portfolio-desc\">\n\t\t\t\t\t<a href=\"https:\/\/inkalys.com\/en\/portfolio-item\/tintura-de-llanten\/\" >\n\t\t\t<h4 class=\"bdt-gallery-item-title bdt-margin-remove\">\n\t\t\t\tTintura de Llant\u00e9n\t\t\t<\/h4>\n\t\t<\/a>\n\t\t\t<\/div>\n\t\t\t\t\t\t\t\t\t\t<\/div>\n\t\t\t<\/div>\n\t\t<\/div>\n\t\t<div >\n\t\t\t<div class=\"bdt-gallery-item bdt-transition-toggle\">\n\t\t\t\t<div class=\"bdt-portfolio-inner\">\n\t\t\t\t\t<div class=\"bdt-portfolio-content-inner\">\n\t\t\t\t\t\t<div class=\"bdt-gallery-thumbnail\"><img decoding=\"async\" width=\"1366\" height=\"768\" src=\"https:\/\/inkalys.com\/wp-content\/uploads\/2017\/02\/Tintura-Sauco_collage.jpg\" class=\"attachment-full size-full\" alt=\"Tintura de Sauco\" srcset=\"https:\/\/inkalys.com\/wp-content\/uploads\/2017\/02\/Tintura-Sauco_collage.jpg 1366w, https:\/\/inkalys.com\/wp-content\/uploads\/2017\/02\/Tintura-Sauco_collage-600x337.jpg 600w, https:\/\/inkalys.com\/wp-content\/uploads\/2017\/02\/Tintura-Sauco_collage-300x169.jpg 300w, https:\/\/inkalys.com\/wp-content\/uploads\/2017\/02\/Tintura-Sauco_collage-1024x576.jpg 1024w, https:\/\/inkalys.com\/wp-content\/uploads\/2017\/02\/Tintura-Sauco_collage-768x432.jpg 768w\" sizes=\"(max-width: 1366px) 100vw, 1366px\" \/><\/div>\t\t<div class=\"bdt-position-center\">\n\t\t\t<div class=\"bdt-portfolio-content\">\n\t\t\t\t<div class=\"bdt-gallery-content-inner\">\n\t\t\t\t\t\t\t\t\t\t\t<div class=\"bdt-flex-inline bdt-gallery-item-link-wrapper\">\n\t\t\t\t\t\t\t\n\t\t\t\t\t\t\t\t\t\t\t\t\t\t\t\t\t\t\t\t\t\t\t<a class=\"bdt-gallery-item-link bdt-link-icon\" href=\"https:\/\/inkalys.com\/en\/portfolio-item\/tintura-de-sauco\/\" >\n\t\t\t\t\t\t\t\t\t\t\t\t\t\t\t\t\t\t\t<i class=\"ep-icon-link\" aria-hidden=\"true\"><\/i>\n\t\t\t\t\t\t\t\t\t\t\t\t\t\t\t\t\t<\/a>\n\t\t\t\t\t\t\t\t\t\t\t\t\t<\/div>\n\t\t\t\t\t\t\t\t\t<\/div>\n\t\t\t<\/div>\n\t\t<\/div>\n\t\t\t\t\t\t<\/div>\n\t\t\t\t\t\t\t<div class=\"bdt-portfolio-desc\">\n\t\t\t\t\t<a href=\"https:\/\/inkalys.com\/en\/portfolio-item\/tintura-de-sauco\/\" >\n\t\t\t<h4 class=\"bdt-gallery-item-title bdt-margin-remove\">\n\t\t\t\tTintura de Sauco\t\t\t<\/h4>\n\t\t<\/a>\n\t\t\t<\/div>\n\t\t\t\t\t\t\t\t\t\t<\/div>\n\t\t\t<\/div>\n\t\t<\/div>\n\t\t<div >\n\t\t\t<div class=\"bdt-gallery-item bdt-transition-toggle\">\n\t\t\t\t<div class=\"bdt-portfolio-inner\">\n\t\t\t\t\t<div class=\"bdt-portfolio-content-inner\">\n\t\t\t\t\t\t<div class=\"bdt-gallery-thumbnail\"><img loading=\"lazy\" decoding=\"async\" width=\"1366\" height=\"768\" src=\"https:\/\/inkalys.com\/wp-content\/uploads\/2017\/02\/Tintura-Toronjil_collage.jpg\" class=\"attachment-full size-full\" alt=\"Tintura de Toronjil\" srcset=\"https:\/\/inkalys.com\/wp-content\/uploads\/2017\/02\/Tintura-Toronjil_collage.jpg 1366w, https:\/\/inkalys.com\/wp-content\/uploads\/2017\/02\/Tintura-Toronjil_collage-600x337.jpg 600w, https:\/\/inkalys.com\/wp-content\/uploads\/2017\/02\/Tintura-Toronjil_collage-300x169.jpg 300w, https:\/\/inkalys.com\/wp-content\/uploads\/2017\/02\/Tintura-Toronjil_collage-1024x576.jpg 1024w, https:\/\/inkalys.com\/wp-content\/uploads\/2017\/02\/Tintura-Toronjil_collage-768x432.jpg 768w\" sizes=\"(max-width: 1366px) 100vw, 1366px\" \/><\/div>\t\t<div class=\"bdt-position-center\">\n\t\t\t<div class=\"bdt-portfolio-content\">\n\t\t\t\t<div class=\"bdt-gallery-content-inner\">\n\t\t\t\t\t\t\t\t\t\t\t<div class=\"bdt-flex-inline bdt-gallery-item-link-wrapper\">\n\t\t\t\t\t\t\t\n\t\t\t\t\t\t\t\t\t\t\t\t\t\t\t\t\t\t\t\t\t\t\t<a class=\"bdt-gallery-item-link bdt-link-icon\" href=\"https:\/\/inkalys.com\/en\/portfolio-item\/tintura-de-toronjil\/\" >\n\t\t\t\t\t\t\t\t\t\t\t\t\t\t\t\t\t\t\t<i class=\"ep-icon-link\" aria-hidden=\"true\"><\/i>\n\t\t\t\t\t\t\t\t\t\t\t\t\t\t\t\t\t<\/a>\n\t\t\t\t\t\t\t\t\t\t\t\t\t<\/div>\n\t\t\t\t\t\t\t\t\t<\/div>\n\t\t\t<\/div>\n\t\t<\/div>\n\t\t\t\t\t\t<\/div>\n\t\t\t\t\t\t\t<div class=\"bdt-portfolio-desc\">\n\t\t\t\t\t<a href=\"https:\/\/inkalys.com\/en\/portfolio-item\/tintura-de-toronjil\/\" >\n\t\t\t<h4 class=\"bdt-gallery-item-title bdt-margin-remove\">\n\t\t\t\tTintura de Toronjil\t\t\t<\/h4>\n\t\t<\/a>\n\t\t\t<\/div>\n\t\t\t\t\t\t\t\t\t\t<\/div>\n\t\t\t<\/div>\n\t\t<\/div>\n\t\t<div >\n\t\t\t<div class=\"bdt-gallery-item bdt-transition-toggle\">\n\t\t\t\t<div class=\"bdt-portfolio-inner\">\n\t\t\t\t\t<div class=\"bdt-portfolio-content-inner\">\n\t\t\t\t\t\t<div class=\"bdt-gallery-thumbnail\"><img loading=\"lazy\" decoding=\"async\" width=\"1366\" height=\"768\" src=\"https:\/\/inkalys.com\/wp-content\/uploads\/2017\/02\/Tintura-Valeriana_collage.jpg\" class=\"attachment-full size-full\" alt=\"Tintura de Valeriana\" srcset=\"https:\/\/inkalys.com\/wp-content\/uploads\/2017\/02\/Tintura-Valeriana_collage.jpg 1366w, https:\/\/inkalys.com\/wp-content\/uploads\/2017\/02\/Tintura-Valeriana_collage-600x337.jpg 600w, https:\/\/inkalys.com\/wp-content\/uploads\/2017\/02\/Tintura-Valeriana_collage-300x169.jpg 300w, https:\/\/inkalys.com\/wp-content\/uploads\/2017\/02\/Tintura-Valeriana_collage-1024x576.jpg 1024w, https:\/\/inkalys.com\/wp-content\/uploads\/2017\/02\/Tintura-Valeriana_collage-768x432.jpg 768w\" sizes=\"(max-width: 1366px) 100vw, 1366px\" \/><\/div>\t\t<div class=\"bdt-position-center\">\n\t\t\t<div class=\"bdt-portfolio-content\">\n\t\t\t\t<div class=\"bdt-gallery-content-inner\">\n\t\t\t\t\t\t\t\t\t\t\t<div class=\"bdt-flex-inline bdt-gallery-item-link-wrapper\">\n\t\t\t\t\t\t\t\n\t\t\t\t\t\t\t\t\t\t\t\t\t\t\t\t\t\t\t\t\t\t\t<a class=\"bdt-gallery-item-link bdt-link-icon\" href=\"https:\/\/inkalys.com\/en\/portfolio-item\/tintura-de-valeriana\/\" >\n\t\t\t\t\t\t\t\t\t\t\t\t\t\t\t\t\t\t\t<i class=\"ep-icon-link\" aria-hidden=\"true\"><\/i>\n\t\t\t\t\t\t\t\t\t\t\t\t\t\t\t\t\t<\/a>\n\t\t\t\t\t\t\t\t\t\t\t\t\t<\/div>\n\t\t\t\t\t\t\t\t\t<\/div>\n\t\t\t<\/div>\n\t\t<\/div>\n\t\t\t\t\t\t<\/div>\n\t\t\t\t\t\t\t<div class=\"bdt-portfolio-desc\">\n\t\t\t\t\t<a href=\"https:\/\/inkalys.com\/en\/portfolio-item\/tintura-de-valeriana\/\" >\n\t\t\t<h4 class=\"bdt-gallery-item-title bdt-margin-remove\">\n\t\t\t\tTintura de Valeriana\t\t\t<\/h4>\n\t\t<\/a>\n\t\t\t<\/div>\n\t\t\t\t\t\t\t\t\t\t<\/div>\n\t\t\t<\/div>\n\t\t<\/div>\n\n\t\t\t<\/div>\n\t\t<\/div>\n\t\t\t\t\t<\/div>\n\t\t\t\t<\/div>\n\t\t\t\t\t<\/div>\n\t\t\t\t<\/div>\n\t\t\t\t<\/div>","protected":false},"excerpt":{"rendered":"<p>Tinturas, Extractos y mucho m\u00e1s! Nos dedicamos a hacer extracciones de todo tipo para concentrar los principios activos de las plantas medicinales. Ofrecemos una amplia variedad de opciones, desde tinturas madres y extractos fluidos hasta preparaciones espag\u00edricas m\u00e1s complejas. Tintura de Cardo Mariano Tintura de Llant\u00e9n Tintura de Sauco Tintura de Toronjil Tintura de Valeriana<\/p>","protected":false},"author":1,"featured_media":0,"parent":0,"menu_order":0,"comment_status":"closed","ping_status":"closed","template":"","meta":{"_themeisle_gutenberg_block_has_review":false,"_joinchat":[],"footnotes":""},"class_list":["post-1555","page","type-page","status-publish","hentry"],"_links":{"self":[{"href":"https:\/\/inkalys.com\/en\/wp-json\/wp\/v2\/pages\/1555","targetHints":{"allow":["GET"]}}],"collection":[{"href":"https:\/\/inkalys.com\/en\/wp-json\/wp\/v2\/pages"}],"about":[{"href":"https:\/\/inkalys.com\/en\/wp-json\/wp\/v2\/types\/page"}],"author":[{"embeddable":true,"href":"https:\/\/inkalys.com\/en\/wp-json\/wp\/v2\/users\/1"}],"replies":[{"embeddable":true,"href":"https:\/\/inkalys.com\/en\/wp-json\/wp\/v2\/comments?post=1555"}],"version-history":[{"count":42,"href":"https:\/\/inkalys.com\/en\/wp-json\/wp\/v2\/pages\/1555\/revisions"}],"predecessor-version":[{"id":3931,"href":"https:\/\/inkalys.com\/en\/wp-json\/wp\/v2\/pages\/1555\/revisions\/3931"}],"wp:attachment":[{"href":"https:\/\/inkalys.com\/en\/wp-json\/wp\/v2\/media?parent=1555"}],"curies":[{"name":"wp","href":"https:\/\/api.w.org\/{rel}","templated":true}]}}