{"id":1551,"date":"2022-06-23T16:42:46","date_gmt":"2022-06-23T16:42:46","guid":{"rendered":"https:\/\/www.arcetec.work\/incalys\/?page_id=1551"},"modified":"2023-05-08T20:30:51","modified_gmt":"2023-05-08T20:30:51","slug":"cosmeticos-naturales","status":"publish","type":"page","link":"https:\/\/inkalys.com\/en\/insumos\/cosmeticos-naturales\/","title":{"rendered":"Cosmetics"},"content":{"rendered":"<div data-elementor-type=\"wp-page\" data-elementor-id=\"1551\" class=\"elementor elementor-1551\" data-elementor-post-type=\"page\">\n\t\t\t\t\t\t<section class=\"elementor-section elementor-top-section elementor-element elementor-element-7c1d19e5 elementor-section-boxed elementor-section-height-default elementor-section-height-default\" data-id=\"7c1d19e5\" data-element_type=\"section\" data-e-type=\"section\" data-settings=\"{&quot;background_background&quot;:&quot;gradient&quot;}\">\n\t\t\t\t\t\t<div class=\"elementor-container elementor-column-gap-default\">\n\t\t\t\t\t<div class=\"elementor-column elementor-col-100 elementor-top-column elementor-element elementor-element-482dccc6\" data-id=\"482dccc6\" data-element_type=\"column\" data-e-type=\"column\">\n\t\t\t<div class=\"elementor-widget-wrap elementor-element-populated\">\n\t\t\t\t\t\t<div class=\"elementor-element elementor-element-4296b9d3 elementor-widget elementor-widget-heading\" data-id=\"4296b9d3\" data-element_type=\"widget\" data-e-type=\"widget\" data-widget_type=\"heading.default\">\n\t\t\t\t<div class=\"elementor-widget-container\">\n\t\t\t\t\t<h2 class=\"elementor-heading-title elementor-size-default\">Cosmetica Natural<\/h2>\t\t\t\t<\/div>\n\t\t\t\t<\/div>\n\t\t\t\t<div class=\"elementor-element elementor-element-51eeb923 elementor-widget elementor-widget-text-editor\" data-id=\"51eeb923\" data-element_type=\"widget\" data-e-type=\"widget\" data-widget_type=\"text-editor.default\">\n\t\t\t\t<div class=\"elementor-widget-container\">\n\t\t\t\t\t\t\t\t\t<h6>En Inkalys estamos comprometidos con el movimiento \u00abSlow Cosmetic\u00bb, que fomenta un enfoque consciente y saludable en el consumo de productos cosm\u00e9ticos. Todos nuestros productos son libres de derivados del petr\u00f3leo, as\u00ed como de excipientes y conservantes da\u00f1inos para la salud. Adem\u00e1s, ofrecemos una selecci\u00f3n cuidadosamente elegida de aceites vehiculares y otros insumos para que puedas elaborar tus propios productos de cosm\u00e9tica natural.<\/h6>\t\t\t\t\t\t\t\t<\/div>\n\t\t\t\t<\/div>\n\t\t\t\t\t<\/div>\n\t\t<\/div>\n\t\t\t\t\t<\/div>\n\t\t<\/section>\n\t\t<div class=\"elementor-element elementor-element-13c8f7a3 e-flex e-con-boxed e-con e-parent\" data-id=\"13c8f7a3\" data-element_type=\"container\" data-e-type=\"container\">\n\t\t\t\t\t<div class=\"e-con-inner\">\n\t\t\t\t<div class=\"elementor-element elementor-element-1457cdaa bdt-custom-gallery-skin-fedara-style-center elementor-widget elementor-widget-bdt-portfolio-gallery\" data-id=\"1457cdaa\" data-element_type=\"widget\" data-e-type=\"widget\" data-settings=\"{&quot;columns&quot;:&quot;5&quot;,&quot;columns_tablet&quot;:&quot;3&quot;,&quot;columns_mobile&quot;:&quot;2&quot;}\" data-widget_type=\"bdt-portfolio-gallery.default\">\n\t\t\t\t<div class=\"elementor-widget-container\">\n\t\t\t\t\t\t\t<div class=\"bdt-portfolio-gallery-wrapper\" data-settings=\"{&quot;id&quot;:&quot;#bdt-portfolio-gallery1457cdaa&quot;,&quot;tiltShow&quot;:false}\">\n\n\t\t\t\t\t\t<div id=\"bdt-portfolio-gallery1457cdaa\" class=\"bdt-portfolio-gallery bdt-ep-grid-filter-container skin-default bdt-grid bdt-grid-medium bdt-child-width-1-2 bdt-child-width-1-3@s bdt-child-width-1-5@m\" data-bdt-grid=\"\">\n\n\t\t\t\t\t<div >\n\t\t\t<div class=\"bdt-gallery-item bdt-transition-toggle\">\n\t\t\t\t<div class=\"bdt-portfolio-inner\">\n\t\t\t\t\t<div class=\"bdt-portfolio-content-inner\">\n\t\t\t\t\t\t<div class=\"bdt-gallery-thumbnail\"><img fetchpriority=\"high\" decoding=\"async\" width=\"1366\" height=\"768\" src=\"https:\/\/inkalys.com\/wp-content\/uploads\/2017\/02\/AV-Maracuya_Collage.jpg\" class=\"attachment-full size-full\" alt=\"Aceite de Maracuy\u00e1\" srcset=\"https:\/\/inkalys.com\/wp-content\/uploads\/2017\/02\/AV-Maracuya_Collage.jpg 1366w, https:\/\/inkalys.com\/wp-content\/uploads\/2017\/02\/AV-Maracuya_Collage-600x337.jpg 600w, https:\/\/inkalys.com\/wp-content\/uploads\/2017\/02\/AV-Maracuya_Collage-300x169.jpg 300w, https:\/\/inkalys.com\/wp-content\/uploads\/2017\/02\/AV-Maracuya_Collage-1024x576.jpg 1024w, https:\/\/inkalys.com\/wp-content\/uploads\/2017\/02\/AV-Maracuya_Collage-768x432.jpg 768w\" sizes=\"(max-width: 1366px) 100vw, 1366px\" \/><\/div>\t\t<div class=\"bdt-position-center\">\n\t\t\t<div class=\"bdt-portfolio-content\">\n\t\t\t\t<div class=\"bdt-gallery-content-inner\">\n\t\t\t\t\t\t\t\t\t\t\t<div class=\"bdt-flex-inline bdt-gallery-item-link-wrapper\">\n\t\t\t\t\t\t\t\n\t\t\t\t\t\t\t\t\t\t\t\t\t\t\t\t\t\t\t\t\t\t\t<a class=\"bdt-gallery-item-link bdt-link-icon\" href=\"https:\/\/inkalys.com\/en\/portfolio-item\/aceite-de-maracuya\/\" >\n\t\t\t\t\t\t\t\t\t\t\t\t\t\t\t\t\t\t\t<i class=\"ep-icon-link\" aria-hidden=\"true\"><\/i>\n\t\t\t\t\t\t\t\t\t\t\t\t\t\t\t\t\t<\/a>\n\t\t\t\t\t\t\t\t\t\t\t\t\t<\/div>\n\t\t\t\t\t\t\t\t\t<\/div>\n\t\t\t<\/div>\n\t\t<\/div>\n\t\t\t\t\t\t<\/div>\n\t\t\t\t\t\t\t<div class=\"bdt-portfolio-desc\">\n\t\t\t\t\t<a href=\"https:\/\/inkalys.com\/en\/portfolio-item\/aceite-de-maracuya\/\" >\n\t\t\t<h4 class=\"bdt-gallery-item-title bdt-margin-remove\">\n\t\t\t\tAceite de Maracuy\u00e1\t\t\t<\/h4>\n\t\t<\/a>\n\t\t\t<\/div>\n\t\t\t\t\t\t\t\t\t\t<\/div>\n\t\t\t<\/div>\n\t\t<\/div>\n\t\t<div >\n\t\t\t<div class=\"bdt-gallery-item bdt-transition-toggle\">\n\t\t\t\t<div class=\"bdt-portfolio-inner\">\n\t\t\t\t\t<div class=\"bdt-portfolio-content-inner\">\n\t\t\t\t\t\t<div class=\"bdt-gallery-thumbnail\"><img decoding=\"async\" width=\"1366\" height=\"768\" src=\"https:\/\/inkalys.com\/wp-content\/uploads\/2017\/02\/AV-Almendra_Collage.jpg\" class=\"attachment-full size-full\" alt=\"Aceite de almendra\" srcset=\"https:\/\/inkalys.com\/wp-content\/uploads\/2017\/02\/AV-Almendra_Collage.jpg 1366w, https:\/\/inkalys.com\/wp-content\/uploads\/2017\/02\/AV-Almendra_Collage-600x337.jpg 600w, https:\/\/inkalys.com\/wp-content\/uploads\/2017\/02\/AV-Almendra_Collage-300x169.jpg 300w, https:\/\/inkalys.com\/wp-content\/uploads\/2017\/02\/AV-Almendra_Collage-1024x576.jpg 1024w, https:\/\/inkalys.com\/wp-content\/uploads\/2017\/02\/AV-Almendra_Collage-768x432.jpg 768w\" sizes=\"(max-width: 1366px) 100vw, 1366px\" \/><\/div>\t\t<div class=\"bdt-position-center\">\n\t\t\t<div class=\"bdt-portfolio-content\">\n\t\t\t\t<div class=\"bdt-gallery-content-inner\">\n\t\t\t\t\t\t\t\t\t\t\t<div class=\"bdt-flex-inline bdt-gallery-item-link-wrapper\">\n\t\t\t\t\t\t\t\n\t\t\t\t\t\t\t\t\t\t\t\t\t\t\t\t\t\t\t\t\t\t\t<a class=\"bdt-gallery-item-link bdt-link-icon\" href=\"https:\/\/inkalys.com\/en\/portfolio-item\/aceite-de-almendra\/\" >\n\t\t\t\t\t\t\t\t\t\t\t\t\t\t\t\t\t\t\t<i class=\"ep-icon-link\" aria-hidden=\"true\"><\/i>\n\t\t\t\t\t\t\t\t\t\t\t\t\t\t\t\t\t<\/a>\n\t\t\t\t\t\t\t\t\t\t\t\t\t<\/div>\n\t\t\t\t\t\t\t\t\t<\/div>\n\t\t\t<\/div>\n\t\t<\/div>\n\t\t\t\t\t\t<\/div>\n\t\t\t\t\t\t\t<div class=\"bdt-portfolio-desc\">\n\t\t\t\t\t<a href=\"https:\/\/inkalys.com\/en\/portfolio-item\/aceite-de-almendra\/\" >\n\t\t\t<h4 class=\"bdt-gallery-item-title bdt-margin-remove\">\n\t\t\t\tAceite de almendra\t\t\t<\/h4>\n\t\t<\/a>\n\t\t\t<\/div>\n\t\t\t\t\t\t\t\t\t\t<\/div>\n\t\t\t<\/div>\n\t\t<\/div>\n\t\t<div >\n\t\t\t<div class=\"bdt-gallery-item bdt-transition-toggle\">\n\t\t\t\t<div class=\"bdt-portfolio-inner\">\n\t\t\t\t\t<div class=\"bdt-portfolio-content-inner\">\n\t\t\t\t\t\t<div class=\"bdt-gallery-thumbnail\"><img decoding=\"async\" width=\"1366\" height=\"768\" src=\"https:\/\/inkalys.com\/wp-content\/uploads\/2017\/02\/AV-Argan_Collage.jpg\" class=\"attachment-full size-full\" alt=\"Aceite de Arg\u00e1n\" srcset=\"https:\/\/inkalys.com\/wp-content\/uploads\/2017\/02\/AV-Argan_Collage.jpg 1366w, https:\/\/inkalys.com\/wp-content\/uploads\/2017\/02\/AV-Argan_Collage-600x337.jpg 600w, https:\/\/inkalys.com\/wp-content\/uploads\/2017\/02\/AV-Argan_Collage-300x169.jpg 300w, https:\/\/inkalys.com\/wp-content\/uploads\/2017\/02\/AV-Argan_Collage-1024x576.jpg 1024w, https:\/\/inkalys.com\/wp-content\/uploads\/2017\/02\/AV-Argan_Collage-768x432.jpg 768w\" sizes=\"(max-width: 1366px) 100vw, 1366px\" \/><\/div>\t\t<div class=\"bdt-position-center\">\n\t\t\t<div class=\"bdt-portfolio-content\">\n\t\t\t\t<div class=\"bdt-gallery-content-inner\">\n\t\t\t\t\t\t\t\t\t\t\t<div class=\"bdt-flex-inline bdt-gallery-item-link-wrapper\">\n\t\t\t\t\t\t\t\n\t\t\t\t\t\t\t\t\t\t\t\t\t\t\t\t\t\t\t\t\t\t\t<a class=\"bdt-gallery-item-link bdt-link-icon\" href=\"https:\/\/inkalys.com\/en\/portfolio-item\/aceite-de-argan\/\" >\n\t\t\t\t\t\t\t\t\t\t\t\t\t\t\t\t\t\t\t<i class=\"ep-icon-link\" aria-hidden=\"true\"><\/i>\n\t\t\t\t\t\t\t\t\t\t\t\t\t\t\t\t\t<\/a>\n\t\t\t\t\t\t\t\t\t\t\t\t\t<\/div>\n\t\t\t\t\t\t\t\t\t<\/div>\n\t\t\t<\/div>\n\t\t<\/div>\n\t\t\t\t\t\t<\/div>\n\t\t\t\t\t\t\t<div class=\"bdt-portfolio-desc\">\n\t\t\t\t\t<a href=\"https:\/\/inkalys.com\/en\/portfolio-item\/aceite-de-argan\/\" >\n\t\t\t<h4 class=\"bdt-gallery-item-title bdt-margin-remove\">\n\t\t\t\tAceite de Arg\u00e1n\t\t\t<\/h4>\n\t\t<\/a>\n\t\t\t<\/div>\n\t\t\t\t\t\t\t\t\t\t<\/div>\n\t\t\t<\/div>\n\t\t<\/div>\n\t\t<div >\n\t\t\t<div class=\"bdt-gallery-item bdt-transition-toggle\">\n\t\t\t\t<div class=\"bdt-portfolio-inner\">\n\t\t\t\t\t<div class=\"bdt-portfolio-content-inner\">\n\t\t\t\t\t\t<div class=\"bdt-gallery-thumbnail\"><img loading=\"lazy\" decoding=\"async\" width=\"1366\" height=\"768\" src=\"https:\/\/inkalys.com\/wp-content\/uploads\/2017\/02\/AV-Jojoba_Collage.jpg\" class=\"attachment-full size-full\" alt=\"Aceite de Jojoba\" srcset=\"https:\/\/inkalys.com\/wp-content\/uploads\/2017\/02\/AV-Jojoba_Collage.jpg 1366w, https:\/\/inkalys.com\/wp-content\/uploads\/2017\/02\/AV-Jojoba_Collage-600x337.jpg 600w, https:\/\/inkalys.com\/wp-content\/uploads\/2017\/02\/AV-Jojoba_Collage-300x169.jpg 300w, https:\/\/inkalys.com\/wp-content\/uploads\/2017\/02\/AV-Jojoba_Collage-1024x576.jpg 1024w, https:\/\/inkalys.com\/wp-content\/uploads\/2017\/02\/AV-Jojoba_Collage-768x432.jpg 768w\" sizes=\"(max-width: 1366px) 100vw, 1366px\" \/><\/div>\t\t<div class=\"bdt-position-center\">\n\t\t\t<div class=\"bdt-portfolio-content\">\n\t\t\t\t<div class=\"bdt-gallery-content-inner\">\n\t\t\t\t\t\t\t\t\t\t\t<div class=\"bdt-flex-inline bdt-gallery-item-link-wrapper\">\n\t\t\t\t\t\t\t\n\t\t\t\t\t\t\t\t\t\t\t\t\t\t\t\t\t\t\t\t\t\t\t<a class=\"bdt-gallery-item-link bdt-link-icon\" href=\"https:\/\/inkalys.com\/en\/portfolio-item\/aceite-de-jojoba\/\" >\n\t\t\t\t\t\t\t\t\t\t\t\t\t\t\t\t\t\t\t<i class=\"ep-icon-link\" aria-hidden=\"true\"><\/i>\n\t\t\t\t\t\t\t\t\t\t\t\t\t\t\t\t\t<\/a>\n\t\t\t\t\t\t\t\t\t\t\t\t\t<\/div>\n\t\t\t\t\t\t\t\t\t<\/div>\n\t\t\t<\/div>\n\t\t<\/div>\n\t\t\t\t\t\t<\/div>\n\t\t\t\t\t\t\t<div class=\"bdt-portfolio-desc\">\n\t\t\t\t\t<a href=\"https:\/\/inkalys.com\/en\/portfolio-item\/aceite-de-jojoba\/\" >\n\t\t\t<h4 class=\"bdt-gallery-item-title bdt-margin-remove\">\n\t\t\t\tAceite de Jojoba\t\t\t<\/h4>\n\t\t<\/a>\n\t\t\t<\/div>\n\t\t\t\t\t\t\t\t\t\t<\/div>\n\t\t\t<\/div>\n\t\t<\/div>\n\t\t<div >\n\t\t\t<div class=\"bdt-gallery-item bdt-transition-toggle\">\n\t\t\t\t<div class=\"bdt-portfolio-inner\">\n\t\t\t\t\t<div class=\"bdt-portfolio-content-inner\">\n\t\t\t\t\t\t<div class=\"bdt-gallery-thumbnail\"><img loading=\"lazy\" decoding=\"async\" width=\"1366\" height=\"768\" src=\"https:\/\/inkalys.com\/wp-content\/uploads\/2017\/02\/Maceracion_Calendula_Collage.jpg\" class=\"attachment-full size-full\" alt=\"Maceraci\u00f3n de Cal\u00e9ndula\" srcset=\"https:\/\/inkalys.com\/wp-content\/uploads\/2017\/02\/Maceracion_Calendula_Collage.jpg 1366w, https:\/\/inkalys.com\/wp-content\/uploads\/2017\/02\/Maceracion_Calendula_Collage-600x337.jpg 600w, https:\/\/inkalys.com\/wp-content\/uploads\/2017\/02\/Maceracion_Calendula_Collage-300x169.jpg 300w, https:\/\/inkalys.com\/wp-content\/uploads\/2017\/02\/Maceracion_Calendula_Collage-1024x576.jpg 1024w, https:\/\/inkalys.com\/wp-content\/uploads\/2017\/02\/Maceracion_Calendula_Collage-768x432.jpg 768w\" sizes=\"(max-width: 1366px) 100vw, 1366px\" \/><\/div>\t\t<div class=\"bdt-position-center\">\n\t\t\t<div class=\"bdt-portfolio-content\">\n\t\t\t\t<div class=\"bdt-gallery-content-inner\">\n\t\t\t\t\t\t\t\t\t\t\t<div class=\"bdt-flex-inline bdt-gallery-item-link-wrapper\">\n\t\t\t\t\t\t\t\n\t\t\t\t\t\t\t\t\t\t\t\t\t\t\t\t\t\t\t\t\t\t\t<a class=\"bdt-gallery-item-link bdt-link-icon\" href=\"https:\/\/inkalys.com\/en\/portfolio-item\/maceracion-de-calendula\/\" >\n\t\t\t\t\t\t\t\t\t\t\t\t\t\t\t\t\t\t\t<i class=\"ep-icon-link\" aria-hidden=\"true\"><\/i>\n\t\t\t\t\t\t\t\t\t\t\t\t\t\t\t\t\t<\/a>\n\t\t\t\t\t\t\t\t\t\t\t\t\t<\/div>\n\t\t\t\t\t\t\t\t\t<\/div>\n\t\t\t<\/div>\n\t\t<\/div>\n\t\t\t\t\t\t<\/div>\n\t\t\t\t\t\t\t<div class=\"bdt-portfolio-desc\">\n\t\t\t\t\t<a href=\"https:\/\/inkalys.com\/en\/portfolio-item\/maceracion-de-calendula\/\" >\n\t\t\t<h4 class=\"bdt-gallery-item-title bdt-margin-remove\">\n\t\t\t\tMaceraci\u00f3n de Cal\u00e9ndula\t\t\t<\/h4>\n\t\t<\/a>\n\t\t\t<\/div>\n\t\t\t\t\t\t\t\t\t\t<\/div>\n\t\t\t<\/div>\n\t\t<\/div>\n\t\t<div >\n\t\t\t<div class=\"bdt-gallery-item bdt-transition-toggle\">\n\t\t\t\t<div class=\"bdt-portfolio-inner\">\n\t\t\t\t\t<div class=\"bdt-portfolio-content-inner\">\n\t\t\t\t\t\t<div class=\"bdt-gallery-thumbnail\"><img loading=\"lazy\" decoding=\"async\" width=\"1366\" height=\"768\" src=\"https:\/\/inkalys.com\/wp-content\/uploads\/2017\/02\/Maceracion-Cola-de-Caballo_Collage.jpg\" class=\"attachment-full size-full\" alt=\"Maceraci\u00f3n de Cola de caballo\" srcset=\"https:\/\/inkalys.com\/wp-content\/uploads\/2017\/02\/Maceracion-Cola-de-Caballo_Collage.jpg 1366w, https:\/\/inkalys.com\/wp-content\/uploads\/2017\/02\/Maceracion-Cola-de-Caballo_Collage-600x337.jpg 600w, https:\/\/inkalys.com\/wp-content\/uploads\/2017\/02\/Maceracion-Cola-de-Caballo_Collage-300x169.jpg 300w, https:\/\/inkalys.com\/wp-content\/uploads\/2017\/02\/Maceracion-Cola-de-Caballo_Collage-1024x576.jpg 1024w, https:\/\/inkalys.com\/wp-content\/uploads\/2017\/02\/Maceracion-Cola-de-Caballo_Collage-768x432.jpg 768w\" sizes=\"(max-width: 1366px) 100vw, 1366px\" \/><\/div>\t\t<div class=\"bdt-position-center\">\n\t\t\t<div class=\"bdt-portfolio-content\">\n\t\t\t\t<div class=\"bdt-gallery-content-inner\">\n\t\t\t\t\t\t\t\t\t\t\t<div class=\"bdt-flex-inline bdt-gallery-item-link-wrapper\">\n\t\t\t\t\t\t\t\n\t\t\t\t\t\t\t\t\t\t\t\t\t\t\t\t\t\t\t\t\t\t\t<a class=\"bdt-gallery-item-link bdt-link-icon\" href=\"https:\/\/inkalys.com\/en\/portfolio-item\/maceracion-de-cola-de-caballo\/\" >\n\t\t\t\t\t\t\t\t\t\t\t\t\t\t\t\t\t\t\t<i class=\"ep-icon-link\" aria-hidden=\"true\"><\/i>\n\t\t\t\t\t\t\t\t\t\t\t\t\t\t\t\t\t<\/a>\n\t\t\t\t\t\t\t\t\t\t\t\t\t<\/div>\n\t\t\t\t\t\t\t\t\t<\/div>\n\t\t\t<\/div>\n\t\t<\/div>\n\t\t\t\t\t\t<\/div>\n\t\t\t\t\t\t\t<div class=\"bdt-portfolio-desc\">\n\t\t\t\t\t<a href=\"https:\/\/inkalys.com\/en\/portfolio-item\/maceracion-de-cola-de-caballo\/\" >\n\t\t\t<h4 class=\"bdt-gallery-item-title bdt-margin-remove\">\n\t\t\t\tMaceraci\u00f3n de Cola de caballo\t\t\t<\/h4>\n\t\t<\/a>\n\t\t\t<\/div>\n\t\t\t\t\t\t\t\t\t\t<\/div>\n\t\t\t<\/div>\n\t\t<\/div>\n\t\t<div >\n\t\t\t<div class=\"bdt-gallery-item bdt-transition-toggle\">\n\t\t\t\t<div class=\"bdt-portfolio-inner\">\n\t\t\t\t\t<div class=\"bdt-portfolio-content-inner\">\n\t\t\t\t\t\t<div class=\"bdt-gallery-thumbnail\"><img loading=\"lazy\" decoding=\"async\" width=\"250\" height=\"250\" src=\"https:\/\/inkalys.com\/wp-content\/uploads\/2017\/02\/Crema-anti-acne_Pinterest.jpg\" class=\"attachment-full size-full\" alt=\"Crema Anti-acn\u00e9\" srcset=\"https:\/\/inkalys.com\/wp-content\/uploads\/2017\/02\/Crema-anti-acne_Pinterest.jpg 250w, https:\/\/inkalys.com\/wp-content\/uploads\/2017\/02\/Crema-anti-acne_Pinterest-100x100.jpg 100w, https:\/\/inkalys.com\/wp-content\/uploads\/2017\/02\/Crema-anti-acne_Pinterest-150x150.jpg 150w\" sizes=\"(max-width: 250px) 100vw, 250px\" \/><\/div>\t\t<div class=\"bdt-position-center\">\n\t\t\t<div class=\"bdt-portfolio-content\">\n\t\t\t\t<div class=\"bdt-gallery-content-inner\">\n\t\t\t\t\t\t\t\t\t\t\t<div class=\"bdt-flex-inline bdt-gallery-item-link-wrapper\">\n\t\t\t\t\t\t\t\n\t\t\t\t\t\t\t\t\t\t\t\t\t\t\t\t\t\t\t\t\t\t\t<a class=\"bdt-gallery-item-link bdt-link-icon\" href=\"https:\/\/inkalys.com\/en\/portfolio-item\/crema-anti-acne\/\" >\n\t\t\t\t\t\t\t\t\t\t\t\t\t\t\t\t\t\t\t<i class=\"ep-icon-link\" aria-hidden=\"true\"><\/i>\n\t\t\t\t\t\t\t\t\t\t\t\t\t\t\t\t\t<\/a>\n\t\t\t\t\t\t\t\t\t\t\t\t\t<\/div>\n\t\t\t\t\t\t\t\t\t<\/div>\n\t\t\t<\/div>\n\t\t<\/div>\n\t\t\t\t\t\t<\/div>\n\t\t\t\t\t\t\t<div class=\"bdt-portfolio-desc\">\n\t\t\t\t\t<a href=\"https:\/\/inkalys.com\/en\/portfolio-item\/crema-anti-acne\/\" >\n\t\t\t<h4 class=\"bdt-gallery-item-title bdt-margin-remove\">\n\t\t\t\tAnti-acne cream\t\t\t<\/h4>\n\t\t<\/a>\n\t\t\t<\/div>\n\t\t\t\t\t\t\t\t\t\t<\/div>\n\t\t\t<\/div>\n\t\t<\/div>\n\t\t<div >\n\t\t\t<div class=\"bdt-gallery-item bdt-transition-toggle\">\n\t\t\t\t<div class=\"bdt-portfolio-inner\">\n\t\t\t\t\t<div class=\"bdt-portfolio-content-inner\">\n\t\t\t\t\t\t<div class=\"bdt-gallery-thumbnail\"><img loading=\"lazy\" decoding=\"async\" width=\"250\" height=\"250\" src=\"https:\/\/inkalys.com\/wp-content\/uploads\/2017\/02\/Balsamo-regenerante_Pinterest.jpg\" class=\"attachment-full size-full\" alt=\"B\u00e1lsamo regenerador\" srcset=\"https:\/\/inkalys.com\/wp-content\/uploads\/2017\/02\/Balsamo-regenerante_Pinterest.jpg 250w, https:\/\/inkalys.com\/wp-content\/uploads\/2017\/02\/Balsamo-regenerante_Pinterest-100x100.jpg 100w, https:\/\/inkalys.com\/wp-content\/uploads\/2017\/02\/Balsamo-regenerante_Pinterest-150x150.jpg 150w\" sizes=\"(max-width: 250px) 100vw, 250px\" \/><\/div>\t\t<div class=\"bdt-position-center\">\n\t\t\t<div class=\"bdt-portfolio-content\">\n\t\t\t\t<div class=\"bdt-gallery-content-inner\">\n\t\t\t\t\t\t\t\t\t\t\t<div class=\"bdt-flex-inline bdt-gallery-item-link-wrapper\">\n\t\t\t\t\t\t\t\n\t\t\t\t\t\t\t\t\t\t\t\t\t\t\t\t\t\t\t\t\t\t\t<a class=\"bdt-gallery-item-link bdt-link-icon\" href=\"https:\/\/inkalys.com\/en\/portfolio-item\/balsamo-regenerador\/\" >\n\t\t\t\t\t\t\t\t\t\t\t\t\t\t\t\t\t\t\t<i class=\"ep-icon-link\" aria-hidden=\"true\"><\/i>\n\t\t\t\t\t\t\t\t\t\t\t\t\t\t\t\t\t<\/a>\n\t\t\t\t\t\t\t\t\t\t\t\t\t<\/div>\n\t\t\t\t\t\t\t\t\t<\/div>\n\t\t\t<\/div>\n\t\t<\/div>\n\t\t\t\t\t\t<\/div>\n\t\t\t\t\t\t\t<div class=\"bdt-portfolio-desc\">\n\t\t\t\t\t<a href=\"https:\/\/inkalys.com\/en\/portfolio-item\/balsamo-regenerador\/\" >\n\t\t\t<h4 class=\"bdt-gallery-item-title bdt-margin-remove\">\n\t\t\t\tSkin balm\t\t\t<\/h4>\n\t\t<\/a>\n\t\t\t<\/div>\n\t\t\t\t\t\t\t\t\t\t<\/div>\n\t\t\t<\/div>\n\t\t<\/div>\n\t\t<div >\n\t\t\t<div class=\"bdt-gallery-item bdt-transition-toggle\">\n\t\t\t\t<div class=\"bdt-portfolio-inner\">\n\t\t\t\t\t<div class=\"bdt-portfolio-content-inner\">\n\t\t\t\t\t\t<div class=\"bdt-gallery-thumbnail\"><img loading=\"lazy\" decoding=\"async\" width=\"250\" height=\"250\" src=\"https:\/\/inkalys.com\/wp-content\/uploads\/2017\/02\/JAbon-naranja_ICON.jpg\" class=\"attachment-full size-full\" alt=\"Jab\u00f3n de Carbon Activado\" srcset=\"https:\/\/inkalys.com\/wp-content\/uploads\/2017\/02\/JAbon-naranja_ICON.jpg 250w, https:\/\/inkalys.com\/wp-content\/uploads\/2017\/02\/JAbon-naranja_ICON-100x100.jpg 100w, https:\/\/inkalys.com\/wp-content\/uploads\/2017\/02\/JAbon-naranja_ICON-150x150.jpg 150w\" sizes=\"(max-width: 250px) 100vw, 250px\" \/><\/div>\t\t<div class=\"bdt-position-center\">\n\t\t\t<div class=\"bdt-portfolio-content\">\n\t\t\t\t<div class=\"bdt-gallery-content-inner\">\n\t\t\t\t\t\t\t\t\t\t\t<div class=\"bdt-flex-inline bdt-gallery-item-link-wrapper\">\n\t\t\t\t\t\t\t\n\t\t\t\t\t\t\t\t\t\t\t\t\t\t\t\t\t\t\t\t\t\t\t<a class=\"bdt-gallery-item-link bdt-link-icon\" href=\"https:\/\/inkalys.com\/en\/portfolio-item\/jabon-carbon-activado\/\" >\n\t\t\t\t\t\t\t\t\t\t\t\t\t\t\t\t\t\t\t<i class=\"ep-icon-link\" aria-hidden=\"true\"><\/i>\n\t\t\t\t\t\t\t\t\t\t\t\t\t\t\t\t\t<\/a>\n\t\t\t\t\t\t\t\t\t\t\t\t\t<\/div>\n\t\t\t\t\t\t\t\t\t<\/div>\n\t\t\t<\/div>\n\t\t<\/div>\n\t\t\t\t\t\t<\/div>\n\t\t\t\t\t\t\t<div class=\"bdt-portfolio-desc\">\n\t\t\t\t\t<a href=\"https:\/\/inkalys.com\/en\/portfolio-item\/jabon-carbon-activado\/\" >\n\t\t\t<h4 class=\"bdt-gallery-item-title bdt-margin-remove\">\n\t\t\t\tJab\u00f3n de Carbon Activado\t\t\t<\/h4>\n\t\t<\/a>\n\t\t\t<\/div>\n\t\t\t\t\t\t\t\t\t\t<\/div>\n\t\t\t<\/div>\n\t\t<\/div>\n\t\t<div >\n\t\t\t<div class=\"bdt-gallery-item bdt-transition-toggle\">\n\t\t\t\t<div class=\"bdt-portfolio-inner\">\n\t\t\t\t\t<div class=\"bdt-portfolio-content-inner\">\n\t\t\t\t\t\t<div class=\"bdt-gallery-thumbnail\"><img loading=\"lazy\" decoding=\"async\" width=\"250\" height=\"250\" src=\"https:\/\/inkalys.com\/wp-content\/uploads\/2017\/02\/Jabon-muna_ICON.jpg\" class=\"attachment-full size-full\" alt=\"Jab\u00f3n Anti-Acne\" srcset=\"https:\/\/inkalys.com\/wp-content\/uploads\/2017\/02\/Jabon-muna_ICON.jpg 250w, https:\/\/inkalys.com\/wp-content\/uploads\/2017\/02\/Jabon-muna_ICON-100x100.jpg 100w, https:\/\/inkalys.com\/wp-content\/uploads\/2017\/02\/Jabon-muna_ICON-150x150.jpg 150w\" sizes=\"(max-width: 250px) 100vw, 250px\" \/><\/div>\t\t<div class=\"bdt-position-center\">\n\t\t\t<div class=\"bdt-portfolio-content\">\n\t\t\t\t<div class=\"bdt-gallery-content-inner\">\n\t\t\t\t\t\t\t\t\t\t\t<div class=\"bdt-flex-inline bdt-gallery-item-link-wrapper\">\n\t\t\t\t\t\t\t\n\t\t\t\t\t\t\t\t\t\t\t\t\t\t\t\t\t\t\t\t\t\t\t<a class=\"bdt-gallery-item-link bdt-link-icon\" href=\"https:\/\/inkalys.com\/en\/portfolio-item\/jabon-anti-acne\/\" >\n\t\t\t\t\t\t\t\t\t\t\t\t\t\t\t\t\t\t\t<i class=\"ep-icon-link\" aria-hidden=\"true\"><\/i>\n\t\t\t\t\t\t\t\t\t\t\t\t\t\t\t\t\t<\/a>\n\t\t\t\t\t\t\t\t\t\t\t\t\t<\/div>\n\t\t\t\t\t\t\t\t\t<\/div>\n\t\t\t<\/div>\n\t\t<\/div>\n\t\t\t\t\t\t<\/div>\n\t\t\t\t\t\t\t<div class=\"bdt-portfolio-desc\">\n\t\t\t\t\t<a href=\"https:\/\/inkalys.com\/en\/portfolio-item\/jabon-anti-acne\/\" >\n\t\t\t<h4 class=\"bdt-gallery-item-title bdt-margin-remove\">\n\t\t\t\tJab\u00f3n Anti-Acne\t\t\t<\/h4>\n\t\t<\/a>\n\t\t\t<\/div>\n\t\t\t\t\t\t\t\t\t\t<\/div>\n\t\t\t<\/div>\n\t\t<\/div>\n\t\t<div >\n\t\t\t<div class=\"bdt-gallery-item bdt-transition-toggle\">\n\t\t\t\t<div class=\"bdt-portfolio-inner\">\n\t\t\t\t\t<div class=\"bdt-portfolio-content-inner\">\n\t\t\t\t\t\t<div class=\"bdt-gallery-thumbnail\"><img loading=\"lazy\" decoding=\"async\" width=\"250\" height=\"250\" src=\"https:\/\/inkalys.com\/wp-content\/uploads\/2017\/02\/Jabon-repelente_ICON.jpg\" class=\"attachment-full size-full\" alt=\"Jab\u00f3n Repelente\" srcset=\"https:\/\/inkalys.com\/wp-content\/uploads\/2017\/02\/Jabon-repelente_ICON.jpg 250w, https:\/\/inkalys.com\/wp-content\/uploads\/2017\/02\/Jabon-repelente_ICON-100x100.jpg 100w, https:\/\/inkalys.com\/wp-content\/uploads\/2017\/02\/Jabon-repelente_ICON-150x150.jpg 150w\" sizes=\"(max-width: 250px) 100vw, 250px\" \/><\/div>\t\t<div class=\"bdt-position-center\">\n\t\t\t<div class=\"bdt-portfolio-content\">\n\t\t\t\t<div class=\"bdt-gallery-content-inner\">\n\t\t\t\t\t\t\t\t\t\t\t<div class=\"bdt-flex-inline bdt-gallery-item-link-wrapper\">\n\t\t\t\t\t\t\t\n\t\t\t\t\t\t\t\t\t\t\t\t\t\t\t\t\t\t\t\t\t\t\t<a class=\"bdt-gallery-item-link bdt-link-icon\" href=\"https:\/\/inkalys.com\/en\/portfolio-item\/jabon-repelente\/\" >\n\t\t\t\t\t\t\t\t\t\t\t\t\t\t\t\t\t\t\t<i class=\"ep-icon-link\" aria-hidden=\"true\"><\/i>\n\t\t\t\t\t\t\t\t\t\t\t\t\t\t\t\t\t<\/a>\n\t\t\t\t\t\t\t\t\t\t\t\t\t<\/div>\n\t\t\t\t\t\t\t\t\t<\/div>\n\t\t\t<\/div>\n\t\t<\/div>\n\t\t\t\t\t\t<\/div>\n\t\t\t\t\t\t\t<div class=\"bdt-portfolio-desc\">\n\t\t\t\t\t<a href=\"https:\/\/inkalys.com\/en\/portfolio-item\/jabon-repelente\/\" >\n\t\t\t<h4 class=\"bdt-gallery-item-title bdt-margin-remove\">\n\t\t\t\tJab\u00f3n Repelente\t\t\t<\/h4>\n\t\t<\/a>\n\t\t\t<\/div>\n\t\t\t\t\t\t\t\t\t\t<\/div>\n\t\t\t<\/div>\n\t\t<\/div>\n\t\t<div >\n\t\t\t<div class=\"bdt-gallery-item bdt-transition-toggle\">\n\t\t\t\t<div class=\"bdt-portfolio-inner\">\n\t\t\t\t\t<div class=\"bdt-portfolio-content-inner\">\n\t\t\t\t\t\t<div class=\"bdt-gallery-thumbnail\"><img loading=\"lazy\" decoding=\"async\" width=\"250\" height=\"250\" src=\"https:\/\/inkalys.com\/wp-content\/uploads\/2017\/02\/Jabon-lavanda_ICON.jpg\" class=\"attachment-full size-full\" alt=\"Jab\u00f3n de Lavanda\" srcset=\"https:\/\/inkalys.com\/wp-content\/uploads\/2017\/02\/Jabon-lavanda_ICON.jpg 250w, https:\/\/inkalys.com\/wp-content\/uploads\/2017\/02\/Jabon-lavanda_ICON-100x100.jpg 100w, https:\/\/inkalys.com\/wp-content\/uploads\/2017\/02\/Jabon-lavanda_ICON-150x150.jpg 150w\" sizes=\"(max-width: 250px) 100vw, 250px\" \/><\/div>\t\t<div class=\"bdt-position-center\">\n\t\t\t<div class=\"bdt-portfolio-content\">\n\t\t\t\t<div class=\"bdt-gallery-content-inner\">\n\t\t\t\t\t\t\t\t\t\t\t<div class=\"bdt-flex-inline bdt-gallery-item-link-wrapper\">\n\t\t\t\t\t\t\t\n\t\t\t\t\t\t\t\t\t\t\t\t\t\t\t\t\t\t\t\t\t\t\t<a class=\"bdt-gallery-item-link bdt-link-icon\" href=\"https:\/\/inkalys.com\/en\/portfolio-item\/jabon-de-lavanda\/\" >\n\t\t\t\t\t\t\t\t\t\t\t\t\t\t\t\t\t\t\t<i class=\"ep-icon-link\" aria-hidden=\"true\"><\/i>\n\t\t\t\t\t\t\t\t\t\t\t\t\t\t\t\t\t<\/a>\n\t\t\t\t\t\t\t\t\t\t\t\t\t<\/div>\n\t\t\t\t\t\t\t\t\t<\/div>\n\t\t\t<\/div>\n\t\t<\/div>\n\t\t\t\t\t\t<\/div>\n\t\t\t\t\t\t\t<div class=\"bdt-portfolio-desc\">\n\t\t\t\t\t<a href=\"https:\/\/inkalys.com\/en\/portfolio-item\/jabon-de-lavanda\/\" >\n\t\t\t<h4 class=\"bdt-gallery-item-title bdt-margin-remove\">\n\t\t\t\tJab\u00f3n de Lavanda\t\t\t<\/h4>\n\t\t<\/a>\n\t\t\t<\/div>\n\t\t\t\t\t\t\t\t\t\t<\/div>\n\t\t\t<\/div>\n\t\t<\/div>\n\n\t\t\t<\/div>\n\t\t<\/div>\n\t\t\t\t\t<\/div>\n\t\t\t\t<\/div>\n\t\t\t\t\t<\/div>\n\t\t\t\t<\/div>\n\t\t\t\t<\/div>","protected":false},"excerpt":{"rendered":"<p>Cosmetica Natural En Inkalys estamos comprometidos con el movimiento \u00abSlow Cosmetic\u00bb, que fomenta un enfoque consciente y saludable en el consumo de productos cosm\u00e9ticos. Todos nuestros productos son libres de derivados del petr\u00f3leo, as\u00ed como de excipientes y conservantes da\u00f1inos para la salud. Adem\u00e1s, ofrecemos una selecci\u00f3n cuidadosamente elegida de aceites vehiculares y otros insumos [&hellip;]<\/p>","protected":false},"author":1,"featured_media":0,"parent":1563,"menu_order":0,"comment_status":"closed","ping_status":"closed","template":"","meta":{"_themeisle_gutenberg_block_has_review":false,"_joinchat":[],"footnotes":""},"class_list":["post-1551","page","type-page","status-publish","hentry"],"_links":{"self":[{"href":"https:\/\/inkalys.com\/en\/wp-json\/wp\/v2\/pages\/1551","targetHints":{"allow":["GET"]}}],"collection":[{"href":"https:\/\/inkalys.com\/en\/wp-json\/wp\/v2\/pages"}],"about":[{"href":"https:\/\/inkalys.com\/en\/wp-json\/wp\/v2\/types\/page"}],"author":[{"embeddable":true,"href":"https:\/\/inkalys.com\/en\/wp-json\/wp\/v2\/users\/1"}],"replies":[{"embeddable":true,"href":"https:\/\/inkalys.com\/en\/wp-json\/wp\/v2\/comments?post=1551"}],"version-history":[{"count":29,"href":"https:\/\/inkalys.com\/en\/wp-json\/wp\/v2\/pages\/1551\/revisions"}],"predecessor-version":[{"id":3817,"href":"https:\/\/inkalys.com\/en\/wp-json\/wp\/v2\/pages\/1551\/revisions\/3817"}],"up":[{"embeddable":true,"href":"https:\/\/inkalys.com\/en\/wp-json\/wp\/v2\/pages\/1563"}],"wp:attachment":[{"href":"https:\/\/inkalys.com\/en\/wp-json\/wp\/v2\/media?parent=1551"}],"curies":[{"name":"wp","href":"https:\/\/api.w.org\/{rel}","templated":true}]}}