{"id":1076,"date":"2022-06-21T16:58:19","date_gmt":"2022-06-21T16:58:19","guid":{"rendered":"https:\/\/www.arcetec.work\/incalys\/?page_id=1076"},"modified":"2025-04-30T01:09:30","modified_gmt":"2025-04-30T01:09:30","slug":"quienes-somos-2","status":"publish","type":"page","link":"https:\/\/inkalys.com\/en\/quienes-somos-2\/","title":{"rendered":"About Us"},"content":{"rendered":"<div data-elementor-type=\"wp-page\" data-elementor-id=\"1076\" class=\"elementor elementor-1076\" data-elementor-post-type=\"page\">\n\t\t\t\t<div class=\"elementor-element elementor-element-9bdfb59 e-flex e-con-boxed e-con e-parent\" data-id=\"9bdfb59\" data-element_type=\"container\" data-e-type=\"container\">\n\t\t\t\t\t<div class=\"e-con-inner\">\n\t\t<div class=\"elementor-element elementor-element-e48e8d5 e-con-full e-flex e-con e-child\" data-id=\"e48e8d5\" data-element_type=\"container\" data-e-type=\"container\">\n\t\t\t\t<div class=\"elementor-element elementor-element-ac1622c elementor-widget elementor-widget-heading\" data-id=\"ac1622c\" data-element_type=\"widget\" data-e-type=\"widget\" data-widget_type=\"heading.default\">\n\t\t\t\t<div class=\"elementor-widget-container\">\n\t\t\t\t\t<h2 class=\"elementor-heading-title elementor-size-default\">\nAbout Inkalys\n<\/h2>\t\t\t\t<\/div>\n\t\t\t\t<\/div>\n\t\t\t\t<div class=\"elementor-element elementor-element-f1998d8 elementor-widget elementor-widget-text-editor\" data-id=\"f1998d8\" data-element_type=\"widget\" data-e-type=\"widget\" data-widget_type=\"text-editor.default\">\n\t\t\t\t<div class=\"elementor-widget-container\">\n\t\t\t\t\t\t\t\t\t<p>Nuestro enfoque en la salud y el bienestar integra una amplia variedad de herramientas. Nos dedicamos principalmente a la Alquimia (Espagiria, Herborismo, Aromaterapia) y la Astrolog\u00eda, combinando los aspectos cient\u00edficos con dimensiones m\u00e1s esot\u00e9ricas. Nuestro desaf\u00edo es ofrecer productos eficaces y servicios transformadores que marquen una diferencia tangible.\u00a0En el laboratorio, consideramos la farmacolog\u00eda de cada planta, as\u00ed como sus propiedades energ\u00e9ticas m\u00e1s sutiles e influencias astrol\u00f3gicas.<\/p><p>Inkalys deriva de tres t\u00e9rminos: \u00abInka\u00bb, que representa la gran civilizaci\u00f3n del Tahuantinsuyo; \u00abkalys\u00bb, que significa c\u00e1liz \u2014un recipiente sagrado\u2014; y \u00abLys\u00bb, que hace referencia a la flor Lys. In\u2011ka\u2011Lys significa \u00abdentro del c\u00e1liz\u00bb y se\u00f1ala el lugar donde se contiene la quintaesencia. Al igual que en las mu\u00f1ecas rusas, nuestro cuerpo sirve de recipiente para el alma, y el alma act\u00faa como c\u00e1liz para el esp\u00edritu. Adem\u00e1s, la s\u00edlaba \u00abKa\u00bb alude al concepto egipcio de la esencia vital que anima toda forma de vida.<\/p><p>Este simbolismo en capas transmite el prop\u00f3sito de Inkalys: elaborar elixires alqu\u00edmicos refinados y productos para optimizar la salud, potenciar la vitalidad, favorecer la longevidad, apoyar el crecimiento personal y la evoluci\u00f3n del alma para su reencuentro con el esp\u00edritu. Consideramos cada cliente como un recipiente sagrado y nos comprometemos a tratarlos como tal, ofreci\u00e9ndo los mejores productos y servicios.<\/p>\t\t\t\t\t\t\t\t<\/div>\n\t\t\t\t<\/div>\n\t\t\t\t<\/div>\n\t\t<div class=\"elementor-element elementor-element-76f4ab6 e-con-full e-flex e-con e-child\" data-id=\"76f4ab6\" data-element_type=\"container\" data-e-type=\"container\">\n\t\t\t\t<div class=\"elementor-element elementor-element-dfe8b33 elementor-widget elementor-widget-image\" data-id=\"dfe8b33\" data-element_type=\"widget\" data-e-type=\"widget\" data-widget_type=\"image.default\">\n\t\t\t\t<div class=\"elementor-widget-container\">\n\t\t\t\t\t\t\t\t\t\t\t\t\t\t\t<img fetchpriority=\"high\" decoding=\"async\" width=\"1022\" height=\"1600\" src=\"https:\/\/inkalys.com\/wp-content\/uploads\/2022\/06\/Inkalys-flask.jpg\" class=\"attachment-full size-full wp-image-4101\" alt=\"\" srcset=\"https:\/\/inkalys.com\/wp-content\/uploads\/2022\/06\/Inkalys-flask.jpg 1022w, https:\/\/inkalys.com\/wp-content\/uploads\/2022\/06\/Inkalys-flask-600x939.jpg 600w, https:\/\/inkalys.com\/wp-content\/uploads\/2022\/06\/Inkalys-flask-192x300.jpg 192w, https:\/\/inkalys.com\/wp-content\/uploads\/2022\/06\/Inkalys-flask-654x1024.jpg 654w, https:\/\/inkalys.com\/wp-content\/uploads\/2022\/06\/Inkalys-flask-768x1202.jpg 768w, https:\/\/inkalys.com\/wp-content\/uploads\/2022\/06\/Inkalys-flask-981x1536.jpg 981w, https:\/\/inkalys.com\/wp-content\/uploads\/2022\/06\/Inkalys-flask-8x12.jpg 8w\" sizes=\"(max-width: 1022px) 100vw, 1022px\" \/>\t\t\t\t\t\t\t\t\t\t\t\t\t\t\t<\/div>\n\t\t\t\t<\/div>\n\t\t\t\t<\/div>\n\t\t\t\t\t<\/div>\n\t\t\t\t<\/div>\n\t\t<div class=\"elementor-element elementor-element-cc5275e e-flex e-con-boxed e-con e-parent\" data-id=\"cc5275e\" data-element_type=\"container\" data-e-type=\"container\">\n\t\t\t\t\t<div class=\"e-con-inner\">\n\t\t<div class=\"elementor-element elementor-element-a0c72ca e-con-full e-flex e-con e-child\" data-id=\"a0c72ca\" data-element_type=\"container\" data-e-type=\"container\">\n\t\t\t\t<div class=\"elementor-element elementor-element-76a66f4 elementor-widget elementor-widget-bdt-profile-card\" data-id=\"76a66f4\" data-element_type=\"widget\" data-e-type=\"widget\" data-widget_type=\"bdt-profile-card.default\">\n\t\t\t\t<div class=\"elementor-widget-container\">\n\t\t\t\t\t\n\t\t<div class=\"bdt-profile-card\">\n            <div class=\"bdt-profile-card-item\">\n\n                <div class=\"bdt-profile-card-header bdt-flex bdt-flex-between\">\n\n                    <div class=\"bdt-profile-card-pro\">\n                \t                    <\/div>\n\t\t\t\t\t\n\t\t\t\t\t\n                <\/div>\n\n                <div class=\"bdt-profile-card-inner bdt-text-center\">\n\t\t\t\t\t\n\t\t\t\t\t                    <div class=\"bdt-profile-card-image\">\n                        <img decoding=\"async\" src=\"https:\/\/inkalys.com\/wp-content\/uploads\/2017\/02\/Pierre-Alexandre.jpg\" title=\"Pierre-Alexandre\" alt=\"Pierre-Alexandre\" loading=\"lazy\" \/>                    <\/div>\n                    \t\t\t\t\t\n                    <div class=\"bdt-profile-card-name-info\">\n\n\t\t\t\t\t\t                        <h3 class=\"bdt-name\">Pierre<\/h3>\n                        \n\t\t\t\t\t\t                        <span class=\"bdt-username\"> Fitoterapeuta, Aromaterapeuta, Wellness coach<\/span>\n                        \n                    <\/div>\n\n\t\t\t\t\t                    <div class=\"bdt-profile-card-bio\">\n                        <p>Herborista de profesi\u00f3n, apasionado por la etnobot\u00e1nica y practicante de la alquimia. Mis intereses abarcan desde las sabidur\u00edas antiguas hasta las ciencias modernas. Investigo temas relacionados con la herborister\u00eda, la nutrici\u00f3n, la alquimia y la longevidad. Me dedico a la formulaci\u00f3n de productos en el laboratorio. Doy talleres y consultas en salud hol\u00edstica, integrando herramientas como la fitoterapia y la aromaterapia, la alquimia y el hermetismo, la nutrici\u00f3n, el fitness y la longevidad.<\/p>                    <\/div>\n                    \n\n\t\t\t\t\t\t\t\t\t\t\n\t\t\t\t\t\n\t\t\t\t\t\n\t\t\n                <\/div>\n\n            <\/div>\n        <\/div>\n\n\t\t\t\t\t\t<\/div>\n\t\t\t\t<\/div>\n\t\t\t\t<\/div>\n\t\t<div class=\"elementor-element elementor-element-085e315 e-con-full e-flex e-con e-child\" data-id=\"085e315\" data-element_type=\"container\" data-e-type=\"container\">\n\t\t\t\t<div class=\"elementor-element elementor-element-8407c37 elementor-widget elementor-widget-bdt-profile-card\" data-id=\"8407c37\" data-element_type=\"widget\" data-e-type=\"widget\" data-widget_type=\"bdt-profile-card.default\">\n\t\t\t\t<div class=\"elementor-widget-container\">\n\t\t\t\t\t\n\t\t<div class=\"bdt-profile-card\">\n            <div class=\"bdt-profile-card-item\">\n\n                <div class=\"bdt-profile-card-header bdt-flex bdt-flex-between\">\n\n                    <div class=\"bdt-profile-card-pro\">\n                \t                    <\/div>\n\t\t\t\t\t\n\t\t\t\t\t\n                <\/div>\n\n                <div class=\"bdt-profile-card-inner bdt-text-center\">\n\t\t\t\t\t\n\t\t\t\t\t                    <div class=\"bdt-profile-card-image\">\n                        <img decoding=\"async\" src=\"https:\/\/inkalys.com\/wp-content\/uploads\/2024\/10\/SyL.jpg\" title=\"SyL\" alt=\"SyL\" loading=\"lazy\" \/>                    <\/div>\n                    \t\t\t\t\t\n                    <div class=\"bdt-profile-card-name-info\">\n\n\t\t\t\t\t\t                        <h3 class=\"bdt-name\">Sylvia<\/h3>\n                        \n\t\t\t\t\t\t                        <span class=\"bdt-username\">Especialista en Terapias alternativas, Astr\u00f3loga hol\u00edstica<\/span>\n                        \n                    <\/div>\n\n\t\t\t\t\t                    <div class=\"bdt-profile-card-bio\">\n                        <p>Mi inter\u00e9s por las terapias alternativas empez\u00f3 en el 2004 cuando fui diagnosticada de una enfermedad autoinmune. Desde entonces he experimentado con m\u00faltiples herramientas para alcanzar un mejor estado de salud.\u00a0 <br \/>Mi visi\u00f3n de la salud es hol\u00edstica, cuidando tanto el cuerpo f\u00edsico como la parte mental-emocional. <br \/>Realizo acompa\u00f1amientos de ayuno y limpieza, lecturas de astrolog\u00eda y tarot, opero la tecnolog\u00eda cu\u00e1ntica PMT y dicto talleres regularmente.<\/p>                    <\/div>\n                    \n\n\t\t\t\t\t\t\t\t\t\t\n\t\t\t\t\t\n\t\t\t\t\t\n\t\t\n                <\/div>\n\n            <\/div>\n        <\/div>\n\n\t\t\t\t\t\t<\/div>\n\t\t\t\t<\/div>\n\t\t\t\t<\/div>\n\t\t\t\t\t<\/div>\n\t\t\t\t<\/div>\n\t\t\t\t<\/div>","protected":false},"excerpt":{"rendered":"<p>Acerca de Inkalys Nuestro enfoque en la salud y el bienestar integra una amplia variedad de herramientas. Nos dedicamos principalmente a la Alquimia (Espagiria, Herborismo, Aromaterapia) y la Astrolog\u00eda, combinando los aspectos cient\u00edficos con dimensiones m\u00e1s esot\u00e9ricas. Nuestro desaf\u00edo es ofrecer productos eficaces y servicios transformadores que marquen una diferencia tangible.\u00a0En el laboratorio, consideramos la [&hellip;]<\/p>","protected":false},"author":1,"featured_media":0,"parent":0,"menu_order":0,"comment_status":"closed","ping_status":"closed","template":"","meta":{"_themeisle_gutenberg_block_has_review":false,"_joinchat":[],"footnotes":""},"class_list":["post-1076","page","type-page","status-publish","hentry"],"_links":{"self":[{"href":"https:\/\/inkalys.com\/en\/wp-json\/wp\/v2\/pages\/1076","targetHints":{"allow":["GET"]}}],"collection":[{"href":"https:\/\/inkalys.com\/en\/wp-json\/wp\/v2\/pages"}],"about":[{"href":"https:\/\/inkalys.com\/en\/wp-json\/wp\/v2\/types\/page"}],"author":[{"embeddable":true,"href":"https:\/\/inkalys.com\/en\/wp-json\/wp\/v2\/users\/1"}],"replies":[{"embeddable":true,"href":"https:\/\/inkalys.com\/en\/wp-json\/wp\/v2\/comments?post=1076"}],"version-history":[{"count":56,"href":"https:\/\/inkalys.com\/en\/wp-json\/wp\/v2\/pages\/1076\/revisions"}],"predecessor-version":[{"id":5739,"href":"https:\/\/inkalys.com\/en\/wp-json\/wp\/v2\/pages\/1076\/revisions\/5739"}],"wp:attachment":[{"href":"https:\/\/inkalys.com\/en\/wp-json\/wp\/v2\/media?parent=1076"}],"curies":[{"name":"wp","href":"https:\/\/api.w.org\/{rel}","templated":true}]}}