{"id":1075,"date":"2022-06-21T16:57:49","date_gmt":"2022-06-21T16:57:49","guid":{"rendered":"https:\/\/www.arcetec.work\/incalys\/?page_id=1075"},"modified":"2024-12-30T23:35:55","modified_gmt":"2024-12-30T23:35:55","slug":"talleres","status":"publish","type":"page","link":"https:\/\/inkalys.com\/en\/talleres\/","title":{"rendered":"Workshops"},"content":{"rendered":"<div data-elementor-type=\"wp-page\" data-elementor-id=\"1075\" class=\"elementor elementor-1075\" data-elementor-post-type=\"page\">\n\t\t\t\t\t\t<section class=\"elementor-section elementor-top-section elementor-element elementor-element-c67e7a4 elementor-section-boxed elementor-section-height-default elementor-section-height-default\" data-id=\"c67e7a4\" data-element_type=\"section\" data-e-type=\"section\">\n\t\t\t\t\t\t<div class=\"elementor-container elementor-column-gap-default\">\n\t\t\t\t\t<div class=\"elementor-column elementor-col-33 elementor-top-column elementor-element elementor-element-11e0f0c\" data-id=\"11e0f0c\" data-element_type=\"column\" data-e-type=\"column\">\n\t\t\t<div class=\"elementor-widget-wrap elementor-element-populated\">\n\t\t\t\t\t\t<div class=\"elementor-element elementor-element-aad8d53 elementor-invisible elementor-widget elementor-widget-bdt-interactive-card\" data-id=\"aad8d53\" data-element_type=\"widget\" data-e-type=\"widget\" data-settings=\"{&quot;_animation&quot;:&quot;fadeInLeft&quot;}\" data-widget_type=\"bdt-interactive-card.default\">\n\t\t\t\t<div class=\"elementor-widget-container\">\n\t\t\t\t\t        <div class=\"bdt-interactive-card bdt-interactive-card-default\">\n\n            <div class=\"bdt-grid bdt-grid-collapse bdt-card-effect-top\">\n\n                <div class=\"bdt-width-1-1\">\n                            <div class=\"bdt-position-relative\">\n                                        <div class=\"bdt-image-hover-effect bdt-interactive-card-image\">\n                <div class=\"bdt-position-relative bdt-image-mask\">\n                    <img fetchpriority=\"high\" decoding=\"async\" width=\"1366\" height=\"768\" src=\"https:\/\/inkalys.com\/wp-content\/uploads\/2017\/03\/Collage_caminata-plantas.jpg\" class=\"attachment-full size-full\" alt=\" Caminata de identificaci\u00f3n de plantas medicinales\" srcset=\"https:\/\/inkalys.com\/wp-content\/uploads\/2017\/03\/Collage_caminata-plantas.jpg 1366w, https:\/\/inkalys.com\/wp-content\/uploads\/2017\/03\/Collage_caminata-plantas-600x337.jpg 600w, https:\/\/inkalys.com\/wp-content\/uploads\/2017\/03\/Collage_caminata-plantas-300x169.jpg 300w, https:\/\/inkalys.com\/wp-content\/uploads\/2017\/03\/Collage_caminata-plantas-1024x576.jpg 1024w, https:\/\/inkalys.com\/wp-content\/uploads\/2017\/03\/Collage_caminata-plantas-768x432.jpg 768w\" sizes=\"(max-width: 1366px) 100vw, 1366px\" \/>                <\/div>\n            <\/div>\n                    <\/div>\n                        <\/div>\n\n                <div class=\"bdt-width-1-1\">\n                    <div class=\"bdt-interactive-card-content\">\n                                            <div class=\"bdt-interactive-card-sub-title\">\n                            <\/div>\n        \n                    <h5 class=\"bdt-interactive-card-title\">\n            <span >\n                 Medicinal plants identification walk            <\/span>\n            <\/h5>\n        \n        \n                    <div class=\"bdt-interactive-card-button\">\n                <a class=\"bdt-interactive-card-readmore bdt-display-inline-block\" href=\"#\">\n                    <span class=\"ep-icon-long-arrow-right\"><\/span>\n                    <span class=\"bdt-position-relative\">\n\t\t\t\t\t\tFind out more\t\t\t\t\t<\/span>\n                <\/a>\n            <\/div>\n                                    <\/div>\n                <\/div>\n\n            <\/div>\n\n        <\/div>\n\n        \t\t\t\t<\/div>\n\t\t\t\t<\/div>\n\t\t\t\t\t<\/div>\n\t\t<\/div>\n\t\t\t\t<div class=\"elementor-column elementor-col-33 elementor-top-column elementor-element elementor-element-f901d2b\" data-id=\"f901d2b\" data-element_type=\"column\" data-e-type=\"column\">\n\t\t\t<div class=\"elementor-widget-wrap elementor-element-populated\">\n\t\t\t\t\t\t<div class=\"elementor-element elementor-element-68f3cfa elementor-invisible elementor-widget elementor-widget-bdt-interactive-card\" data-id=\"68f3cfa\" data-element_type=\"widget\" data-e-type=\"widget\" data-settings=\"{&quot;_animation&quot;:&quot;fadeInUp&quot;}\" data-widget_type=\"bdt-interactive-card.default\">\n\t\t\t\t<div class=\"elementor-widget-container\">\n\t\t\t\t\t        <div class=\"bdt-interactive-card bdt-interactive-card-default\">\n\n            <div class=\"bdt-grid bdt-grid-collapse bdt-card-effect-top\">\n\n                <div class=\"bdt-width-1-1\">\n                            <div class=\"bdt-position-relative\">\n                                        <div class=\"bdt-image-hover-effect bdt-interactive-card-image\">\n                <div class=\"bdt-position-relative bdt-image-mask\">\n                    <img decoding=\"async\" width=\"800\" height=\"432\" src=\"https:\/\/inkalys.com\/wp-content\/uploads\/2017\/01\/Workshop_introduccion.jpg\" class=\"attachment-full size-full\" alt=\" Introducci\u00f3n a la Aromaterapia\" srcset=\"https:\/\/inkalys.com\/wp-content\/uploads\/2017\/01\/Workshop_introduccion.jpg 800w, https:\/\/inkalys.com\/wp-content\/uploads\/2017\/01\/Workshop_introduccion-600x324.jpg 600w, https:\/\/inkalys.com\/wp-content\/uploads\/2017\/01\/Workshop_introduccion-300x162.jpg 300w, https:\/\/inkalys.com\/wp-content\/uploads\/2017\/01\/Workshop_introduccion-768x415.jpg 768w\" sizes=\"(max-width: 800px) 100vw, 800px\" \/>                <\/div>\n            <\/div>\n                    <\/div>\n                        <\/div>\n\n                <div class=\"bdt-width-1-1\">\n                    <div class=\"bdt-interactive-card-content\">\n                                            <div class=\"bdt-interactive-card-sub-title\">\n                            <\/div>\n        \n                    <h5 class=\"bdt-interactive-card-title\">\n            <span >\n                 Introduction to Aromatherapy            <\/span>\n            <\/h5>\n        \n        \n                    <div class=\"bdt-interactive-card-button\">\n                <a class=\"bdt-interactive-card-readmore bdt-display-inline-block\" href=\"#\">\n                    <span class=\"ep-icon-long-arrow-right\"><\/span>\n                    <span class=\"bdt-position-relative\">\n\t\t\t\t\t\tFind out more\t\t\t\t\t<\/span>\n                <\/a>\n            <\/div>\n                                    <\/div>\n                <\/div>\n\n            <\/div>\n\n        <\/div>\n\n        \t\t\t\t<\/div>\n\t\t\t\t<\/div>\n\t\t\t\t\t<\/div>\n\t\t<\/div>\n\t\t\t\t<div class=\"elementor-column elementor-col-33 elementor-top-column elementor-element elementor-element-5c97549\" data-id=\"5c97549\" data-element_type=\"column\" data-e-type=\"column\">\n\t\t\t<div class=\"elementor-widget-wrap elementor-element-populated\">\n\t\t\t\t\t\t<div class=\"elementor-element elementor-element-2ec3d61 elementor-invisible elementor-widget elementor-widget-bdt-interactive-card\" data-id=\"2ec3d61\" data-element_type=\"widget\" data-e-type=\"widget\" data-settings=\"{&quot;_animation&quot;:&quot;fadeInRight&quot;}\" data-widget_type=\"bdt-interactive-card.default\">\n\t\t\t\t<div class=\"elementor-widget-container\">\n\t\t\t\t\t        <div class=\"bdt-interactive-card bdt-interactive-card-default\">\n\n            <div class=\"bdt-grid bdt-grid-collapse bdt-card-effect-top\">\n\n                <div class=\"bdt-width-1-1\">\n                            <div class=\"bdt-position-relative\">\n                                        <div class=\"bdt-image-hover-effect bdt-interactive-card-image\">\n                <div class=\"bdt-position-relative bdt-image-mask\">\n                    <img decoding=\"async\" width=\"1000\" height=\"552\" src=\"https:\/\/inkalys.com\/wp-content\/uploads\/2017\/02\/Taller-aromaterapia.jpg\" class=\"attachment-full size-full\" alt=\" Destilaci\u00f3n de aceites esenciales\" srcset=\"https:\/\/inkalys.com\/wp-content\/uploads\/2017\/02\/Taller-aromaterapia.jpg 1000w, https:\/\/inkalys.com\/wp-content\/uploads\/2017\/02\/Taller-aromaterapia-600x331.jpg 600w, https:\/\/inkalys.com\/wp-content\/uploads\/2017\/02\/Taller-aromaterapia-300x166.jpg 300w, https:\/\/inkalys.com\/wp-content\/uploads\/2017\/02\/Taller-aromaterapia-768x424.jpg 768w\" sizes=\"(max-width: 1000px) 100vw, 1000px\" \/>                <\/div>\n            <\/div>\n                    <\/div>\n                        <\/div>\n\n                <div class=\"bdt-width-1-1\">\n                    <div class=\"bdt-interactive-card-content\">\n                                            <div class=\"bdt-interactive-card-sub-title\">\n                            <\/div>\n        \n                    <h5 class=\"bdt-interactive-card-title\">\n            <span >\n                 Distillation workshop            <\/span>\n            <\/h5>\n        \n        \n                    <div class=\"bdt-interactive-card-button\">\n                <a class=\"bdt-interactive-card-readmore bdt-display-inline-block\" href=\"#\">\n                    <span class=\"ep-icon-long-arrow-right\"><\/span>\n                    <span class=\"bdt-position-relative\">\n\t\t\t\t\t\tFind out more\t\t\t\t\t<\/span>\n                <\/a>\n            <\/div>\n                                    <\/div>\n                <\/div>\n\n            <\/div>\n\n        <\/div>\n\n        \t\t\t\t<\/div>\n\t\t\t\t<\/div>\n\t\t\t\t\t<\/div>\n\t\t<\/div>\n\t\t\t\t\t<\/div>\n\t\t<\/section>\n\t\t\t\t<\/div>","protected":false},"excerpt":{"rendered":"<p>Caminata de identificaci\u00f3n de plantas medicinales M\u00c1S INFO Introducci\u00f3n a la Aromaterapia M\u00c1S INFO Destilaci\u00f3n de aceites esenciales M\u00c1S INFO<\/p>","protected":false},"author":1,"featured_media":0,"parent":0,"menu_order":0,"comment_status":"closed","ping_status":"closed","template":"","meta":{"_themeisle_gutenberg_block_has_review":false,"_joinchat":[],"footnotes":""},"class_list":["post-1075","page","type-page","status-publish","hentry"],"_links":{"self":[{"href":"https:\/\/inkalys.com\/en\/wp-json\/wp\/v2\/pages\/1075","targetHints":{"allow":["GET"]}}],"collection":[{"href":"https:\/\/inkalys.com\/en\/wp-json\/wp\/v2\/pages"}],"about":[{"href":"https:\/\/inkalys.com\/en\/wp-json\/wp\/v2\/types\/page"}],"author":[{"embeddable":true,"href":"https:\/\/inkalys.com\/en\/wp-json\/wp\/v2\/users\/1"}],"replies":[{"embeddable":true,"href":"https:\/\/inkalys.com\/en\/wp-json\/wp\/v2\/comments?post=1075"}],"version-history":[{"count":21,"href":"https:\/\/inkalys.com\/en\/wp-json\/wp\/v2\/pages\/1075\/revisions"}],"predecessor-version":[{"id":5264,"href":"https:\/\/inkalys.com\/en\/wp-json\/wp\/v2\/pages\/1075\/revisions\/5264"}],"wp:attachment":[{"href":"https:\/\/inkalys.com\/en\/wp-json\/wp\/v2\/media?parent=1075"}],"curies":[{"name":"wp","href":"https:\/\/api.w.org\/{rel}","templated":true}]}}