{"id":1073,"date":"2022-06-21T16:57:36","date_gmt":"2022-06-21T16:57:36","guid":{"rendered":"https:\/\/www.arcetec.work\/incalys\/?page_id=1073"},"modified":"2025-01-02T04:52:32","modified_gmt":"2025-01-02T04:52:32","slug":"coaching","status":"publish","type":"page","link":"https:\/\/inkalys.com\/en\/coaching\/","title":{"rendered":"Coaching"},"content":{"rendered":"<div data-elementor-type=\"wp-page\" data-elementor-id=\"1073\" class=\"elementor elementor-1073\" data-elementor-post-type=\"page\">\n\t\t\t\t<div class=\"elementor-element elementor-element-d199b8f e-con-full e-flex e-con e-parent\" data-id=\"d199b8f\" data-element_type=\"container\" data-e-type=\"container\" data-settings=\"{&quot;background_background&quot;:&quot;classic&quot;}\">\n\t\t\t\t<div class=\"elementor-element elementor-element-00584a7 elementor-widget-divider--separator-type-pattern elementor-widget-divider--view-line elementor-widget elementor-widget-divider\" data-id=\"00584a7\" data-element_type=\"widget\" data-e-type=\"widget\" data-widget_type=\"divider.default\">\n\t\t\t\t<div class=\"elementor-widget-container\">\n\t\t\t\t\t\t\t<div class=\"elementor-divider\" style=\"--divider-pattern-url: url(&quot;data:image\/svg+xml,%3Csvg xmlns=&#039;http:\/\/www.w3.org\/2000\/svg&#039; preserveAspectRatio=&#039;none&#039; overflow=&#039;visible&#039; height=&#039;100%&#039; viewBox=&#039;0 0 24 24&#039; fill=&#039;none&#039; stroke=&#039;black&#039; stroke-width=&#039;3.5&#039; stroke-linecap=&#039;square&#039; stroke-miterlimit=&#039;10&#039;%3E%3Cpath d=&#039;M0,6c6,0,6,13,12,13S18,6,24,6&#039;\/%3E%3C\/svg%3E&quot;);\">\n\t\t\t<span class=\"elementor-divider-separator\">\n\t\t\t\t\t\t<\/span>\n\t\t<\/div>\n\t\t\t\t\t\t<\/div>\n\t\t\t\t<\/div>\n\t\t\t\t<\/div>\n\t\t<div class=\"elementor-element elementor-element-0346e31 e-flex e-con-boxed e-con e-parent\" data-id=\"0346e31\" data-element_type=\"container\" data-e-type=\"container\" data-settings=\"{&quot;background_background&quot;:&quot;classic&quot;}\">\n\t\t\t\t\t<div class=\"e-con-inner\">\n\t\t<div class=\"elementor-element elementor-element-5f77db7 e-con-full e-flex e-con e-child\" data-id=\"5f77db7\" data-element_type=\"container\" data-e-type=\"container\">\n\t\t\t\t<div class=\"elementor-element elementor-element-53de7cd elementor-widget elementor-widget-text-editor\" data-id=\"53de7cd\" data-element_type=\"widget\" data-e-type=\"widget\" data-widget_type=\"text-editor.default\">\n\t\t\t\t<div class=\"elementor-widget-container\">\n\t\t\t\t\t\t\t\t\t<p><em>\u00abLa medicina no es solo una ciencia; tambi\u00e9n es un arte. No consiste en mezclar p\u00edldoras y emplastos; trata con los propios procesos de la vida, los cuales deben ser comprendidos antes de que puedan ser guiados.\u00bb <\/em>\u00a0 \u00a0<\/p><p>&#8211; <em><span style=\"text-decoration: underline;\"><strong>Paracelso<\/strong><\/span><\/em><\/p>\t\t\t\t\t\t\t\t<\/div>\n\t\t\t\t<\/div>\n\t\t\t\t<\/div>\n\t\t<div class=\"elementor-element elementor-element-3c2bbdd e-con-full e-flex e-con e-child\" data-id=\"3c2bbdd\" data-element_type=\"container\" data-e-type=\"container\">\n\t\t\t\t<div class=\"elementor-element elementor-element-344aaa1 elementor-widget elementor-widget-image\" data-id=\"344aaa1\" data-element_type=\"widget\" data-e-type=\"widget\" data-widget_type=\"image.default\">\n\t\t\t\t<div class=\"elementor-widget-container\">\n\t\t\t\t\t\t\t\t\t\t\t\t\t\t\t<img fetchpriority=\"high\" decoding=\"async\" width=\"300\" height=\"225\" src=\"https:\/\/inkalys.com\/wp-content\/uploads\/2019\/04\/shutterstock_Consultas-asesorias-resized-300x225.jpg\" class=\"attachment-medium size-medium wp-image-798\" alt=\"\" srcset=\"https:\/\/inkalys.com\/wp-content\/uploads\/2019\/04\/shutterstock_Consultas-asesorias-resized-300x225.jpg 300w, https:\/\/inkalys.com\/wp-content\/uploads\/2019\/04\/shutterstock_Consultas-asesorias-resized-600x450.jpg 600w, https:\/\/inkalys.com\/wp-content\/uploads\/2019\/04\/shutterstock_Consultas-asesorias-resized-768x576.jpg 768w, https:\/\/inkalys.com\/wp-content\/uploads\/2019\/04\/shutterstock_Consultas-asesorias-resized.jpg 950w\" sizes=\"(max-width: 300px) 100vw, 300px\" \/>\t\t\t\t\t\t\t\t\t\t\t\t\t\t\t<\/div>\n\t\t\t\t<\/div>\n\t\t\t\t<\/div>\n\t\t<div class=\"elementor-element elementor-element-5250e6b e-con-full e-flex e-con e-child\" data-id=\"5250e6b\" data-element_type=\"container\" data-e-type=\"container\">\n\t\t\t\t<div class=\"elementor-element elementor-element-b1d153a elementor-widget elementor-widget-heading\" data-id=\"b1d153a\" data-element_type=\"widget\" data-e-type=\"widget\" data-widget_type=\"heading.default\">\n\t\t\t\t<div class=\"elementor-widget-container\">\n\t\t\t\t\t<h2 class=\"elementor-heading-title elementor-size-default\">Consulta en Salud Alternativa<\/h2>\t\t\t\t<\/div>\n\t\t\t\t<\/div>\n\t\t\t\t<div class=\"elementor-element elementor-element-e5504a0 elementor-widget elementor-widget-text-editor\" data-id=\"e5504a0\" data-element_type=\"widget\" data-e-type=\"widget\" data-widget_type=\"text-editor.default\">\n\t\t\t\t<div class=\"elementor-widget-container\">\n\t\t\t\t\t\t\t\t\t<p style=\"text-align: center;\">Asesor\u00eda en fitoterapia, nutrici\u00f3n y suplementaci\u00f3n. Enfoque natural para estrategias detox, manejo de inflamaci\u00f3n, enfermedades auto-inmunes y trastornos neurovegetativos.<\/p>\t\t\t\t\t\t\t\t<\/div>\n\t\t\t\t<\/div>\n\t\t\t\t<div class=\"elementor-element elementor-element-11d8ae8 elementor-align-center elementor-widget elementor-widget-button\" data-id=\"11d8ae8\" data-element_type=\"widget\" data-e-type=\"widget\" data-widget_type=\"button.default\">\n\t\t\t\t<div class=\"elementor-widget-container\">\n\t\t\t\t\t\t\t\t\t<div class=\"elementor-button-wrapper\">\n\t\t\t\t\t<a class=\"elementor-button elementor-button-link elementor-size-sm elementor-animation-float\" href=\"https:\/\/api.whatsapp.com\/send\/?phone=51998102992&#038;text&#038;type=phone_number&#038;app_absent=0\">\n\t\t\t\t\t\t<span class=\"elementor-button-content-wrapper\">\n\t\t\t\t\t\t\t\t\t<span class=\"elementor-button-text\">AGENDAR CITA<\/span>\n\t\t\t\t\t<\/span>\n\t\t\t\t\t<\/a>\n\t\t\t\t<\/div>\n\t\t\t\t\t\t\t\t<\/div>\n\t\t\t\t<\/div>\n\t\t\t\t<\/div>\n\t\t\t\t\t<\/div>\n\t\t\t\t<\/div>\n\t\t<div class=\"elementor-element elementor-element-d2b701e e-con-full e-flex e-con e-parent\" data-id=\"d2b701e\" data-element_type=\"container\" data-e-type=\"container\" data-settings=\"{&quot;background_background&quot;:&quot;classic&quot;}\">\n\t\t\t\t<div class=\"elementor-element elementor-element-5251298 elementor-widget-divider--separator-type-pattern elementor-widget-divider--view-line elementor-widget elementor-widget-divider\" data-id=\"5251298\" data-element_type=\"widget\" data-e-type=\"widget\" data-widget_type=\"divider.default\">\n\t\t\t\t<div class=\"elementor-widget-container\">\n\t\t\t\t\t\t\t<div class=\"elementor-divider\" style=\"--divider-pattern-url: url(&quot;data:image\/svg+xml,%3Csvg xmlns=&#039;http:\/\/www.w3.org\/2000\/svg&#039; preserveAspectRatio=&#039;none&#039; overflow=&#039;visible&#039; height=&#039;100%&#039; viewBox=&#039;0 0 24 24&#039; fill=&#039;none&#039; stroke=&#039;black&#039; stroke-width=&#039;3.5&#039; stroke-linecap=&#039;square&#039; stroke-miterlimit=&#039;10&#039;%3E%3Cpath d=&#039;M0,6c6,0,6,13,12,13S18,6,24,6&#039;\/%3E%3C\/svg%3E&quot;);\">\n\t\t\t<span class=\"elementor-divider-separator\">\n\t\t\t\t\t\t<\/span>\n\t\t<\/div>\n\t\t\t\t\t\t<\/div>\n\t\t\t\t<\/div>\n\t\t\t\t<\/div>\n\t\t<div class=\"elementor-element elementor-element-180e8ea e-flex e-con-boxed e-con e-parent\" data-id=\"180e8ea\" data-element_type=\"container\" data-e-type=\"container\" data-settings=\"{&quot;background_background&quot;:&quot;classic&quot;}\">\n\t\t\t\t\t<div class=\"e-con-inner\">\n\t\t<div class=\"elementor-element elementor-element-41d11cc e-con-full e-flex e-con e-child\" data-id=\"41d11cc\" data-element_type=\"container\" data-e-type=\"container\">\n\t\t\t\t<div class=\"elementor-element elementor-element-7080424 elementor-widget elementor-widget-heading\" data-id=\"7080424\" data-element_type=\"widget\" data-e-type=\"widget\" data-widget_type=\"heading.default\">\n\t\t\t\t<div class=\"elementor-widget-container\">\n\t\t\t\t\t<h2 class=\"elementor-heading-title elementor-size-default\">Coaching hol\u00edstico<\/h2>\t\t\t\t<\/div>\n\t\t\t\t<\/div>\n\t\t\t\t<div class=\"elementor-element elementor-element-9ca2afd elementor-widget elementor-widget-text-editor\" data-id=\"9ca2afd\" data-element_type=\"widget\" data-e-type=\"widget\" data-widget_type=\"text-editor.default\">\n\t\t\t\t<div class=\"elementor-widget-container\">\n\t\t\t\t\t\t\t\t\t<p style=\"text-align: center;\">Acompa\u00f1amiento para el desarollo personal, superaci\u00f3n de addiciones, shaddow work,\u00a0integraci\u00f3n de experiencias con plantas maestras y trabajo energ\u00e9tico.<\/p>\t\t\t\t\t\t\t\t<\/div>\n\t\t\t\t<\/div>\n\t\t\t\t<div class=\"elementor-element elementor-element-11f070b elementor-align-center elementor-widget elementor-widget-button\" data-id=\"11f070b\" data-element_type=\"widget\" data-e-type=\"widget\" data-widget_type=\"button.default\">\n\t\t\t\t<div class=\"elementor-widget-container\">\n\t\t\t\t\t\t\t\t\t<div class=\"elementor-button-wrapper\">\n\t\t\t\t\t<a class=\"elementor-button elementor-button-link elementor-size-sm elementor-animation-float\" href=\"https:\/\/api.whatsapp.com\/send\/?phone=51998102992&#038;text&#038;type=phone_number&#038;app_absent=0\">\n\t\t\t\t\t\t<span class=\"elementor-button-content-wrapper\">\n\t\t\t\t\t\t\t\t\t<span class=\"elementor-button-text\">AGENDAR CITA<\/span>\n\t\t\t\t\t<\/span>\n\t\t\t\t\t<\/a>\n\t\t\t\t<\/div>\n\t\t\t\t\t\t\t\t<\/div>\n\t\t\t\t<\/div>\n\t\t\t\t<\/div>\n\t\t<div class=\"elementor-element elementor-element-578e2a2 e-con-full e-flex e-con e-child\" data-id=\"578e2a2\" data-element_type=\"container\" data-e-type=\"container\">\n\t\t\t\t<div class=\"elementor-element elementor-element-20d8133 elementor-widget elementor-widget-image\" data-id=\"20d8133\" data-element_type=\"widget\" data-e-type=\"widget\" data-widget_type=\"image.default\">\n\t\t\t\t<div class=\"elementor-widget-container\">\n\t\t\t\t\t\t\t\t\t\t\t\t\t\t\t<img decoding=\"async\" width=\"300\" height=\"300\" src=\"https:\/\/inkalys.com\/wp-content\/uploads\/2025\/01\/Inkalys-by-GPT9-300x300.jpg\" class=\"attachment-medium size-medium wp-image-5323\" alt=\"\" srcset=\"https:\/\/inkalys.com\/wp-content\/uploads\/2025\/01\/Inkalys-by-GPT9-300x300.jpg 300w, https:\/\/inkalys.com\/wp-content\/uploads\/2025\/01\/Inkalys-by-GPT9-150x150.jpg 150w, https:\/\/inkalys.com\/wp-content\/uploads\/2025\/01\/Inkalys-by-GPT9-768x768.jpg 768w, https:\/\/inkalys.com\/wp-content\/uploads\/2025\/01\/Inkalys-by-GPT9-12x12.jpg 12w, https:\/\/inkalys.com\/wp-content\/uploads\/2025\/01\/Inkalys-by-GPT9-600x600.jpg 600w, https:\/\/inkalys.com\/wp-content\/uploads\/2025\/01\/Inkalys-by-GPT9-100x100.jpg 100w, https:\/\/inkalys.com\/wp-content\/uploads\/2025\/01\/Inkalys-by-GPT9.jpg 1024w\" sizes=\"(max-width: 300px) 100vw, 300px\" \/>\t\t\t\t\t\t\t\t\t\t\t\t\t\t\t<\/div>\n\t\t\t\t<\/div>\n\t\t\t\t<\/div>\n\t\t<div class=\"elementor-element elementor-element-35d785c e-con-full e-flex e-con e-child\" data-id=\"35d785c\" data-element_type=\"container\" data-e-type=\"container\">\n\t\t\t\t<div class=\"elementor-element elementor-element-8d51c94 elementor-widget elementor-widget-text-editor\" data-id=\"8d51c94\" data-element_type=\"widget\" data-e-type=\"widget\" data-widget_type=\"text-editor.default\">\n\t\t\t\t<div class=\"elementor-widget-container\">\n\t\t\t\t\t\t\t\t\t<p>\u00abThe therapeutic process is about rediscovering one&#8217;s life force.\u00bb\u00a0 \u00a0<\/p><p>&#8211; <span style=\"text-decoration: underline;\">Wilhelm Reich\u00a0<\/span><\/p>\t\t\t\t\t\t\t\t<\/div>\n\t\t\t\t<\/div>\n\t\t\t\t<\/div>\n\t\t\t\t\t<\/div>\n\t\t\t\t<\/div>\n\t\t\t\t<\/div>","protected":false},"excerpt":{"rendered":"<p>\u00abLa medicina no es solo una ciencia; tambi\u00e9n es un arte. No consiste en mezclar p\u00edldoras y emplastos; trata con los propios procesos de la vida, los cuales deben ser comprendidos antes de que puedan ser guiados.\u00bb \u00a0 \u00a0 &#8211; Paracelso Consulta en Salud Alternativa Asesor\u00eda en fitoterapia, nutrici\u00f3n y suplementaci\u00f3n. Enfoque natural para estrategias [&hellip;]<\/p>","protected":false},"author":1,"featured_media":0,"parent":0,"menu_order":0,"comment_status":"closed","ping_status":"closed","template":"","meta":{"_themeisle_gutenberg_block_has_review":false,"_joinchat":[],"footnotes":""},"class_list":["post-1073","page","type-page","status-publish","hentry"],"_links":{"self":[{"href":"https:\/\/inkalys.com\/en\/wp-json\/wp\/v2\/pages\/1073","targetHints":{"allow":["GET"]}}],"collection":[{"href":"https:\/\/inkalys.com\/en\/wp-json\/wp\/v2\/pages"}],"about":[{"href":"https:\/\/inkalys.com\/en\/wp-json\/wp\/v2\/types\/page"}],"author":[{"embeddable":true,"href":"https:\/\/inkalys.com\/en\/wp-json\/wp\/v2\/users\/1"}],"replies":[{"embeddable":true,"href":"https:\/\/inkalys.com\/en\/wp-json\/wp\/v2\/comments?post=1073"}],"version-history":[{"count":108,"href":"https:\/\/inkalys.com\/en\/wp-json\/wp\/v2\/pages\/1073\/revisions"}],"predecessor-version":[{"id":5338,"href":"https:\/\/inkalys.com\/en\/wp-json\/wp\/v2\/pages\/1073\/revisions\/5338"}],"wp:attachment":[{"href":"https:\/\/inkalys.com\/en\/wp-json\/wp\/v2\/media?parent=1073"}],"curies":[{"name":"wp","href":"https:\/\/api.w.org\/{rel}","templated":true}]}}